{"id":6915,"date":"2025-06-30T14:19:30","date_gmt":"2025-06-30T20:19:30","guid":{"rendered":"https:\/\/tahr.mx\/?page_id=6915"},"modified":"2025-08-14T22:28:48","modified_gmt":"2025-08-15T04:28:48","slug":"club-raqueta-bosques-fase-iii-remodelacion-vestidores-damas","status":"publish","type":"page","link":"https:\/\/tahr.mx\/en\/legacy\/club-raqueta-bosques-fase-iii-remodelacion-vestidores-damas\/","title":{"rendered":"Club Raqueta Bosques Phase III (Changing rooms renvoation)"},"content":{"rendered":"<div data-elementor-type=\"wp-page\" data-elementor-id=\"6915\" class=\"elementor elementor-6915\" data-elementor-post-type=\"page\">\n\t\t\t\t\t\t<section class=\"elementor-section elementor-top-section elementor-element elementor-element-29ec704 elementor-section-boxed elementor-section-height-default elementor-section-height-default\" data-id=\"29ec704\" data-element_type=\"section\">\n\t\t\t\t\t\t<div class=\"elementor-container elementor-column-gap-default\">\n\t\t\t\t\t<div class=\"elementor-column elementor-col-100 elementor-top-column elementor-element elementor-element-dca03b0\" data-id=\"dca03b0\" data-element_type=\"column\">\n\t\t\t<div class=\"elementor-widget-wrap elementor-element-populated\">\n\t\t\t\t\t\t<div class=\"elementor-element elementor-element-29e707d elementor-widget elementor-widget-spacer\" data-id=\"29e707d\" data-element_type=\"widget\" data-widget_type=\"spacer.default\">\n\t\t\t\t\t\t\t<div class=\"elementor-spacer\">\n\t\t\t<div class=\"elementor-spacer-inner\"><\/div>\n\t\t<\/div>\n\t\t\t\t\t\t<\/div>\n\t\t\t\t\t<\/div>\n\t\t<\/div>\n\t\t\t\t\t<\/div>\n\t\t<\/section>\n\t\t\t\t<section class=\"elementor-section elementor-top-section elementor-element elementor-element-3af787c elementor-section-boxed elementor-section-height-default elementor-section-height-default\" data-id=\"3af787c\" data-element_type=\"section\">\n\t\t\t\t\t\t<div class=\"elementor-container elementor-column-gap-default\">\n\t\t\t\t\t<div class=\"elementor-column elementor-col-33 elementor-top-column elementor-element elementor-element-f60611e\" data-id=\"f60611e\" data-element_type=\"column\">\n\t\t\t<div class=\"elementor-widget-wrap elementor-element-populated\">\n\t\t\t\t<div class=\"elementor-element elementor-element-04eac99 e-flex e-con-boxed e-con e-parent\" data-id=\"04eac99\" data-element_type=\"container\">\n\t\t\t\t\t<div class=\"e-con-inner\">\n\t\t<div class=\"elementor-element elementor-element-2bbd9fb e-con-full e-flex e-con e-child\" data-id=\"2bbd9fb\" data-element_type=\"container\">\n\t\t\t\t<div class=\"elementor-element elementor-element-cbb395c elementor-widget__width-initial elementor-widget-mobile__width-initial elementor-widget elementor-widget-heading\" data-id=\"cbb395c\" data-element_type=\"widget\" data-widget_type=\"heading.default\">\n\t\t\t\t\t<p class=\"elementor-heading-title elementor-size-default\">Club Raqueta Bosques Phase III (Changing rooms renvoation)<\/p>\t\t\t\t<\/div>\n\t\t\t\t<\/div>\n\t\t\t\t\t<\/div>\n\t\t\t\t<\/div>\n\t\t<div class=\"elementor-element elementor-element-35dfb1a e-flex e-con-boxed e-con e-parent\" data-id=\"35dfb1a\" data-element_type=\"container\">\n\t\t\t\t\t<div class=\"e-con-inner\">\n\t\t<div class=\"elementor-element elementor-element-b9c4648 e-con-full e-flex e-con e-child\" data-id=\"b9c4648\" data-element_type=\"container\">\n\t\t\t\t<div class=\"elementor-element elementor-element-b799aa7 elementor-widget elementor-widget-heading\" data-id=\"b799aa7\" data-element_type=\"widget\" data-widget_type=\"heading.default\">\n\t\t\t\t\t<h2 class=\"elementor-heading-title elementor-size-default\">Project Name<\/h2>\t\t\t\t<\/div>\n\t\t\t\t<\/div>\n\t\t<div class=\"elementor-element elementor-element-6d4204c e-con-full e-flex e-con e-child\" data-id=\"6d4204c\" data-element_type=\"container\">\n\t\t\t\t<div class=\"elementor-element elementor-element-a2bf06f elementor-widget elementor-widget-heading\" data-id=\"a2bf06f\" data-element_type=\"widget\" data-widget_type=\"heading.default\">\n\t\t\t\t\t<h2 class=\"elementor-heading-title elementor-size-default\">Club Raqueta Bosques Phase III (Changing rooms renvoation)<\/h2>\t\t\t\t<\/div>\n\t\t\t\t<\/div>\n\t\t\t\t\t<\/div>\n\t\t\t\t<\/div>\n\t\t<div class=\"elementor-element elementor-element-48f5750 e-flex e-con-boxed e-con e-parent\" data-id=\"48f5750\" data-element_type=\"container\">\n\t\t\t\t\t<div class=\"e-con-inner\">\n\t\t<div class=\"elementor-element elementor-element-0e768fc e-con-full e-flex e-con e-child\" data-id=\"0e768fc\" data-element_type=\"container\">\n\t\t\t\t<div class=\"elementor-element elementor-element-0cb0f09 elementor-widget elementor-widget-heading\" data-id=\"0cb0f09\" data-element_type=\"widget\" data-widget_type=\"heading.default\">\n\t\t\t\t\t<h2 class=\"elementor-heading-title elementor-size-default\">Project Status<\/h2>\t\t\t\t<\/div>\n\t\t\t\t<\/div>\n\t\t<div class=\"elementor-element elementor-element-9cfa0f3 e-con-full e-flex e-con e-child\" data-id=\"9cfa0f3\" data-element_type=\"container\">\n\t\t\t\t<div class=\"elementor-element elementor-element-f1c944c elementor-widget elementor-widget-heading\" data-id=\"f1c944c\" data-element_type=\"widget\" data-widget_type=\"heading.default\">\n\t\t\t\t\t<h2 class=\"elementor-heading-title elementor-size-default\">Built<\/h2>\t\t\t\t<\/div>\n\t\t\t\t<\/div>\n\t\t\t\t\t<\/div>\n\t\t\t\t<\/div>\n\t\t<div class=\"elementor-element elementor-element-eea1810 e-flex e-con-boxed e-con e-parent\" data-id=\"eea1810\" data-element_type=\"container\">\n\t\t\t\t\t<div class=\"e-con-inner\">\n\t\t<div class=\"elementor-element elementor-element-cd7367a e-con-full e-flex e-con e-child\" data-id=\"cd7367a\" data-element_type=\"container\">\n\t\t\t\t<div class=\"elementor-element elementor-element-1a94947 elementor-widget elementor-widget-heading\" data-id=\"1a94947\" data-element_type=\"widget\" data-widget_type=\"heading.default\">\n\t\t\t\t\t<h2 class=\"elementor-heading-title elementor-size-default\">Year<\/h2>\t\t\t\t<\/div>\n\t\t\t\t<\/div>\n\t\t<div class=\"elementor-element elementor-element-89438cb e-con-full e-flex e-con e-child\" data-id=\"89438cb\" data-element_type=\"container\">\n\t\t\t\t<div class=\"elementor-element elementor-element-d61d968 elementor-widget elementor-widget-heading\" data-id=\"d61d968\" data-element_type=\"widget\" data-widget_type=\"heading.default\">\n\t\t\t\t\t<h2 class=\"elementor-heading-title elementor-size-default\">2024<\/h2>\t\t\t\t<\/div>\n\t\t\t\t<\/div>\n\t\t\t\t\t<\/div>\n\t\t\t\t<\/div>\n\t\t<div class=\"elementor-element elementor-element-e05c3f7 e-flex e-con-boxed e-con e-parent\" data-id=\"e05c3f7\" data-element_type=\"container\">\n\t\t\t\t\t<div class=\"e-con-inner\">\n\t\t<div class=\"elementor-element elementor-element-b304c30 e-con-full e-flex e-con e-child\" data-id=\"b304c30\" data-element_type=\"container\">\n\t\t\t\t<div class=\"elementor-element elementor-element-878dcba elementor-widget elementor-widget-heading\" data-id=\"878dcba\" data-element_type=\"widget\" data-widget_type=\"heading.default\">\n\t\t\t\t\t<h2 class=\"elementor-heading-title elementor-size-default\">Location<\/h2>\t\t\t\t<\/div>\n\t\t\t\t<\/div>\n\t\t<div class=\"elementor-element elementor-element-f942359 e-con-full e-flex e-con e-child\" data-id=\"f942359\" data-element_type=\"container\">\n\t\t\t\t<div class=\"elementor-element elementor-element-6310243 elementor-widget elementor-widget-heading\" data-id=\"6310243\" data-element_type=\"widget\" data-widget_type=\"heading.default\">\n\t\t\t\t\t<h2 class=\"elementor-heading-title elementor-size-default\">Mexico City, Mexico <\/h2>\t\t\t\t<\/div>\n\t\t\t\t<\/div>\n\t\t\t\t\t<\/div>\n\t\t\t\t<\/div>\n\t\t<div class=\"elementor-element elementor-element-af877e6 e-flex e-con-boxed e-con e-parent\" data-id=\"af877e6\" data-element_type=\"container\">\n\t\t\t\t\t<div class=\"e-con-inner\">\n\t\t<div class=\"elementor-element elementor-element-ea7c984 e-con-full e-flex e-con e-child\" data-id=\"ea7c984\" data-element_type=\"container\">\n\t\t\t\t<div class=\"elementor-element elementor-element-d247a92 elementor-widget elementor-widget-heading\" data-id=\"d247a92\" data-element_type=\"widget\" data-widget_type=\"heading.default\">\n\t\t\t\t\t<h2 class=\"elementor-heading-title elementor-size-default\">Typology<\/h2>\t\t\t\t<\/div>\n\t\t\t\t<\/div>\n\t\t<div class=\"elementor-element elementor-element-a3e1833 e-con-full e-flex e-con e-child\" data-id=\"a3e1833\" data-element_type=\"container\">\n\t\t\t\t<div class=\"elementor-element elementor-element-8de359f elementor-widget elementor-widget-heading\" data-id=\"8de359f\" data-element_type=\"widget\" data-widget_type=\"heading.default\">\n\t\t\t\t\t<h2 class=\"elementor-heading-title elementor-size-default\">Interiors<\/h2>\t\t\t\t<\/div>\n\t\t\t\t<\/div>\n\t\t\t\t\t<\/div>\n\t\t\t\t<\/div>\n\t\t<div class=\"elementor-element elementor-element-50f238f e-flex e-con-boxed e-con e-parent\" data-id=\"50f238f\" data-element_type=\"container\">\n\t\t\t\t\t<div class=\"e-con-inner\">\n\t\t<div class=\"elementor-element elementor-element-a19bd0f e-con-full e-flex e-con e-child\" data-id=\"a19bd0f\" data-element_type=\"container\">\n\t\t\t\t<div class=\"elementor-element elementor-element-818ae6e elementor-widget elementor-widget-heading\" data-id=\"818ae6e\" data-element_type=\"widget\" data-widget_type=\"heading.default\">\n\t\t\t\t\t<h2 class=\"elementor-heading-title elementor-size-default\">Project by<\/h2>\t\t\t\t<\/div>\n\t\t\t\t<\/div>\n\t\t<div class=\"elementor-element elementor-element-d93c00f e-con-full e-flex e-con e-child\" data-id=\"d93c00f\" data-element_type=\"container\">\n\t\t\t\t<div class=\"elementor-element elementor-element-ab22c76 elementor-widget elementor-widget-heading\" data-id=\"ab22c76\" data-element_type=\"widget\" data-widget_type=\"heading.default\">\n\t\t\t\t\t<h2 class=\"elementor-heading-title elementor-size-default\">TAHR<\/h2>\t\t\t\t<\/div>\n\t\t\t\t<\/div>\n\t\t\t\t\t<\/div>\n\t\t\t\t<\/div>\n\t\t<div class=\"elementor-element elementor-element-0f2998f e-flex e-con-boxed e-con e-parent\" data-id=\"0f2998f\" data-element_type=\"container\">\n\t\t\t\t\t<div class=\"e-con-inner\">\n\t\t<div class=\"elementor-element elementor-element-d63282e e-con-full e-flex e-con e-child\" data-id=\"d63282e\" data-element_type=\"container\">\n\t\t\t\t<div class=\"elementor-element elementor-element-fcbae64 elementor-widget elementor-widget-heading\" data-id=\"fcbae64\" data-element_type=\"widget\" data-widget_type=\"heading.default\">\n\t\t\t\t\t<h2 class=\"elementor-heading-title elementor-size-default\">Constructed Area<\/h2>\t\t\t\t<\/div>\n\t\t\t\t<\/div>\n\t\t<div class=\"elementor-element elementor-element-ecc2478 e-con-full e-flex e-con e-child\" data-id=\"ecc2478\" data-element_type=\"container\">\n\t\t\t\t<div class=\"elementor-element elementor-element-c46277a elementor-widget elementor-widget-heading\" data-id=\"c46277a\" data-element_type=\"widget\" data-widget_type=\"heading.default\">\n\t\t\t\t\t<h2 class=\"elementor-heading-title elementor-size-default\">380m2<\/h2>\t\t\t\t<\/div>\n\t\t\t\t<\/div>\n\t\t\t\t\t<\/div>\n\t\t\t\t<\/div>\n\t\t<div class=\"elementor-element elementor-element-dd8153e e-flex e-con-boxed e-con e-parent\" data-id=\"dd8153e\" data-element_type=\"container\">\n\t\t\t\t\t<div class=\"e-con-inner\">\n\t\t<div class=\"elementor-element elementor-element-16d98a1 e-con-full e-flex e-con e-child\" data-id=\"16d98a1\" data-element_type=\"container\">\n\t\t\t\t<div class=\"elementor-element elementor-element-65230f5 elementor-widget elementor-widget-text-editor\" data-id=\"65230f5\" data-element_type=\"widget\" data-widget_type=\"text-editor.default\">\n\t\t\t\t\t\t\t\t\t<p><strong>Design Brief<\/strong><\/p>\t\t\t\t\t\t\t\t<\/div>\n\t\t\t\t<div class=\"elementor-element elementor-element-f4e8e1c elementor-widget elementor-widget-text-editor\" data-id=\"f4e8e1c\" data-element_type=\"widget\" data-widget_type=\"text-editor.default\">\n\t\t\t\t\t\t\t\t\t<p>The renovation of the club\u2019s locker rooms is based on a spatial reorganization focused on functionality and user experience. The project places the spa area as the central axis of the program, efficiently distributing the showers, restrooms, sauna, and steam room in direct connection with the lockers. This layout promotes clear circulation paths and a seamless transition between wet and dry zones. The lighting design incorporates stretched backlit Barrisol panels arranged in dome-like forms that evoke natural light entries, softening the atmosphere and enhancing visual spaciousness. In terms of materials, a warm and understated palette was selected, where natural wood and marble serve as the main elements, reinforcing the residential and welcoming identity of the space. The intervention not only improves the functional and aesthetic conditions but also redefines the user experience from a sensory perspective, proposing an environment that invites stillness, comfort, and well-being.<\/p>\t\t\t\t\t\t\t\t<\/div>\n\t\t\t\t<\/div>\n\t\t\t\t\t<\/div>\n\t\t\t\t<\/div>\n\t\t\t\t<div class=\"elementor-element elementor-element-bb87202 elementor-widget elementor-widget-spacer\" data-id=\"bb87202\" data-element_type=\"widget\" data-widget_type=\"spacer.default\">\n\t\t\t\t\t\t\t<div class=\"elementor-spacer\">\n\t\t\t<div class=\"elementor-spacer-inner\"><\/div>\n\t\t<\/div>\n\t\t\t\t\t\t<\/div>\n\t\t<div class=\"elementor-element elementor-element-00ab70e e-flex e-con-boxed e-con e-parent\" data-id=\"00ab70e\" data-element_type=\"container\">\n\t\t\t\t\t<div class=\"e-con-inner\">\n\t\t<div class=\"elementor-element elementor-element-c46c64f e-con-full e-flex e-con e-child\" data-id=\"c46c64f\" data-element_type=\"container\">\n\t\t\t\t<div class=\"elementor-element elementor-element-180ecdb elementor-widget elementor-widget-heading\" data-id=\"180ecdb\" data-element_type=\"widget\" data-widget_type=\"heading.default\">\n\t\t\t\t\t<h2 class=\"elementor-heading-title elementor-size-default\">Photographer<\/h2>\t\t\t\t<\/div>\n\t\t\t\t<\/div>\n\t\t<div class=\"elementor-element elementor-element-9b9a908 e-con-full e-flex e-con e-child\" data-id=\"9b9a908\" data-element_type=\"container\">\n\t\t\t\t<div class=\"elementor-element elementor-element-b37e146 elementor-widget elementor-widget-heading\" data-id=\"b37e146\" data-element_type=\"widget\" data-widget_type=\"heading.default\">\n\t\t\t\t\t<h2 class=\"elementor-heading-title elementor-size-default\">Mauricio Salas<\/h2>\t\t\t\t<\/div>\n\t\t\t\t<\/div>\n\t\t\t\t\t<\/div>\n\t\t\t\t<\/div>\n\t\t<div class=\"elementor-element elementor-element-82a2215 e-flex e-con-boxed e-con e-parent\" data-id=\"82a2215\" data-element_type=\"container\">\n\t\t\t\t\t<div class=\"e-con-inner\">\n\t\t<div class=\"elementor-element elementor-element-0a372e7 e-con-full e-flex e-con e-child\" data-id=\"0a372e7\" data-element_type=\"container\">\n\t\t\t\t<div class=\"elementor-element elementor-element-8035461 elementor-widget elementor-widget-heading\" data-id=\"8035461\" data-element_type=\"widget\" data-widget_type=\"heading.default\">\n\t\t\t\t\t<h2 class=\"elementor-heading-title elementor-size-default\">Credits<\/h2>\t\t\t\t<\/div>\n\t\t\t\t<\/div>\n\t\t<div class=\"elementor-element elementor-element-c26c1a9 e-con-full e-flex e-con e-child\" data-id=\"c26c1a9\" data-element_type=\"container\">\n\t\t\t\t<div class=\"elementor-element elementor-element-c40ea30 elementor-widget elementor-widget-heading\" data-id=\"c40ea30\" data-element_type=\"widget\" data-widget_type=\"heading.default\">\n\t\t\t\t\t<h2 class=\"elementor-heading-title elementor-size-default\">Pablo Blasco, Jes\u00fas Fernandez, Sof\u00eda Bezaury, H\u00e9ctor de la Pa\u00f1a y Alejandra Ezkauriatza<\/h2>\t\t\t\t<\/div>\n\t\t\t\t<\/div>\n\t\t\t\t\t<\/div>\n\t\t\t\t<\/div>\n\t\t\t\t\t<\/div>\n\t\t<\/div>\n\t\t\t\t<div class=\"elementor-column elementor-col-33 elementor-top-column elementor-element elementor-element-ad2f85c\" data-id=\"ad2f85c\" data-element_type=\"column\">\n\t\t\t<div class=\"elementor-widget-wrap\">\n\t\t\t\t\t\t\t<\/div>\n\t\t<\/div>\n\t\t\t\t<div class=\"elementor-column elementor-col-33 elementor-top-column elementor-element elementor-element-9fad995\" data-id=\"9fad995\" data-element_type=\"column\">\n\t\t\t<div class=\"elementor-widget-wrap elementor-element-populated\">\n\t\t\t\t\t\t<div class=\"elementor-element elementor-element-10ac073 elementor-widget elementor-widget-image\" data-id=\"10ac073\" data-element_type=\"widget\" data-widget_type=\"image.default\">\n\t\t\t\t\t\t\t\t\t\t\t\t\t\t\t<img fetchpriority=\"high\" decoding=\"async\" width=\"2560\" height=\"1707\" src=\"https:\/\/tahr.mx\/wp-content\/uploads\/2025\/06\/Foto-principal-1-scaled.jpg\" class=\"attachment-full size-full wp-image-6822\" alt=\"TAHR_Interiors_Club_de_Raquetas_Bosques_Fase_3_01.\" srcset=\"https:\/\/tahr.mx\/wp-content\/uploads\/2025\/06\/Foto-principal-1-scaled.jpg 2560w, https:\/\/tahr.mx\/wp-content\/uploads\/2025\/06\/Foto-principal-1-300x200.jpg 300w, https:\/\/tahr.mx\/wp-content\/uploads\/2025\/06\/Foto-principal-1-1024x683.jpg 1024w, https:\/\/tahr.mx\/wp-content\/uploads\/2025\/06\/Foto-principal-1-768x512.jpg 768w, https:\/\/tahr.mx\/wp-content\/uploads\/2025\/06\/Foto-principal-1-1536x1024.jpg 1536w, https:\/\/tahr.mx\/wp-content\/uploads\/2025\/06\/Foto-principal-1-2048x1366.jpg 2048w, https:\/\/tahr.mx\/wp-content\/uploads\/2025\/06\/Foto-principal-1-18x12.jpg 18w\" sizes=\"(max-width: 2560px) 100vw, 2560px\" \/>\t\t\t\t\t\t\t\t\t\t\t\t\t\t\t<\/div>\n\t\t\t\t\t<\/div>\n\t\t<\/div>\n\t\t\t\t\t<\/div>\n\t\t<\/section>\n\t\t\t\t<section class=\"elementor-section elementor-top-section elementor-element elementor-element-5e9061e elementor-section-boxed elementor-section-height-default elementor-section-height-default\" data-id=\"5e9061e\" data-element_type=\"section\">\n\t\t\t\t\t\t<div class=\"elementor-container elementor-column-gap-default\">\n\t\t\t\t\t<div class=\"elementor-column elementor-col-100 elementor-top-column elementor-element elementor-element-5ce54d5\" data-id=\"5ce54d5\" data-element_type=\"column\">\n\t\t\t<div class=\"elementor-widget-wrap elementor-element-populated\">\n\t\t\t\t\t\t<div class=\"elementor-element elementor-element-9d00610 elementor-arrows-position-outside elementor--h-position-center elementor--v-position-middle elementor-widget elementor-widget-slides\" data-id=\"9d00610\" data-element_type=\"widget\" data-settings=\"{&quot;navigation&quot;:&quot;arrows&quot;,&quot;infinite&quot;:&quot;yes&quot;,&quot;transition&quot;:&quot;slide&quot;,&quot;transition_speed&quot;:500}\" data-widget_type=\"slides.default\">\n\t\t\t\t\t\t\t\t\t\t<div class=\"elementor-slides-wrapper elementor-main-swiper swiper\" role=\"region\" aria-roledescription=\"carousel\" aria-label=\"Slides\" dir=\"ltr\" data-animation=\"\">\n\t\t\t\t<div class=\"swiper-wrapper elementor-slides\">\n\t\t\t\t\t\t\t\t\t\t<div class=\"elementor-repeater-item-055c56e swiper-slide\" role=\"group\" aria-roledescription=\"slide\"><div class=\"swiper-slide-bg\" role=\"img\"><\/div><div class=\"swiper-slide-inner\" ><div class=\"swiper-slide-contents\"><\/div><\/div><\/div><div class=\"elementor-repeater-item-eeb55c5 swiper-slide\" role=\"group\" aria-roledescription=\"slide\"><div class=\"swiper-slide-bg\" role=\"img\"><\/div><div class=\"swiper-slide-inner\" ><div class=\"swiper-slide-contents\"><\/div><\/div><\/div><div class=\"elementor-repeater-item-164af42 swiper-slide\" role=\"group\" aria-roledescription=\"slide\"><div class=\"swiper-slide-bg\" role=\"img\"><\/div><div class=\"swiper-slide-inner\" ><div class=\"swiper-slide-contents\"><\/div><\/div><\/div><div class=\"elementor-repeater-item-9f65b7d swiper-slide\" role=\"group\" aria-roledescription=\"slide\"><div class=\"swiper-slide-bg\" role=\"img\"><\/div><div class=\"swiper-slide-inner\" ><div class=\"swiper-slide-contents\"><\/div><\/div><\/div><div class=\"elementor-repeater-item-87861ab swiper-slide\" role=\"group\" aria-roledescription=\"slide\"><div class=\"swiper-slide-bg\" role=\"img\"><\/div><div class=\"swiper-slide-inner\" ><div class=\"swiper-slide-contents\"><\/div><\/div><\/div><div class=\"elementor-repeater-item-dbe12c4 swiper-slide\" role=\"group\" aria-roledescription=\"slide\"><div class=\"swiper-slide-bg\" role=\"img\"><\/div><div class=\"swiper-slide-inner\" ><div class=\"swiper-slide-contents\"><\/div><\/div><\/div><div class=\"elementor-repeater-item-f6774f6 swiper-slide\" role=\"group\" aria-roledescription=\"slide\"><div class=\"swiper-slide-bg\" role=\"img\"><\/div><div class=\"swiper-slide-inner\" ><div class=\"swiper-slide-contents\"><\/div><\/div><\/div>\t\t\t\t<\/div>\n\t\t\t\t\t\t\t\t\t\t\t\t\t\t\t<div class=\"elementor-swiper-button elementor-swiper-button-prev\" role=\"button\" tabindex=\"0\" aria-label=\"Previous slide\">\n\t\t\t\t\t\t\t<svg aria-hidden=\"true\" class=\"e-font-icon-svg e-eicon-chevron-left\" viewbox=\"0 0 1000 1000\" xmlns=\"http:\/\/www.w3.org\/2000\/svg\"><path d=\"M646 125C629 125 613 133 604 142L308 442C296 454 292 471 292 487 292 504 296 521 308 533L604 854C617 867 629 875 646 875 663 875 679 871 692 858 704 846 713 829 713 812 713 796 708 779 692 767L438 487 692 225C700 217 708 204 708 187 708 171 704 154 692 142 675 129 663 125 646 125Z\"><\/path><\/svg>\t\t\t\t\t\t<\/div>\n\t\t\t\t\t\t<div class=\"elementor-swiper-button elementor-swiper-button-next\" role=\"button\" tabindex=\"0\" aria-label=\"Next slide\">\n\t\t\t\t\t\t\t<svg aria-hidden=\"true\" class=\"e-font-icon-svg e-eicon-chevron-right\" viewbox=\"0 0 1000 1000\" xmlns=\"http:\/\/www.w3.org\/2000\/svg\"><path d=\"M696 533C708 521 713 504 713 487 713 471 708 454 696 446L400 146C388 133 375 125 354 125 338 125 325 129 313 142 300 154 292 171 292 187 292 204 296 221 308 233L563 492 304 771C292 783 288 800 288 817 288 833 296 850 308 863 321 871 338 875 354 875 371 875 388 867 400 854L696 533Z\"><\/path><\/svg>\t\t\t\t\t\t<\/div>\n\t\t\t\t\t\t\t\t\t\t\t\t\t\t\t\t\t<\/div>\n\t\t\t\t\t\t\t\t<\/div>\n\t\t\t\t\t<\/div>\n\t\t<\/div>\n\t\t\t\t\t<\/div>\n\t\t<\/section>\n\t\t\t\t<section class=\"elementor-section elementor-top-section elementor-element elementor-element-30681bd elementor-section-boxed elementor-section-height-default elementor-section-height-default\" data-id=\"30681bd\" data-element_type=\"section\">\n\t\t\t\t\t\t<div class=\"elementor-container elementor-column-gap-default\">\n\t\t\t\t\t<div class=\"elementor-column elementor-col-100 elementor-top-column elementor-element elementor-element-238f736\" data-id=\"238f736\" data-element_type=\"column\">\n\t\t\t<div class=\"elementor-widget-wrap elementor-element-populated\">\n\t\t\t\t\t\t<div class=\"elementor-element elementor-element-7f97122 elementor-widget elementor-widget-spacer\" data-id=\"7f97122\" data-element_type=\"widget\" data-widget_type=\"spacer.default\">\n\t\t\t\t\t\t\t<div class=\"elementor-spacer\">\n\t\t\t<div class=\"elementor-spacer-inner\"><\/div>\n\t\t<\/div>\n\t\t\t\t\t\t<\/div>\n\t\t\t\t\t<\/div>\n\t\t<\/div>\n\t\t\t\t\t<\/div>\n\t\t<\/section>\n\t\t\t\t<section class=\"elementor-section elementor-top-section elementor-element elementor-element-ae61c32 elementor-section-boxed elementor-section-height-default elementor-section-height-default\" data-id=\"ae61c32\" data-element_type=\"section\">\n\t\t\t\t\t\t<div class=\"elementor-container elementor-column-gap-default\">\n\t\t\t\t\t<div class=\"elementor-column elementor-col-100 elementor-top-column elementor-element elementor-element-23a2f34\" data-id=\"23a2f34\" data-element_type=\"column\">\n\t\t\t<div class=\"elementor-widget-wrap elementor-element-populated\">\n\t\t\t\t\t\t<div class=\"elementor-element elementor-element-f463ede elementor-widget elementor-widget-spacer\" data-id=\"f463ede\" data-element_type=\"widget\" data-widget_type=\"spacer.default\">\n\t\t\t\t\t\t\t<div class=\"elementor-spacer\">\n\t\t\t<div class=\"elementor-spacer-inner\"><\/div>\n\t\t<\/div>\n\t\t\t\t\t\t<\/div>\n\t\t\t\t<div class=\"elementor-element elementor-element-60bcc10 elementor-widget-tablet__width-initial elementor-widget elementor-widget-heading\" data-id=\"60bcc10\" data-element_type=\"widget\" data-widget_type=\"heading.default\">\n\t\t\t\t\t<h2 class=\"elementor-heading-title elementor-size-default\"><a href=\"https:\/\/tahr.mx\/en\/work\/\">WORK<\/a><\/h2>\t\t\t\t<\/div>\n\t\t\t\t\t<\/div>\n\t\t<\/div>\n\t\t\t\t\t<\/div>\n\t\t<\/section>\n\t\t\t\t<\/div>","protected":false},"excerpt":{"rendered":"<p>Club Raqueta Bosques Fase III, Remodelaci\u00f3n vestidores damas Nombre de Proyecto Club Raqueta Bosques Fase III, Remodelaci\u00f3n vestidores damas Estatus del Proyecto Construido A\u00f1o 2024 Ubicaci\u00f3n Ciudad de M\u00e9xico, M\u00e9xico Tipolog\u00eda Remodelaci\u00f3n interiores Proyecto por TAHR \u00c1rea Construida 380m2 Descripci\u00f3n La remodelaci\u00f3n de los vestidores del club parte de una reorganizaci\u00f3n espacial centrada en la [&hellip;]<\/p>","protected":false},"author":4,"featured_media":0,"parent":5920,"menu_order":0,"comment_status":"closed","ping_status":"closed","template":"","meta":{"footnotes":""},"class_list":["post-6915","page","type-page","status-publish","hentry"],"_links":{"self":[{"href":"https:\/\/tahr.mx\/en\/wp-json\/wp\/v2\/pages\/6915","targetHints":{"allow":["GET"]}}],"collection":[{"href":"https:\/\/tahr.mx\/en\/wp-json\/wp\/v2\/pages"}],"about":[{"href":"https:\/\/tahr.mx\/en\/wp-json\/wp\/v2\/types\/page"}],"author":[{"embeddable":true,"href":"https:\/\/tahr.mx\/en\/wp-json\/wp\/v2\/users\/4"}],"replies":[{"embeddable":true,"href":"https:\/\/tahr.mx\/en\/wp-json\/wp\/v2\/comments?post=6915"}],"version-history":[{"count":45,"href":"https:\/\/tahr.mx\/en\/wp-json\/wp\/v2\/pages\/6915\/revisions"}],"predecessor-version":[{"id":9193,"href":"https:\/\/tahr.mx\/en\/wp-json\/wp\/v2\/pages\/6915\/revisions\/9193"}],"up":[{"embeddable":true,"href":"https:\/\/tahr.mx\/en\/wp-json\/wp\/v2\/pages\/5920"}],"wp:attachment":[{"href":"https:\/\/tahr.mx\/en\/wp-json\/wp\/v2\/media?parent=6915"}],"curies":[{"name":"wp","href":"https:\/\/api.w.org\/{rel}","templated":true}]}}