{"id":3532,"date":"2023-12-11T14:49:47","date_gmt":"2023-12-11T20:49:47","guid":{"rendered":"https:\/\/tahr.mx\/?page_id=3532"},"modified":"2025-08-14T22:47:50","modified_gmt":"2025-08-15T04:47:50","slug":"centro-de-cultura-ambiental","status":"publish","type":"page","link":"https:\/\/tahr.mx\/en\/centro-de-cultura-ambiental\/","title":{"rendered":"Centro de Cultura Ambiental"},"content":{"rendered":"<div data-elementor-type=\"wp-page\" data-elementor-id=\"3532\" class=\"elementor elementor-3532\" data-elementor-post-type=\"page\">\n\t\t\t\t\t\t<section class=\"elementor-section elementor-top-section elementor-element elementor-element-29ec704 elementor-section-boxed elementor-section-height-default elementor-section-height-default\" data-id=\"29ec704\" data-element_type=\"section\">\n\t\t\t\t\t\t<div class=\"elementor-container elementor-column-gap-default\">\n\t\t\t\t\t<div class=\"elementor-column elementor-col-100 elementor-top-column elementor-element elementor-element-dca03b0\" data-id=\"dca03b0\" data-element_type=\"column\">\n\t\t\t<div class=\"elementor-widget-wrap elementor-element-populated\">\n\t\t\t\t\t\t<div class=\"elementor-element elementor-element-29e707d elementor-widget elementor-widget-spacer\" data-id=\"29e707d\" data-element_type=\"widget\" data-widget_type=\"spacer.default\">\n\t\t\t\t\t\t\t<div class=\"elementor-spacer\">\n\t\t\t<div class=\"elementor-spacer-inner\"><\/div>\n\t\t<\/div>\n\t\t\t\t\t\t<\/div>\n\t\t\t\t\t<\/div>\n\t\t<\/div>\n\t\t\t\t\t<\/div>\n\t\t<\/section>\n\t\t\t\t<section class=\"elementor-section elementor-top-section elementor-element elementor-element-ccee6bc elementor-section-boxed elementor-section-height-default elementor-section-height-default\" data-id=\"ccee6bc\" data-element_type=\"section\">\n\t\t\t\t\t\t<div class=\"elementor-container elementor-column-gap-default\">\n\t\t\t\t\t<div class=\"elementor-column elementor-col-33 elementor-top-column elementor-element elementor-element-2112f4f\" data-id=\"2112f4f\" data-element_type=\"column\">\n\t\t\t<div class=\"elementor-widget-wrap elementor-element-populated\">\n\t\t\t\t<div class=\"elementor-element elementor-element-64971b1 e-flex e-con-boxed e-con e-parent\" data-id=\"64971b1\" data-element_type=\"container\">\n\t\t\t\t\t<div class=\"e-con-inner\">\n\t\t<div class=\"elementor-element elementor-element-ac8e73d e-con-full e-flex e-con e-child\" data-id=\"ac8e73d\" data-element_type=\"container\">\n\t\t\t\t<div class=\"elementor-element elementor-element-71cff77 elementor-widget__width-initial elementor-widget-mobile__width-initial elementor-widget elementor-widget-heading\" data-id=\"71cff77\" data-element_type=\"widget\" data-widget_type=\"heading.default\">\n\t\t\t\t\t<p class=\"elementor-heading-title elementor-size-default\">Centro de Cultura Ambiental<\/p>\t\t\t\t<\/div>\n\t\t\t\t<\/div>\n\t\t\t\t\t<\/div>\n\t\t\t\t<\/div>\n\t\t<div class=\"elementor-element elementor-element-b92f56c e-flex e-con-boxed e-con e-parent\" data-id=\"b92f56c\" data-element_type=\"container\">\n\t\t\t\t\t<div class=\"e-con-inner\">\n\t\t<div class=\"elementor-element elementor-element-5d60112 e-con-full e-flex e-con e-child\" data-id=\"5d60112\" data-element_type=\"container\">\n\t\t\t\t<div class=\"elementor-element elementor-element-716b2b2 elementor-widget elementor-widget-heading\" data-id=\"716b2b2\" data-element_type=\"widget\" data-widget_type=\"heading.default\">\n\t\t\t\t\t<h2 class=\"elementor-heading-title elementor-size-default\">Project Name<\/h2>\t\t\t\t<\/div>\n\t\t\t\t<\/div>\n\t\t<div class=\"elementor-element elementor-element-99c0456 e-con-full e-flex e-con e-child\" data-id=\"99c0456\" data-element_type=\"container\">\n\t\t\t\t<div class=\"elementor-element elementor-element-265da99 elementor-widget elementor-widget-heading\" data-id=\"265da99\" data-element_type=\"widget\" data-widget_type=\"heading.default\">\n\t\t\t\t\t<h2 class=\"elementor-heading-title elementor-size-default\">Centro de Cultura Ambiental<\/h2>\t\t\t\t<\/div>\n\t\t\t\t<\/div>\n\t\t\t\t\t<\/div>\n\t\t\t\t<\/div>\n\t\t<div class=\"elementor-element elementor-element-f61f909 e-flex e-con-boxed e-con e-parent\" data-id=\"f61f909\" data-element_type=\"container\">\n\t\t\t\t\t<div class=\"e-con-inner\">\n\t\t<div class=\"elementor-element elementor-element-1e67779 e-con-full e-flex e-con e-child\" data-id=\"1e67779\" data-element_type=\"container\">\n\t\t\t\t<div class=\"elementor-element elementor-element-0e2435c elementor-widget elementor-widget-heading\" data-id=\"0e2435c\" data-element_type=\"widget\" data-widget_type=\"heading.default\">\n\t\t\t\t\t<h2 class=\"elementor-heading-title elementor-size-default\">Project Status<\/h2>\t\t\t\t<\/div>\n\t\t\t\t<\/div>\n\t\t<div class=\"elementor-element elementor-element-1514500 e-con-full e-flex e-con e-child\" data-id=\"1514500\" data-element_type=\"container\">\n\t\t\t\t<div class=\"elementor-element elementor-element-1aca880 elementor-widget elementor-widget-heading\" data-id=\"1aca880\" data-element_type=\"widget\" data-widget_type=\"heading.default\">\n\t\t\t\t\t<h2 class=\"elementor-heading-title elementor-size-default\">Competition<\/h2>\t\t\t\t<\/div>\n\t\t\t\t<\/div>\n\t\t\t\t\t<\/div>\n\t\t\t\t<\/div>\n\t\t<div class=\"elementor-element elementor-element-7f074ce e-flex e-con-boxed e-con e-parent\" data-id=\"7f074ce\" data-element_type=\"container\">\n\t\t\t\t\t<div class=\"e-con-inner\">\n\t\t<div class=\"elementor-element elementor-element-653cea0 e-con-full e-flex e-con e-child\" data-id=\"653cea0\" data-element_type=\"container\">\n\t\t\t\t<div class=\"elementor-element elementor-element-5cef408 elementor-widget elementor-widget-heading\" data-id=\"5cef408\" data-element_type=\"widget\" data-widget_type=\"heading.default\">\n\t\t\t\t\t<h2 class=\"elementor-heading-title elementor-size-default\">Year<\/h2>\t\t\t\t<\/div>\n\t\t\t\t<\/div>\n\t\t<div class=\"elementor-element elementor-element-e4c275b e-con-full e-flex e-con e-child\" data-id=\"e4c275b\" data-element_type=\"container\">\n\t\t\t\t<div class=\"elementor-element elementor-element-3eb5090 elementor-widget elementor-widget-heading\" data-id=\"3eb5090\" data-element_type=\"widget\" data-widget_type=\"heading.default\">\n\t\t\t\t\t<h2 class=\"elementor-heading-title elementor-size-default\">2020<\/h2>\t\t\t\t<\/div>\n\t\t\t\t<\/div>\n\t\t\t\t\t<\/div>\n\t\t\t\t<\/div>\n\t\t<div class=\"elementor-element elementor-element-033cf3b e-flex e-con-boxed e-con e-parent\" data-id=\"033cf3b\" data-element_type=\"container\">\n\t\t\t\t\t<div class=\"e-con-inner\">\n\t\t<div class=\"elementor-element elementor-element-5a62e6c e-con-full e-flex e-con e-child\" data-id=\"5a62e6c\" data-element_type=\"container\">\n\t\t\t\t<div class=\"elementor-element elementor-element-0d8474a elementor-widget elementor-widget-heading\" data-id=\"0d8474a\" data-element_type=\"widget\" data-widget_type=\"heading.default\">\n\t\t\t\t\t<h2 class=\"elementor-heading-title elementor-size-default\">Location<\/h2>\t\t\t\t<\/div>\n\t\t\t\t<\/div>\n\t\t<div class=\"elementor-element elementor-element-f125dd4 e-con-full e-flex e-con e-child\" data-id=\"f125dd4\" data-element_type=\"container\">\n\t\t\t\t<div class=\"elementor-element elementor-element-2579a7b elementor-widget elementor-widget-heading\" data-id=\"2579a7b\" data-element_type=\"widget\" data-widget_type=\"heading.default\">\n\t\t\t\t\t<h2 class=\"elementor-heading-title elementor-size-default\">Chapultepec Park, Mexico City<\/h2>\t\t\t\t<\/div>\n\t\t\t\t<\/div>\n\t\t\t\t\t<\/div>\n\t\t\t\t<\/div>\n\t\t<div class=\"elementor-element elementor-element-9fae469 e-flex e-con-boxed e-con e-parent\" data-id=\"9fae469\" data-element_type=\"container\">\n\t\t\t\t\t<div class=\"e-con-inner\">\n\t\t<div class=\"elementor-element elementor-element-d17648d e-con-full e-flex e-con e-child\" data-id=\"d17648d\" data-element_type=\"container\">\n\t\t\t\t<div class=\"elementor-element elementor-element-2ac304c elementor-widget elementor-widget-heading\" data-id=\"2ac304c\" data-element_type=\"widget\" data-widget_type=\"heading.default\">\n\t\t\t\t\t<h2 class=\"elementor-heading-title elementor-size-default\">Typology<\/h2>\t\t\t\t<\/div>\n\t\t\t\t<\/div>\n\t\t<div class=\"elementor-element elementor-element-0cd73be e-con-full e-flex e-con e-child\" data-id=\"0cd73be\" data-element_type=\"container\">\n\t\t\t\t<div class=\"elementor-element elementor-element-8d82a75 elementor-widget elementor-widget-heading\" data-id=\"8d82a75\" data-element_type=\"widget\" data-widget_type=\"heading.default\">\n\t\t\t\t\t<h2 class=\"elementor-heading-title elementor-size-default\">Cultural<\/h2>\t\t\t\t<\/div>\n\t\t\t\t<\/div>\n\t\t\t\t\t<\/div>\n\t\t\t\t<\/div>\n\t\t<div class=\"elementor-element elementor-element-4c50059 e-flex e-con-boxed e-con e-parent\" data-id=\"4c50059\" data-element_type=\"container\">\n\t\t\t\t\t<div class=\"e-con-inner\">\n\t\t<div class=\"elementor-element elementor-element-00e41d8 e-con-full e-flex e-con e-child\" data-id=\"00e41d8\" data-element_type=\"container\">\n\t\t\t\t<div class=\"elementor-element elementor-element-f21eab7 elementor-widget elementor-widget-heading\" data-id=\"f21eab7\" data-element_type=\"widget\" data-widget_type=\"heading.default\">\n\t\t\t\t\t<h2 class=\"elementor-heading-title elementor-size-default\">Project by<\/h2>\t\t\t\t<\/div>\n\t\t\t\t<\/div>\n\t\t<div class=\"elementor-element elementor-element-129e354 e-con-full e-flex e-con e-child\" data-id=\"129e354\" data-element_type=\"container\">\n\t\t\t\t<div class=\"elementor-element elementor-element-88c9e79 elementor-widget elementor-widget-heading\" data-id=\"88c9e79\" data-element_type=\"widget\" data-widget_type=\"heading.default\">\n\t\t\t\t\t<h2 class=\"elementor-heading-title elementor-size-default\">BulAu<\/h2>\t\t\t\t<\/div>\n\t\t\t\t<\/div>\n\t\t\t\t\t<\/div>\n\t\t\t\t<\/div>\n\t\t<div class=\"elementor-element elementor-element-000f2f3 e-flex e-con-boxed e-con e-parent\" data-id=\"000f2f3\" data-element_type=\"container\">\n\t\t\t\t\t<div class=\"e-con-inner\">\n\t\t<div class=\"elementor-element elementor-element-4b24a98 e-con-full e-flex e-con e-child\" data-id=\"4b24a98\" data-element_type=\"container\">\n\t\t\t\t<div class=\"elementor-element elementor-element-15622eb elementor-widget elementor-widget-heading\" data-id=\"15622eb\" data-element_type=\"widget\" data-widget_type=\"heading.default\">\n\t\t\t\t\t<h2 class=\"elementor-heading-title elementor-size-default\">Constructed Area<\/h2>\t\t\t\t<\/div>\n\t\t\t\t<\/div>\n\t\t<div class=\"elementor-element elementor-element-703cc25 e-con-full e-flex e-con e-child\" data-id=\"703cc25\" data-element_type=\"container\">\n\t\t\t\t<div class=\"elementor-element elementor-element-ed40751 elementor-widget elementor-widget-heading\" data-id=\"ed40751\" data-element_type=\"widget\" data-widget_type=\"heading.default\">\n\t\t\t\t\t<h2 class=\"elementor-heading-title elementor-size-default\">2,500 m2<\/h2>\t\t\t\t<\/div>\n\t\t\t\t<\/div>\n\t\t\t\t\t<\/div>\n\t\t\t\t<\/div>\n\t\t<div class=\"elementor-element elementor-element-9568041 e-flex e-con-boxed e-con e-parent\" data-id=\"9568041\" data-element_type=\"container\">\n\t\t\t\t\t<div class=\"e-con-inner\">\n\t\t<div class=\"elementor-element elementor-element-c1e3577 e-con-full e-flex e-con e-child\" data-id=\"c1e3577\" data-element_type=\"container\">\n\t\t\t\t<div class=\"elementor-element elementor-element-aa64b1f elementor-widget elementor-widget-text-editor\" data-id=\"aa64b1f\" data-element_type=\"widget\" data-widget_type=\"text-editor.default\">\n\t\t\t\t\t\t\t\t\t<p><strong>Design Brief<\/strong><\/p>\t\t\t\t\t\t\t\t<\/div>\n\t\t\t\t<div class=\"elementor-element elementor-element-744cce3 elementor-widget elementor-widget-text-editor\" data-id=\"744cce3\" data-element_type=\"widget\" data-widget_type=\"text-editor.default\">\n\t\t\t\t\t\t\t\t\t<p>The proposal is rooted in environmentally conscious design, informed by the history, conditions, and values of the Chapultepec Forest, acknowledging its environmental, social, and cultural significance at both metropolitan and international scales. Inspired by the pre-Hispanic worldview, the design draws on the symbolism of the circle (yahualtin), expressed through an architectural volume composed of two 2,000 m\u00b2 semicircles. These forms emerge from the landscape in a gesture of continuous motion, integrating organically into their surroundings.\n\nThe building\u2019s entrances are oriented 15\u00b028' eastward, evoking the ceremonial axes of ancient Mesoamerican civilizations. The ecological regeneration strategy includes a reforestation program featuring native and soil-replenishing species, aiming to restore eroded areas and revitalize the forest\u2019s ecological integrity.\n\nEchoing the sensory gardens of Moctezuma, the design incorporates tactile, aromatic, and colorful plots with plants such as cempoax\u00fachitl (marigold), sage, and rue, all associated with traditional medicine. Grasses and groundcovers reinterpret ancestral elements while supporting biodiversity, strengthening the connection between nature and culture.<\/p>\t\t\t\t\t\t\t\t<\/div>\n\t\t\t\t<\/div>\n\t\t\t\t\t<\/div>\n\t\t\t\t<\/div>\n\t\t\t\t<div class=\"elementor-element elementor-element-eba22e6 elementor-widget elementor-widget-spacer\" data-id=\"eba22e6\" data-element_type=\"widget\" data-widget_type=\"spacer.default\">\n\t\t\t\t\t\t\t<div class=\"elementor-spacer\">\n\t\t\t<div class=\"elementor-spacer-inner\"><\/div>\n\t\t<\/div>\n\t\t\t\t\t\t<\/div>\n\t\t<div class=\"elementor-element elementor-element-6e15afe e-flex e-con-boxed e-con e-parent\" data-id=\"6e15afe\" data-element_type=\"container\">\n\t\t\t\t\t<div class=\"e-con-inner\">\n\t\t<div class=\"elementor-element elementor-element-a25b5a4 e-con-full e-flex e-con e-child\" data-id=\"a25b5a4\" data-element_type=\"container\">\n\t\t\t\t<div class=\"elementor-element elementor-element-7987c96 elementor-widget elementor-widget-heading\" data-id=\"7987c96\" data-element_type=\"widget\" data-widget_type=\"heading.default\">\n\t\t\t\t\t<h2 class=\"elementor-heading-title elementor-size-default\">Client<\/h2>\t\t\t\t<\/div>\n\t\t\t\t<\/div>\n\t\t<div class=\"elementor-element elementor-element-4a72312 e-con-full e-flex e-con e-child\" data-id=\"4a72312\" data-element_type=\"container\">\n\t\t\t\t<div class=\"elementor-element elementor-element-7a4a5a9 elementor-widget elementor-widget-heading\" data-id=\"7a4a5a9\" data-element_type=\"widget\" data-widget_type=\"heading.default\">\n\t\t\t\t\t<h2 class=\"elementor-heading-title elementor-size-default\">Mexico City's Government<\/h2>\t\t\t\t<\/div>\n\t\t\t\t<\/div>\n\t\t\t\t\t<\/div>\n\t\t\t\t<\/div>\n\t\t<div class=\"elementor-element elementor-element-7315e08 e-flex e-con-boxed e-con e-parent\" data-id=\"7315e08\" data-element_type=\"container\">\n\t\t\t\t\t<div class=\"e-con-inner\">\n\t\t<div class=\"elementor-element elementor-element-966d033 e-con-full e-flex e-con e-child\" data-id=\"966d033\" data-element_type=\"container\">\n\t\t\t\t<div class=\"elementor-element elementor-element-2d9d579 elementor-widget elementor-widget-heading\" data-id=\"2d9d579\" data-element_type=\"widget\" data-widget_type=\"heading.default\">\n\t\t\t\t\t<h2 class=\"elementor-heading-title elementor-size-default\">Renders<\/h2>\t\t\t\t<\/div>\n\t\t\t\t<\/div>\n\t\t<div class=\"elementor-element elementor-element-61150fb e-con-full e-flex e-con e-child\" data-id=\"61150fb\" data-element_type=\"container\">\n\t\t\t\t<div class=\"elementor-element elementor-element-a80641c elementor-widget elementor-widget-heading\" data-id=\"a80641c\" data-element_type=\"widget\" data-widget_type=\"heading.default\">\n\t\t\t\t\t<h2 class=\"elementor-heading-title elementor-size-default\">Carlos Ver\u00f3n<\/h2>\t\t\t\t<\/div>\n\t\t\t\t<\/div>\n\t\t\t\t\t<\/div>\n\t\t\t\t<\/div>\n\t\t<div class=\"elementor-element elementor-element-fe426c6 e-flex e-con-boxed e-con e-parent\" data-id=\"fe426c6\" data-element_type=\"container\">\n\t\t\t\t\t<div class=\"e-con-inner\">\n\t\t<div class=\"elementor-element elementor-element-085ddcb e-con-full e-flex e-con e-child\" data-id=\"085ddcb\" data-element_type=\"container\">\n\t\t\t\t<div class=\"elementor-element elementor-element-65e65b2 elementor-widget elementor-widget-heading\" data-id=\"65e65b2\" data-element_type=\"widget\" data-widget_type=\"heading.default\">\n\t\t\t\t\t<h2 class=\"elementor-heading-title elementor-size-default\">Credits<\/h2>\t\t\t\t<\/div>\n\t\t\t\t<\/div>\n\t\t<div class=\"elementor-element elementor-element-e306e71 e-con-full e-flex e-con e-child\" data-id=\"e306e71\" data-element_type=\"container\">\n\t\t\t\t<div class=\"elementor-element elementor-element-5598f9a elementor-widget elementor-widget-heading\" data-id=\"5598f9a\" data-element_type=\"widget\" data-widget_type=\"heading.default\">\n\t\t\t\t\t<h2 class=\"elementor-heading-title elementor-size-default\">H\u00e9ctor de la Pe\u00f1a<\/h2>\t\t\t\t<\/div>\n\t\t\t\t<\/div>\n\t\t\t\t\t<\/div>\n\t\t\t\t<\/div>\n\t\t\t\t\t<\/div>\n\t\t<\/div>\n\t\t\t\t<div class=\"elementor-column elementor-col-33 elementor-top-column elementor-element elementor-element-aeb5f23\" data-id=\"aeb5f23\" data-element_type=\"column\">\n\t\t\t<div class=\"elementor-widget-wrap\">\n\t\t\t\t\t\t\t<\/div>\n\t\t<\/div>\n\t\t\t\t<div class=\"elementor-column elementor-col-33 elementor-top-column elementor-element elementor-element-397eb38\" data-id=\"397eb38\" data-element_type=\"column\">\n\t\t\t<div class=\"elementor-widget-wrap elementor-element-populated\">\n\t\t\t\t\t\t<div class=\"elementor-element elementor-element-0eb06ad elementor-widget elementor-widget-image\" data-id=\"0eb06ad\" data-element_type=\"widget\" data-widget_type=\"image.default\">\n\t\t\t\t\t\t\t\t\t\t\t\t\t\t\t<img fetchpriority=\"high\" decoding=\"async\" width=\"1920\" height=\"960\" src=\"https:\/\/tahr.mx\/wp-content\/uploads\/2023\/12\/\u200e-00-ICONO-Bul_Chaultepec_View-01_HQ.\u200e001.jpeg\" class=\"attachment-full size-full wp-image-3531\" alt=\"TAHR_Cultural_Centro_de_Conciencia_Ambiental_01\" srcset=\"https:\/\/tahr.mx\/wp-content\/uploads\/2023\/12\/\u200e-00-ICONO-Bul_Chaultepec_View-01_HQ.\u200e001.jpeg 1920w, https:\/\/tahr.mx\/wp-content\/uploads\/2023\/12\/\u200e-00-ICONO-Bul_Chaultepec_View-01_HQ.\u200e001-300x150.jpeg 300w, https:\/\/tahr.mx\/wp-content\/uploads\/2023\/12\/\u200e-00-ICONO-Bul_Chaultepec_View-01_HQ.\u200e001-1024x512.jpeg 1024w, https:\/\/tahr.mx\/wp-content\/uploads\/2023\/12\/\u200e-00-ICONO-Bul_Chaultepec_View-01_HQ.\u200e001-768x384.jpeg 768w, https:\/\/tahr.mx\/wp-content\/uploads\/2023\/12\/\u200e-00-ICONO-Bul_Chaultepec_View-01_HQ.\u200e001-1536x768.jpeg 1536w\" sizes=\"(max-width: 1920px) 100vw, 1920px\" \/>\t\t\t\t\t\t\t\t\t\t\t\t\t\t\t<\/div>\n\t\t\t\t\t<\/div>\n\t\t<\/div>\n\t\t\t\t\t<\/div>\n\t\t<\/section>\n\t\t\t\t<section class=\"elementor-section elementor-top-section elementor-element elementor-element-30681bd elementor-section-boxed elementor-section-height-default elementor-section-height-default\" data-id=\"30681bd\" data-element_type=\"section\">\n\t\t\t\t\t\t<div class=\"elementor-container elementor-column-gap-default\">\n\t\t\t\t\t<div class=\"elementor-column elementor-col-100 elementor-top-column elementor-element elementor-element-238f736\" data-id=\"238f736\" data-element_type=\"column\">\n\t\t\t<div class=\"elementor-widget-wrap elementor-element-populated\">\n\t\t\t\t\t\t<div class=\"elementor-element elementor-element-7f97122 elementor-widget elementor-widget-spacer\" data-id=\"7f97122\" data-element_type=\"widget\" data-widget_type=\"spacer.default\">\n\t\t\t\t\t\t\t<div class=\"elementor-spacer\">\n\t\t\t<div class=\"elementor-spacer-inner\"><\/div>\n\t\t<\/div>\n\t\t\t\t\t\t<\/div>\n\t\t\t\t\t<\/div>\n\t\t<\/div>\n\t\t\t\t\t<\/div>\n\t\t<\/section>\n\t\t\t\t<section class=\"elementor-section elementor-top-section elementor-element elementor-element-2c8a8f5 elementor-section-boxed elementor-section-height-default elementor-section-height-default\" data-id=\"2c8a8f5\" data-element_type=\"section\">\n\t\t\t\t\t\t<div class=\"elementor-container elementor-column-gap-default\">\n\t\t\t\t\t<div class=\"elementor-column elementor-col-100 elementor-top-column elementor-element elementor-element-07303ec\" data-id=\"07303ec\" data-element_type=\"column\">\n\t\t\t<div class=\"elementor-widget-wrap elementor-element-populated\">\n\t\t\t\t\t\t<div class=\"elementor-element elementor-element-ac53ff0 elementor-arrows-position-outside elementor--h-position-center elementor--v-position-middle elementor-widget elementor-widget-slides\" data-id=\"ac53ff0\" data-element_type=\"widget\" data-settings=\"{&quot;navigation&quot;:&quot;arrows&quot;,&quot;infinite&quot;:&quot;yes&quot;,&quot;transition&quot;:&quot;slide&quot;,&quot;transition_speed&quot;:500}\" data-widget_type=\"slides.default\">\n\t\t\t\t\t\t\t\t\t\t<div class=\"elementor-slides-wrapper elementor-main-swiper swiper\" role=\"region\" aria-roledescription=\"carousel\" aria-label=\"Slides\" dir=\"ltr\" data-animation=\"\">\n\t\t\t\t<div class=\"swiper-wrapper elementor-slides\">\n\t\t\t\t\t\t\t\t\t\t<div class=\"elementor-repeater-item-61b0d3e swiper-slide\" role=\"group\" aria-roledescription=\"slide\"><div class=\"swiper-slide-bg\" role=\"img\"><\/div><div class=\"swiper-slide-inner\" ><div class=\"swiper-slide-contents\"><\/div><\/div><\/div><div class=\"elementor-repeater-item-f38b470 swiper-slide\" role=\"group\" aria-roledescription=\"slide\"><div class=\"swiper-slide-bg\" role=\"img\"><\/div><div class=\"swiper-slide-inner\" ><div class=\"swiper-slide-contents\"><\/div><\/div><\/div><div class=\"elementor-repeater-item-d7c6e11 swiper-slide\" role=\"group\" aria-roledescription=\"slide\"><div class=\"swiper-slide-bg\" role=\"img\"><\/div><div class=\"swiper-slide-inner\" ><div class=\"swiper-slide-contents\"><\/div><\/div><\/div><div class=\"elementor-repeater-item-cc63cb6 swiper-slide\" role=\"group\" aria-roledescription=\"slide\"><div class=\"swiper-slide-bg\" role=\"img\"><\/div><div class=\"swiper-slide-inner\" ><div class=\"swiper-slide-contents\"><\/div><\/div><\/div>\t\t\t\t<\/div>\n\t\t\t\t\t\t\t\t\t\t\t\t\t\t\t<div class=\"elementor-swiper-button elementor-swiper-button-prev\" role=\"button\" tabindex=\"0\" aria-label=\"Previous slide\">\n\t\t\t\t\t\t\t<svg aria-hidden=\"true\" class=\"e-font-icon-svg e-eicon-chevron-left\" viewbox=\"0 0 1000 1000\" xmlns=\"http:\/\/www.w3.org\/2000\/svg\"><path d=\"M646 125C629 125 613 133 604 142L308 442C296 454 292 471 292 487 292 504 296 521 308 533L604 854C617 867 629 875 646 875 663 875 679 871 692 858 704 846 713 829 713 812 713 796 708 779 692 767L438 487 692 225C700 217 708 204 708 187 708 171 704 154 692 142 675 129 663 125 646 125Z\"><\/path><\/svg>\t\t\t\t\t\t<\/div>\n\t\t\t\t\t\t<div class=\"elementor-swiper-button elementor-swiper-button-next\" role=\"button\" tabindex=\"0\" aria-label=\"Next slide\">\n\t\t\t\t\t\t\t<svg aria-hidden=\"true\" class=\"e-font-icon-svg e-eicon-chevron-right\" viewbox=\"0 0 1000 1000\" xmlns=\"http:\/\/www.w3.org\/2000\/svg\"><path d=\"M696 533C708 521 713 504 713 487 713 471 708 454 696 446L400 146C388 133 375 125 354 125 338 125 325 129 313 142 300 154 292 171 292 187 292 204 296 221 308 233L563 492 304 771C292 783 288 800 288 817 288 833 296 850 308 863 321 871 338 875 354 875 371 875 388 867 400 854L696 533Z\"><\/path><\/svg>\t\t\t\t\t\t<\/div>\n\t\t\t\t\t\t\t\t\t\t\t\t\t\t\t\t\t<\/div>\n\t\t\t\t\t\t\t\t<\/div>\n\t\t\t\t\t<\/div>\n\t\t<\/div>\n\t\t\t\t\t<\/div>\n\t\t<\/section>\n\t\t\t\t<section class=\"elementor-section elementor-top-section elementor-element elementor-element-ae61c32 elementor-section-boxed elementor-section-height-default elementor-section-height-default\" data-id=\"ae61c32\" data-element_type=\"section\">\n\t\t\t\t\t\t<div class=\"elementor-container elementor-column-gap-default\">\n\t\t\t\t\t<div class=\"elementor-column elementor-col-100 elementor-top-column elementor-element elementor-element-23a2f34\" data-id=\"23a2f34\" data-element_type=\"column\">\n\t\t\t<div class=\"elementor-widget-wrap elementor-element-populated\">\n\t\t\t\t\t\t<div class=\"elementor-element elementor-element-f463ede elementor-widget elementor-widget-spacer\" data-id=\"f463ede\" data-element_type=\"widget\" data-widget_type=\"spacer.default\">\n\t\t\t\t\t\t\t<div class=\"elementor-spacer\">\n\t\t\t<div class=\"elementor-spacer-inner\"><\/div>\n\t\t<\/div>\n\t\t\t\t\t\t<\/div>\n\t\t\t\t<div class=\"elementor-element elementor-element-2b85754 elementor-widget-tablet__width-initial elementor-widget elementor-widget-heading\" data-id=\"2b85754\" data-element_type=\"widget\" data-widget_type=\"heading.default\">\n\t\t\t\t\t<h2 class=\"elementor-heading-title elementor-size-default\"><a href=\"https:\/\/tahr.mx\/en\/work\/\">WORK<\/a><\/h2>\t\t\t\t<\/div>\n\t\t\t\t\t<\/div>\n\t\t<\/div>\n\t\t\t\t\t<\/div>\n\t\t<\/section>\n\t\t\t\t<\/div>","protected":false},"excerpt":{"rendered":"<p>Centro de Cultura Ambiental Nombre de Proyecto Centro de Cultura Ambiental Estatus del Proyecto Concurso A\u00f1o 2020 Ubicaci\u00f3n Bosque de Chapultepec, Ciudad de M\u00e9xico Tipolog\u00eda Cultural Proyecto por BulAu \u00c1rea Construida 2,500 m2 Descripci\u00f3n La propuesta parte de un dise\u00f1o ambiental consciente, basado en la historia, condiciones y valores del Bosque de Chapultepec, reconociendo su [&hellip;]<\/p>","protected":false},"author":1,"featured_media":0,"parent":0,"menu_order":0,"comment_status":"closed","ping_status":"closed","template":"","meta":{"footnotes":""},"class_list":["post-3532","page","type-page","status-publish","hentry"],"_links":{"self":[{"href":"https:\/\/tahr.mx\/en\/wp-json\/wp\/v2\/pages\/3532","targetHints":{"allow":["GET"]}}],"collection":[{"href":"https:\/\/tahr.mx\/en\/wp-json\/wp\/v2\/pages"}],"about":[{"href":"https:\/\/tahr.mx\/en\/wp-json\/wp\/v2\/types\/page"}],"author":[{"embeddable":true,"href":"https:\/\/tahr.mx\/en\/wp-json\/wp\/v2\/users\/1"}],"replies":[{"embeddable":true,"href":"https:\/\/tahr.mx\/en\/wp-json\/wp\/v2\/comments?post=3532"}],"version-history":[{"count":47,"href":"https:\/\/tahr.mx\/en\/wp-json\/wp\/v2\/pages\/3532\/revisions"}],"predecessor-version":[{"id":9224,"href":"https:\/\/tahr.mx\/en\/wp-json\/wp\/v2\/pages\/3532\/revisions\/9224"}],"wp:attachment":[{"href":"https:\/\/tahr.mx\/en\/wp-json\/wp\/v2\/media?parent=3532"}],"curies":[{"name":"wp","href":"https:\/\/api.w.org\/{rel}","templated":true}]}}