{"id":3472,"date":"2023-12-11T13:31:09","date_gmt":"2023-12-11T19:31:09","guid":{"rendered":"https:\/\/tahr.mx\/?page_id=3472"},"modified":"2025-08-14T23:01:10","modified_gmt":"2025-08-15T05:01:10","slug":"pavilion-mexico-expo-milan-2015","status":"publish","type":"page","link":"https:\/\/tahr.mx\/en\/pavilion-mexico-expo-milan-2015\/","title":{"rendered":"Pavilion Mexico EXPO Milan 2015"},"content":{"rendered":"<div data-elementor-type=\"wp-page\" data-elementor-id=\"3472\" class=\"elementor elementor-3472\" data-elementor-post-type=\"page\">\n\t\t\t\t\t\t<section class=\"elementor-section elementor-top-section elementor-element elementor-element-29ec704 elementor-section-boxed elementor-section-height-default elementor-section-height-default\" data-id=\"29ec704\" data-element_type=\"section\">\n\t\t\t\t\t\t<div class=\"elementor-container elementor-column-gap-default\">\n\t\t\t\t\t<div class=\"elementor-column elementor-col-100 elementor-top-column elementor-element elementor-element-dca03b0\" data-id=\"dca03b0\" data-element_type=\"column\">\n\t\t\t<div class=\"elementor-widget-wrap elementor-element-populated\">\n\t\t\t\t\t\t<div class=\"elementor-element elementor-element-29e707d elementor-widget elementor-widget-spacer\" data-id=\"29e707d\" data-element_type=\"widget\" data-widget_type=\"spacer.default\">\n\t\t\t\t\t\t\t<div class=\"elementor-spacer\">\n\t\t\t<div class=\"elementor-spacer-inner\"><\/div>\n\t\t<\/div>\n\t\t\t\t\t\t<\/div>\n\t\t\t\t\t<\/div>\n\t\t<\/div>\n\t\t\t\t\t<\/div>\n\t\t<\/section>\n\t\t\t\t<section class=\"elementor-section elementor-top-section elementor-element elementor-element-9d60067 elementor-section-boxed elementor-section-height-default elementor-section-height-default\" data-id=\"9d60067\" data-element_type=\"section\">\n\t\t\t\t\t\t<div class=\"elementor-container elementor-column-gap-default\">\n\t\t\t\t\t<div class=\"elementor-column elementor-col-33 elementor-top-column elementor-element elementor-element-776b1c8\" data-id=\"776b1c8\" data-element_type=\"column\">\n\t\t\t<div class=\"elementor-widget-wrap elementor-element-populated\">\n\t\t\t\t<div class=\"elementor-element elementor-element-dbffa66 e-flex e-con-boxed e-con e-parent\" data-id=\"dbffa66\" data-element_type=\"container\">\n\t\t\t\t\t<div class=\"e-con-inner\">\n\t\t<div class=\"elementor-element elementor-element-9301607 e-con-full e-flex e-con e-child\" data-id=\"9301607\" data-element_type=\"container\">\n\t\t\t\t<div class=\"elementor-element elementor-element-348a5af elementor-widget__width-initial elementor-widget-mobile__width-initial elementor-widget elementor-widget-heading\" data-id=\"348a5af\" data-element_type=\"widget\" data-widget_type=\"heading.default\">\n\t\t\t\t\t<p class=\"elementor-heading-title elementor-size-default\">Pabell\u00f3n Expo Milan<\/p>\t\t\t\t<\/div>\n\t\t\t\t<\/div>\n\t\t\t\t\t<\/div>\n\t\t\t\t<\/div>\n\t\t<div class=\"elementor-element elementor-element-6c8e859 e-flex e-con-boxed e-con e-parent\" data-id=\"6c8e859\" data-element_type=\"container\">\n\t\t\t\t\t<div class=\"e-con-inner\">\n\t\t<div class=\"elementor-element elementor-element-7eccea4 e-con-full e-flex e-con e-child\" data-id=\"7eccea4\" data-element_type=\"container\">\n\t\t\t\t<div class=\"elementor-element elementor-element-96d9770 elementor-widget elementor-widget-heading\" data-id=\"96d9770\" data-element_type=\"widget\" data-widget_type=\"heading.default\">\n\t\t\t\t\t<h2 class=\"elementor-heading-title elementor-size-default\">Project Name<\/h2>\t\t\t\t<\/div>\n\t\t\t\t<\/div>\n\t\t<div class=\"elementor-element elementor-element-3ae955a e-con-full e-flex e-con e-child\" data-id=\"3ae955a\" data-element_type=\"container\">\n\t\t\t\t<div class=\"elementor-element elementor-element-73ba1db elementor-widget elementor-widget-heading\" data-id=\"73ba1db\" data-element_type=\"widget\" data-widget_type=\"heading.default\">\n\t\t\t\t\t<h2 class=\"elementor-heading-title elementor-size-default\">Pabell\u00f3n Expo Milan<\/h2>\t\t\t\t<\/div>\n\t\t\t\t<\/div>\n\t\t\t\t\t<\/div>\n\t\t\t\t<\/div>\n\t\t<div class=\"elementor-element elementor-element-d674d13 e-flex e-con-boxed e-con e-parent\" data-id=\"d674d13\" data-element_type=\"container\">\n\t\t\t\t\t<div class=\"e-con-inner\">\n\t\t<div class=\"elementor-element elementor-element-a488c40 e-con-full e-flex e-con e-child\" data-id=\"a488c40\" data-element_type=\"container\">\n\t\t\t\t<div class=\"elementor-element elementor-element-99a9c9d elementor-widget elementor-widget-heading\" data-id=\"99a9c9d\" data-element_type=\"widget\" data-widget_type=\"heading.default\">\n\t\t\t\t\t<h2 class=\"elementor-heading-title elementor-size-default\">Project Status<\/h2>\t\t\t\t<\/div>\n\t\t\t\t<\/div>\n\t\t<div class=\"elementor-element elementor-element-bf92cd0 e-con-full e-flex e-con e-child\" data-id=\"bf92cd0\" data-element_type=\"container\">\n\t\t\t\t<div class=\"elementor-element elementor-element-dfa5cdf elementor-widget elementor-widget-heading\" data-id=\"dfa5cdf\" data-element_type=\"widget\" data-widget_type=\"heading.default\">\n\t\t\t\t\t<h2 class=\"elementor-heading-title elementor-size-default\">Competition, Honorable Mention<\/h2>\t\t\t\t<\/div>\n\t\t\t\t<\/div>\n\t\t\t\t\t<\/div>\n\t\t\t\t<\/div>\n\t\t<div class=\"elementor-element elementor-element-aded7b9 e-flex e-con-boxed e-con e-parent\" data-id=\"aded7b9\" data-element_type=\"container\">\n\t\t\t\t\t<div class=\"e-con-inner\">\n\t\t<div class=\"elementor-element elementor-element-271068a e-con-full e-flex e-con e-child\" data-id=\"271068a\" data-element_type=\"container\">\n\t\t\t\t<div class=\"elementor-element elementor-element-a862a64 elementor-widget elementor-widget-heading\" data-id=\"a862a64\" data-element_type=\"widget\" data-widget_type=\"heading.default\">\n\t\t\t\t\t<h2 class=\"elementor-heading-title elementor-size-default\">Year<\/h2>\t\t\t\t<\/div>\n\t\t\t\t<\/div>\n\t\t<div class=\"elementor-element elementor-element-2827954 e-con-full e-flex e-con e-child\" data-id=\"2827954\" data-element_type=\"container\">\n\t\t\t\t<div class=\"elementor-element elementor-element-391e657 elementor-widget elementor-widget-heading\" data-id=\"391e657\" data-element_type=\"widget\" data-widget_type=\"heading.default\">\n\t\t\t\t\t<h2 class=\"elementor-heading-title elementor-size-default\">2014<\/h2>\t\t\t\t<\/div>\n\t\t\t\t<\/div>\n\t\t\t\t\t<\/div>\n\t\t\t\t<\/div>\n\t\t<div class=\"elementor-element elementor-element-f44fd5c e-flex e-con-boxed e-con e-parent\" data-id=\"f44fd5c\" data-element_type=\"container\">\n\t\t\t\t\t<div class=\"e-con-inner\">\n\t\t<div class=\"elementor-element elementor-element-a990dcc e-con-full e-flex e-con e-child\" data-id=\"a990dcc\" data-element_type=\"container\">\n\t\t\t\t<div class=\"elementor-element elementor-element-610d2a7 elementor-widget elementor-widget-heading\" data-id=\"610d2a7\" data-element_type=\"widget\" data-widget_type=\"heading.default\">\n\t\t\t\t\t<h2 class=\"elementor-heading-title elementor-size-default\">Location<\/h2>\t\t\t\t<\/div>\n\t\t\t\t<\/div>\n\t\t<div class=\"elementor-element elementor-element-6459895 e-con-full e-flex e-con e-child\" data-id=\"6459895\" data-element_type=\"container\">\n\t\t\t\t<div class=\"elementor-element elementor-element-3425626 elementor-widget elementor-widget-heading\" data-id=\"3425626\" data-element_type=\"widget\" data-widget_type=\"heading.default\">\n\t\t\t\t\t<h2 class=\"elementor-heading-title elementor-size-default\">Mil\u00e1n, Italia<\/h2>\t\t\t\t<\/div>\n\t\t\t\t<\/div>\n\t\t\t\t\t<\/div>\n\t\t\t\t<\/div>\n\t\t<div class=\"elementor-element elementor-element-d568750 e-flex e-con-boxed e-con e-parent\" data-id=\"d568750\" data-element_type=\"container\">\n\t\t\t\t\t<div class=\"e-con-inner\">\n\t\t<div class=\"elementor-element elementor-element-d1cea26 e-con-full e-flex e-con e-child\" data-id=\"d1cea26\" data-element_type=\"container\">\n\t\t\t\t<div class=\"elementor-element elementor-element-ee5331d elementor-widget elementor-widget-heading\" data-id=\"ee5331d\" data-element_type=\"widget\" data-widget_type=\"heading.default\">\n\t\t\t\t\t<h2 class=\"elementor-heading-title elementor-size-default\">Typology<\/h2>\t\t\t\t<\/div>\n\t\t\t\t<\/div>\n\t\t<div class=\"elementor-element elementor-element-9435db5 e-con-full e-flex e-con e-child\" data-id=\"9435db5\" data-element_type=\"container\">\n\t\t\t\t<div class=\"elementor-element elementor-element-795f7a0 elementor-widget elementor-widget-heading\" data-id=\"795f7a0\" data-element_type=\"widget\" data-widget_type=\"heading.default\">\n\t\t\t\t\t<h2 class=\"elementor-heading-title elementor-size-default\">Cultural<\/h2>\t\t\t\t<\/div>\n\t\t\t\t<\/div>\n\t\t\t\t\t<\/div>\n\t\t\t\t<\/div>\n\t\t<div class=\"elementor-element elementor-element-b1d8bcb e-flex e-con-boxed e-con e-parent\" data-id=\"b1d8bcb\" data-element_type=\"container\">\n\t\t\t\t\t<div class=\"e-con-inner\">\n\t\t<div class=\"elementor-element elementor-element-15ba07b e-con-full e-flex e-con e-child\" data-id=\"15ba07b\" data-element_type=\"container\">\n\t\t\t\t<div class=\"elementor-element elementor-element-b02f2a2 elementor-widget elementor-widget-heading\" data-id=\"b02f2a2\" data-element_type=\"widget\" data-widget_type=\"heading.default\">\n\t\t\t\t\t<h2 class=\"elementor-heading-title elementor-size-default\">Project by<\/h2>\t\t\t\t<\/div>\n\t\t\t\t<\/div>\n\t\t<div class=\"elementor-element elementor-element-641bf74 e-con-full e-flex e-con e-child\" data-id=\"641bf74\" data-element_type=\"container\">\n\t\t\t\t<div class=\"elementor-element elementor-element-e057ef4 elementor-widget elementor-widget-heading\" data-id=\"e057ef4\" data-element_type=\"widget\" data-widget_type=\"heading.default\">\n\t\t\t\t\t<h2 class=\"elementor-heading-title elementor-size-default\">BulAu - Carlos Coronel<\/h2>\t\t\t\t<\/div>\n\t\t\t\t<\/div>\n\t\t\t\t\t<\/div>\n\t\t\t\t<\/div>\n\t\t<div class=\"elementor-element elementor-element-de9f8cb e-flex e-con-boxed e-con e-parent\" data-id=\"de9f8cb\" data-element_type=\"container\">\n\t\t\t\t\t<div class=\"e-con-inner\">\n\t\t<div class=\"elementor-element elementor-element-3a27d00 e-con-full e-flex e-con e-child\" data-id=\"3a27d00\" data-element_type=\"container\">\n\t\t\t\t<div class=\"elementor-element elementor-element-4b57555 elementor-widget elementor-widget-heading\" data-id=\"4b57555\" data-element_type=\"widget\" data-widget_type=\"heading.default\">\n\t\t\t\t\t<h2 class=\"elementor-heading-title elementor-size-default\">Constructed Area<\/h2>\t\t\t\t<\/div>\n\t\t\t\t<\/div>\n\t\t<div class=\"elementor-element elementor-element-c495bf6 e-con-full e-flex e-con e-child\" data-id=\"c495bf6\" data-element_type=\"container\">\n\t\t\t\t<div class=\"elementor-element elementor-element-949c5a3 elementor-widget elementor-widget-heading\" data-id=\"949c5a3\" data-element_type=\"widget\" data-widget_type=\"heading.default\">\n\t\t\t\t\t<h2 class=\"elementor-heading-title elementor-size-default\">4,000 m2<\/h2>\t\t\t\t<\/div>\n\t\t\t\t<\/div>\n\t\t\t\t\t<\/div>\n\t\t\t\t<\/div>\n\t\t<div class=\"elementor-element elementor-element-793c6c5 e-flex e-con-boxed e-con e-parent\" data-id=\"793c6c5\" data-element_type=\"container\">\n\t\t\t\t\t<div class=\"e-con-inner\">\n\t\t<div class=\"elementor-element elementor-element-54e5b17 e-con-full e-flex e-con e-child\" data-id=\"54e5b17\" data-element_type=\"container\">\n\t\t\t\t<div class=\"elementor-element elementor-element-8a9cdb4 elementor-widget elementor-widget-text-editor\" data-id=\"8a9cdb4\" data-element_type=\"widget\" data-widget_type=\"text-editor.default\">\n\t\t\t\t\t\t\t\t\t<p><strong>Design Brief<\/strong><\/p>\t\t\t\t\t\t\t\t<\/div>\n\t\t\t\t<div class=\"elementor-element elementor-element-18cd378 elementor-widget elementor-widget-text-editor\" data-id=\"18cd378\" data-element_type=\"widget\" data-widget_type=\"text-editor.default\">\n\t\t\t\t\t\t\t\t\t<p>The pavilion was designed on a site that connects two main pedestrian avenues, taking advantage of its location to create an expansive ground floor that houses the main program. At its core lies a central space dedicated to a restaurant featuring traditional Mexican cuisine. This area, made inviting through its aromas and visual openness from the exterior, encourages visitors to pass through the pavilion, ensuring fluid circulation.\n\nThe ground floor is complemented by service areas, plots for cultivating maguey and nopal, and two chinampas, which mark the beginning of a series of ramps leading to three upper levels designated for exhibition halls. These are organized in an 'H'-shaped layout, connected by bridges that structure the circulation paths.\n\nA metal structural system was chosen to allow for reuse after the exposition. The fa\u00e7ades, composed of wooden slats, double as shelving for seeds, glass jars, and artisanal crafts, celebrating the visual richness of Mexican gastronomy. The design is horizontal, lightweight, and vibrant, incorporating sustainable systems such as solar panels and rainwater harvesting for irrigation.<\/p>\t\t\t\t\t\t\t\t<\/div>\n\t\t\t\t<\/div>\n\t\t\t\t\t<\/div>\n\t\t\t\t<\/div>\n\t\t\t\t<div class=\"elementor-element elementor-element-a0041a6 elementor-widget elementor-widget-spacer\" data-id=\"a0041a6\" data-element_type=\"widget\" data-widget_type=\"spacer.default\">\n\t\t\t\t\t\t\t<div class=\"elementor-spacer\">\n\t\t\t<div class=\"elementor-spacer-inner\"><\/div>\n\t\t<\/div>\n\t\t\t\t\t\t<\/div>\n\t\t<div class=\"elementor-element elementor-element-f015169 e-flex e-con-boxed e-con e-parent\" data-id=\"f015169\" data-element_type=\"container\">\n\t\t\t\t\t<div class=\"e-con-inner\">\n\t\t<div class=\"elementor-element elementor-element-37ef2ec e-con-full e-flex e-con e-child\" data-id=\"37ef2ec\" data-element_type=\"container\">\n\t\t\t\t<div class=\"elementor-element elementor-element-b34978e elementor-widget elementor-widget-heading\" data-id=\"b34978e\" data-element_type=\"widget\" data-widget_type=\"heading.default\">\n\t\t\t\t\t<h2 class=\"elementor-heading-title elementor-size-default\">Client<\/h2>\t\t\t\t<\/div>\n\t\t\t\t<\/div>\n\t\t<div class=\"elementor-element elementor-element-aa13445 e-con-full e-flex e-con e-child\" data-id=\"aa13445\" data-element_type=\"container\">\n\t\t\t\t<div class=\"elementor-element elementor-element-96af671 elementor-widget elementor-widget-heading\" data-id=\"96af671\" data-element_type=\"widget\" data-widget_type=\"heading.default\">\n\t\t\t\t\t<h2 class=\"elementor-heading-title elementor-size-default\">Secretar\u00eda de Econom\u00eda <\/h2>\t\t\t\t<\/div>\n\t\t\t\t<\/div>\n\t\t\t\t\t<\/div>\n\t\t\t\t<\/div>\n\t\t<div class=\"elementor-element elementor-element-635858b e-flex e-con-boxed e-con e-parent\" data-id=\"635858b\" data-element_type=\"container\">\n\t\t\t\t\t<div class=\"e-con-inner\">\n\t\t<div class=\"elementor-element elementor-element-e0396c2 e-con-full e-flex e-con e-child\" data-id=\"e0396c2\" data-element_type=\"container\">\n\t\t\t\t<div class=\"elementor-element elementor-element-24ba934 elementor-widget elementor-widget-heading\" data-id=\"24ba934\" data-element_type=\"widget\" data-widget_type=\"heading.default\">\n\t\t\t\t\t<h2 class=\"elementor-heading-title elementor-size-default\">Photographer<\/h2>\t\t\t\t<\/div>\n\t\t\t\t<\/div>\n\t\t<div class=\"elementor-element elementor-element-62a60b4 e-con-full e-flex e-con e-child\" data-id=\"62a60b4\" data-element_type=\"container\">\n\t\t\t\t<div class=\"elementor-element elementor-element-c0aacf0 elementor-widget elementor-widget-heading\" data-id=\"c0aacf0\" data-element_type=\"widget\" data-widget_type=\"heading.default\">\n\t\t\t\t\t<h2 class=\"elementor-heading-title elementor-size-default\">Carlos Ver\u00f3n<\/h2>\t\t\t\t<\/div>\n\t\t\t\t<\/div>\n\t\t\t\t\t<\/div>\n\t\t\t\t<\/div>\n\t\t<div class=\"elementor-element elementor-element-3df2733 e-flex e-con-boxed e-con e-parent\" data-id=\"3df2733\" data-element_type=\"container\">\n\t\t\t\t\t<div class=\"e-con-inner\">\n\t\t<div class=\"elementor-element elementor-element-9f907ac e-con-full e-flex e-con e-child\" data-id=\"9f907ac\" data-element_type=\"container\">\n\t\t\t\t<div class=\"elementor-element elementor-element-e2a0728 elementor-widget elementor-widget-heading\" data-id=\"e2a0728\" data-element_type=\"widget\" data-widget_type=\"heading.default\">\n\t\t\t\t\t<h2 class=\"elementor-heading-title elementor-size-default\">Credits<\/h2>\t\t\t\t<\/div>\n\t\t\t\t<\/div>\n\t\t<div class=\"elementor-element elementor-element-af2c93a e-con-full e-flex e-con e-child\" data-id=\"af2c93a\" data-element_type=\"container\">\n\t\t\t\t<div class=\"elementor-element elementor-element-07a1a89 elementor-widget elementor-widget-heading\" data-id=\"07a1a89\" data-element_type=\"widget\" data-widget_type=\"heading.default\">\n\t\t\t\t\t<h2 class=\"elementor-heading-title elementor-size-default\">H\u00e9ctor de la Pe\u00f1a y Carlos Coronel<\/h2>\t\t\t\t<\/div>\n\t\t\t\t<\/div>\n\t\t\t\t\t<\/div>\n\t\t\t\t<\/div>\n\t\t\t\t\t<\/div>\n\t\t<\/div>\n\t\t\t\t<div class=\"elementor-column elementor-col-33 elementor-top-column elementor-element elementor-element-73b64db\" data-id=\"73b64db\" data-element_type=\"column\">\n\t\t\t<div class=\"elementor-widget-wrap\">\n\t\t\t\t\t\t\t<\/div>\n\t\t<\/div>\n\t\t\t\t<div class=\"elementor-column elementor-col-33 elementor-top-column elementor-element elementor-element-5eb7165\" data-id=\"5eb7165\" data-element_type=\"column\">\n\t\t\t<div class=\"elementor-widget-wrap elementor-element-populated\">\n\t\t\t\t\t\t<div class=\"elementor-element elementor-element-0c7bea4 elementor-widget elementor-widget-image\" data-id=\"0c7bea4\" data-element_type=\"widget\" data-widget_type=\"image.default\">\n\t\t\t\t\t\t\t\t\t\t\t\t\t\t\t<img fetchpriority=\"high\" decoding=\"async\" width=\"2560\" height=\"966\" src=\"https:\/\/tahr.mx\/wp-content\/uploads\/2023\/12\/R02-scaled.jpg\" class=\"attachment-full size-full wp-image-3471\" alt=\"TAHR_Cultural_Pabellon_de_Mexico_Expo_Milan_02\" srcset=\"https:\/\/tahr.mx\/wp-content\/uploads\/2023\/12\/R02-scaled.jpg 2560w, https:\/\/tahr.mx\/wp-content\/uploads\/2023\/12\/R02-300x113.jpg 300w, https:\/\/tahr.mx\/wp-content\/uploads\/2023\/12\/R02-1024x386.jpg 1024w, https:\/\/tahr.mx\/wp-content\/uploads\/2023\/12\/R02-768x290.jpg 768w, https:\/\/tahr.mx\/wp-content\/uploads\/2023\/12\/R02-1536x580.jpg 1536w, https:\/\/tahr.mx\/wp-content\/uploads\/2023\/12\/R02-2048x773.jpg 2048w\" sizes=\"(max-width: 2560px) 100vw, 2560px\" \/>\t\t\t\t\t\t\t\t\t\t\t\t\t\t\t<\/div>\n\t\t\t\t\t<\/div>\n\t\t<\/div>\n\t\t\t\t\t<\/div>\n\t\t<\/section>\n\t\t\t\t<section class=\"elementor-section elementor-top-section elementor-element elementor-element-30681bd elementor-section-boxed elementor-section-height-default elementor-section-height-default\" data-id=\"30681bd\" data-element_type=\"section\">\n\t\t\t\t\t\t<div class=\"elementor-container elementor-column-gap-default\">\n\t\t\t\t\t<div class=\"elementor-column elementor-col-100 elementor-top-column elementor-element elementor-element-238f736\" data-id=\"238f736\" data-element_type=\"column\">\n\t\t\t<div class=\"elementor-widget-wrap elementor-element-populated\">\n\t\t\t\t\t\t<div class=\"elementor-element elementor-element-7f97122 elementor-widget elementor-widget-spacer\" data-id=\"7f97122\" data-element_type=\"widget\" data-widget_type=\"spacer.default\">\n\t\t\t\t\t\t\t<div class=\"elementor-spacer\">\n\t\t\t<div class=\"elementor-spacer-inner\"><\/div>\n\t\t<\/div>\n\t\t\t\t\t\t<\/div>\n\t\t\t\t\t<\/div>\n\t\t<\/div>\n\t\t\t\t\t<\/div>\n\t\t<\/section>\n\t\t\t\t<section class=\"elementor-section elementor-top-section elementor-element elementor-element-2c8a8f5 elementor-section-boxed elementor-section-height-default elementor-section-height-default\" data-id=\"2c8a8f5\" data-element_type=\"section\">\n\t\t\t\t\t\t<div class=\"elementor-container elementor-column-gap-default\">\n\t\t\t\t\t<div class=\"elementor-column elementor-col-100 elementor-top-column elementor-element elementor-element-07303ec\" data-id=\"07303ec\" data-element_type=\"column\">\n\t\t\t<div class=\"elementor-widget-wrap elementor-element-populated\">\n\t\t\t\t\t\t<div class=\"elementor-element elementor-element-ac53ff0 elementor-arrows-position-outside elementor--h-position-center elementor--v-position-middle elementor-widget elementor-widget-slides\" data-id=\"ac53ff0\" data-element_type=\"widget\" data-settings=\"{&quot;navigation&quot;:&quot;arrows&quot;,&quot;infinite&quot;:&quot;yes&quot;,&quot;transition&quot;:&quot;slide&quot;,&quot;transition_speed&quot;:500}\" data-widget_type=\"slides.default\">\n\t\t\t\t\t\t\t\t\t\t<div class=\"elementor-slides-wrapper elementor-main-swiper swiper\" role=\"region\" aria-roledescription=\"carousel\" aria-label=\"Slides\" dir=\"ltr\" data-animation=\"\">\n\t\t\t\t<div class=\"swiper-wrapper elementor-slides\">\n\t\t\t\t\t\t\t\t\t\t<div class=\"elementor-repeater-item-9d3985f swiper-slide\" role=\"group\" aria-roledescription=\"slide\"><div class=\"swiper-slide-bg\" role=\"img\"><\/div><div class=\"swiper-slide-inner\" ><div class=\"swiper-slide-contents\"><\/div><\/div><\/div><div class=\"elementor-repeater-item-31dc721 swiper-slide\" role=\"group\" aria-roledescription=\"slide\"><div class=\"swiper-slide-bg\" role=\"img\"><\/div><div class=\"swiper-slide-inner\" ><div class=\"swiper-slide-contents\"><\/div><\/div><\/div><div class=\"elementor-repeater-item-bbfeed4 swiper-slide\" role=\"group\" aria-roledescription=\"slide\"><div class=\"swiper-slide-bg\" role=\"img\"><\/div><div class=\"swiper-slide-inner\" ><div class=\"swiper-slide-contents\"><\/div><\/div><\/div><div class=\"elementor-repeater-item-c81ceeb swiper-slide\" role=\"group\" aria-roledescription=\"slide\"><div class=\"swiper-slide-bg\" role=\"img\"><\/div><div class=\"swiper-slide-inner\" ><div class=\"swiper-slide-contents\"><\/div><\/div><\/div><div class=\"elementor-repeater-item-ffc7552 swiper-slide\" role=\"group\" aria-roledescription=\"slide\"><div class=\"swiper-slide-bg\" role=\"img\"><\/div><div class=\"swiper-slide-inner\" ><div class=\"swiper-slide-contents\"><\/div><\/div><\/div><div class=\"elementor-repeater-item-cc63cb6 swiper-slide\" role=\"group\" aria-roledescription=\"slide\"><div class=\"swiper-slide-bg\" role=\"img\"><\/div><div class=\"swiper-slide-inner\" ><div class=\"swiper-slide-contents\"><\/div><\/div><\/div>\t\t\t\t<\/div>\n\t\t\t\t\t\t\t\t\t\t\t\t\t\t\t<div class=\"elementor-swiper-button elementor-swiper-button-prev\" role=\"button\" tabindex=\"0\" aria-label=\"Previous slide\">\n\t\t\t\t\t\t\t<svg aria-hidden=\"true\" class=\"e-font-icon-svg e-eicon-chevron-left\" viewbox=\"0 0 1000 1000\" xmlns=\"http:\/\/www.w3.org\/2000\/svg\"><path d=\"M646 125C629 125 613 133 604 142L308 442C296 454 292 471 292 487 292 504 296 521 308 533L604 854C617 867 629 875 646 875 663 875 679 871 692 858 704 846 713 829 713 812 713 796 708 779 692 767L438 487 692 225C700 217 708 204 708 187 708 171 704 154 692 142 675 129 663 125 646 125Z\"><\/path><\/svg>\t\t\t\t\t\t<\/div>\n\t\t\t\t\t\t<div class=\"elementor-swiper-button elementor-swiper-button-next\" role=\"button\" tabindex=\"0\" aria-label=\"Next slide\">\n\t\t\t\t\t\t\t<svg aria-hidden=\"true\" class=\"e-font-icon-svg e-eicon-chevron-right\" viewbox=\"0 0 1000 1000\" xmlns=\"http:\/\/www.w3.org\/2000\/svg\"><path d=\"M696 533C708 521 713 504 713 487 713 471 708 454 696 446L400 146C388 133 375 125 354 125 338 125 325 129 313 142 300 154 292 171 292 187 292 204 296 221 308 233L563 492 304 771C292 783 288 800 288 817 288 833 296 850 308 863 321 871 338 875 354 875 371 875 388 867 400 854L696 533Z\"><\/path><\/svg>\t\t\t\t\t\t<\/div>\n\t\t\t\t\t\t\t\t\t\t\t\t\t\t\t\t\t<\/div>\n\t\t\t\t\t\t\t\t<\/div>\n\t\t\t\t\t<\/div>\n\t\t<\/div>\n\t\t\t\t\t<\/div>\n\t\t<\/section>\n\t\t\t\t<section class=\"elementor-section elementor-top-section elementor-element elementor-element-ae61c32 elementor-section-boxed elementor-section-height-default elementor-section-height-default\" data-id=\"ae61c32\" data-element_type=\"section\">\n\t\t\t\t\t\t<div class=\"elementor-container elementor-column-gap-default\">\n\t\t\t\t\t<div class=\"elementor-column elementor-col-100 elementor-top-column elementor-element elementor-element-23a2f34\" data-id=\"23a2f34\" data-element_type=\"column\">\n\t\t\t<div class=\"elementor-widget-wrap elementor-element-populated\">\n\t\t\t\t\t\t<div class=\"elementor-element elementor-element-f463ede elementor-widget elementor-widget-spacer\" data-id=\"f463ede\" data-element_type=\"widget\" data-widget_type=\"spacer.default\">\n\t\t\t\t\t\t\t<div class=\"elementor-spacer\">\n\t\t\t<div class=\"elementor-spacer-inner\"><\/div>\n\t\t<\/div>\n\t\t\t\t\t\t<\/div>\n\t\t\t\t<div class=\"elementor-element elementor-element-2b85754 elementor-widget-tablet__width-initial elementor-widget elementor-widget-heading\" data-id=\"2b85754\" data-element_type=\"widget\" data-widget_type=\"heading.default\">\n\t\t\t\t\t<h2 class=\"elementor-heading-title elementor-size-default\"><a href=\"https:\/\/tahr.mx\/en\/work\/\">WORK<\/a><\/h2>\t\t\t\t<\/div>\n\t\t\t\t\t<\/div>\n\t\t<\/div>\n\t\t\t\t\t<\/div>\n\t\t<\/section>\n\t\t\t\t<\/div>","protected":false},"excerpt":{"rendered":"<p>Pabell\u00f3n Expo Milan Nombre de Proyecto Pabell\u00f3n Expo Milan Estatus del Proyecto Concurso, Menci\u00f3n de Honor A\u00f1o 2014 Ubicaci\u00f3n Mil\u00e1n, Italia Tipolog\u00eda Cultural Proyecto por BulAu &#8211; Carlos Coronel \u00c1rea Construida 4,000 m2 Descripci\u00f3n El pabell\u00f3n se dise\u00f1\u00f3 en un terreno que conecta dos avenidas peatonales principales, aprovechando esta ubicaci\u00f3n para generar una planta baja [&hellip;]<\/p>","protected":false},"author":1,"featured_media":0,"parent":0,"menu_order":0,"comment_status":"closed","ping_status":"closed","template":"","meta":{"footnotes":""},"class_list":["post-3472","page","type-page","status-publish","hentry"],"_links":{"self":[{"href":"https:\/\/tahr.mx\/en\/wp-json\/wp\/v2\/pages\/3472","targetHints":{"allow":["GET"]}}],"collection":[{"href":"https:\/\/tahr.mx\/en\/wp-json\/wp\/v2\/pages"}],"about":[{"href":"https:\/\/tahr.mx\/en\/wp-json\/wp\/v2\/types\/page"}],"author":[{"embeddable":true,"href":"https:\/\/tahr.mx\/en\/wp-json\/wp\/v2\/users\/1"}],"replies":[{"embeddable":true,"href":"https:\/\/tahr.mx\/en\/wp-json\/wp\/v2\/comments?post=3472"}],"version-history":[{"count":55,"href":"https:\/\/tahr.mx\/en\/wp-json\/wp\/v2\/pages\/3472\/revisions"}],"predecessor-version":[{"id":9447,"href":"https:\/\/tahr.mx\/en\/wp-json\/wp\/v2\/pages\/3472\/revisions\/9447"}],"wp:attachment":[{"href":"https:\/\/tahr.mx\/en\/wp-json\/wp\/v2\/media?parent=3472"}],"curies":[{"name":"wp","href":"https:\/\/api.w.org\/{rel}","templated":true}]}}