{"id":3197,"date":"2023-12-10T21:40:12","date_gmt":"2023-12-11T03:40:12","guid":{"rendered":"https:\/\/tahr.mx\/?page_id=3197"},"modified":"2025-08-14T22:45:45","modified_gmt":"2025-08-15T04:45:45","slug":"sm42","status":"publish","type":"page","link":"https:\/\/tahr.mx\/en\/sm42\/","title":{"rendered":"SM42"},"content":{"rendered":"<div data-elementor-type=\"wp-page\" data-elementor-id=\"3197\" class=\"elementor elementor-3197\" data-elementor-post-type=\"page\">\n\t\t\t\t\t\t<section class=\"elementor-section elementor-top-section elementor-element elementor-element-29ec704 elementor-section-boxed elementor-section-height-default elementor-section-height-default\" data-id=\"29ec704\" data-element_type=\"section\">\n\t\t\t\t\t\t<div class=\"elementor-container elementor-column-gap-default\">\n\t\t\t\t\t<div class=\"elementor-column elementor-col-100 elementor-top-column elementor-element elementor-element-dca03b0\" data-id=\"dca03b0\" data-element_type=\"column\">\n\t\t\t<div class=\"elementor-widget-wrap elementor-element-populated\">\n\t\t\t\t\t\t<div class=\"elementor-element elementor-element-29e707d elementor-widget elementor-widget-spacer\" data-id=\"29e707d\" data-element_type=\"widget\" data-widget_type=\"spacer.default\">\n\t\t\t\t\t\t\t<div class=\"elementor-spacer\">\n\t\t\t<div class=\"elementor-spacer-inner\"><\/div>\n\t\t<\/div>\n\t\t\t\t\t\t<\/div>\n\t\t\t\t\t<\/div>\n\t\t<\/div>\n\t\t\t\t\t<\/div>\n\t\t<\/section>\n\t\t\t\t<section class=\"elementor-section elementor-top-section elementor-element elementor-element-ab4c833 elementor-section-boxed elementor-section-height-default elementor-section-height-default\" data-id=\"ab4c833\" data-element_type=\"section\">\n\t\t\t\t\t\t<div class=\"elementor-container elementor-column-gap-default\">\n\t\t\t\t\t<div class=\"elementor-column elementor-col-33 elementor-top-column elementor-element elementor-element-d4acd8b\" data-id=\"d4acd8b\" data-element_type=\"column\">\n\t\t\t<div class=\"elementor-widget-wrap elementor-element-populated\">\n\t\t\t\t<div class=\"elementor-element elementor-element-a76577b e-flex e-con-boxed e-con e-parent\" data-id=\"a76577b\" data-element_type=\"container\">\n\t\t\t\t\t<div class=\"e-con-inner\">\n\t\t<div class=\"elementor-element elementor-element-52b5e44 e-con-full e-flex e-con e-child\" data-id=\"52b5e44\" data-element_type=\"container\">\n\t\t\t\t<div class=\"elementor-element elementor-element-6adeb73 elementor-widget__width-initial elementor-widget-mobile__width-initial elementor-widget elementor-widget-heading\" data-id=\"6adeb73\" data-element_type=\"widget\" data-widget_type=\"heading.default\">\n\t\t\t\t\t<p class=\"elementor-heading-title elementor-size-default\">SM 42<\/p>\t\t\t\t<\/div>\n\t\t\t\t<\/div>\n\t\t\t\t\t<\/div>\n\t\t\t\t<\/div>\n\t\t<div class=\"elementor-element elementor-element-c1dda1f e-flex e-con-boxed e-con e-parent\" data-id=\"c1dda1f\" data-element_type=\"container\">\n\t\t\t\t\t<div class=\"e-con-inner\">\n\t\t<div class=\"elementor-element elementor-element-d64798f e-con-full e-flex e-con e-child\" data-id=\"d64798f\" data-element_type=\"container\">\n\t\t\t\t<div class=\"elementor-element elementor-element-5e41889 elementor-widget elementor-widget-heading\" data-id=\"5e41889\" data-element_type=\"widget\" data-widget_type=\"heading.default\">\n\t\t\t\t\t<h2 class=\"elementor-heading-title elementor-size-default\">Project Name<\/h2>\t\t\t\t<\/div>\n\t\t\t\t<\/div>\n\t\t<div class=\"elementor-element elementor-element-7d165be e-con-full e-flex e-con e-child\" data-id=\"7d165be\" data-element_type=\"container\">\n\t\t\t\t<div class=\"elementor-element elementor-element-a7a0cf0 elementor-widget elementor-widget-heading\" data-id=\"a7a0cf0\" data-element_type=\"widget\" data-widget_type=\"heading.default\">\n\t\t\t\t\t<h2 class=\"elementor-heading-title elementor-size-default\">SM 42<\/h2>\t\t\t\t<\/div>\n\t\t\t\t<\/div>\n\t\t\t\t\t<\/div>\n\t\t\t\t<\/div>\n\t\t<div class=\"elementor-element elementor-element-e066067 e-flex e-con-boxed e-con e-parent\" data-id=\"e066067\" data-element_type=\"container\">\n\t\t\t\t\t<div class=\"e-con-inner\">\n\t\t<div class=\"elementor-element elementor-element-8778f18 e-con-full e-flex e-con e-child\" data-id=\"8778f18\" data-element_type=\"container\">\n\t\t\t\t<div class=\"elementor-element elementor-element-7f50e83 elementor-widget elementor-widget-heading\" data-id=\"7f50e83\" data-element_type=\"widget\" data-widget_type=\"heading.default\">\n\t\t\t\t\t<h2 class=\"elementor-heading-title elementor-size-default\">Project Status<\/h2>\t\t\t\t<\/div>\n\t\t\t\t<\/div>\n\t\t<div class=\"elementor-element elementor-element-40a2a17 e-con-full e-flex e-con e-child\" data-id=\"40a2a17\" data-element_type=\"container\">\n\t\t\t\t<div class=\"elementor-element elementor-element-3d14c00 elementor-widget elementor-widget-heading\" data-id=\"3d14c00\" data-element_type=\"widget\" data-widget_type=\"heading.default\">\n\t\t\t\t\t<h2 class=\"elementor-heading-title elementor-size-default\">Architectural Project <\/h2>\t\t\t\t<\/div>\n\t\t\t\t<\/div>\n\t\t\t\t\t<\/div>\n\t\t\t\t<\/div>\n\t\t<div class=\"elementor-element elementor-element-88d13de e-flex e-con-boxed e-con e-parent\" data-id=\"88d13de\" data-element_type=\"container\">\n\t\t\t\t\t<div class=\"e-con-inner\">\n\t\t<div class=\"elementor-element elementor-element-7380bf8 e-con-full e-flex e-con e-child\" data-id=\"7380bf8\" data-element_type=\"container\">\n\t\t\t\t<div class=\"elementor-element elementor-element-d55be65 elementor-widget elementor-widget-heading\" data-id=\"d55be65\" data-element_type=\"widget\" data-widget_type=\"heading.default\">\n\t\t\t\t\t<h2 class=\"elementor-heading-title elementor-size-default\">Year<\/h2>\t\t\t\t<\/div>\n\t\t\t\t<\/div>\n\t\t<div class=\"elementor-element elementor-element-181bd57 e-con-full e-flex e-con e-child\" data-id=\"181bd57\" data-element_type=\"container\">\n\t\t\t\t<div class=\"elementor-element elementor-element-93b248b elementor-widget elementor-widget-heading\" data-id=\"93b248b\" data-element_type=\"widget\" data-widget_type=\"heading.default\">\n\t\t\t\t\t<h2 class=\"elementor-heading-title elementor-size-default\">2021<\/h2>\t\t\t\t<\/div>\n\t\t\t\t<\/div>\n\t\t\t\t\t<\/div>\n\t\t\t\t<\/div>\n\t\t<div class=\"elementor-element elementor-element-732c1ff e-flex e-con-boxed e-con e-parent\" data-id=\"732c1ff\" data-element_type=\"container\">\n\t\t\t\t\t<div class=\"e-con-inner\">\n\t\t<div class=\"elementor-element elementor-element-0b6b39d e-con-full e-flex e-con e-child\" data-id=\"0b6b39d\" data-element_type=\"container\">\n\t\t\t\t<div class=\"elementor-element elementor-element-94f4a5d elementor-widget elementor-widget-heading\" data-id=\"94f4a5d\" data-element_type=\"widget\" data-widget_type=\"heading.default\">\n\t\t\t\t\t<h2 class=\"elementor-heading-title elementor-size-default\">Location<\/h2>\t\t\t\t<\/div>\n\t\t\t\t<\/div>\n\t\t<div class=\"elementor-element elementor-element-30105f5 e-con-full e-flex e-con e-child\" data-id=\"30105f5\" data-element_type=\"container\">\n\t\t\t\t<div class=\"elementor-element elementor-element-9acb2e7 elementor-widget elementor-widget-heading\" data-id=\"9acb2e7\" data-element_type=\"widget\" data-widget_type=\"heading.default\">\n\t\t\t\t\t<h2 class=\"elementor-heading-title elementor-size-default\">Mexico City, Mexico<\/h2>\t\t\t\t<\/div>\n\t\t\t\t<\/div>\n\t\t\t\t\t<\/div>\n\t\t\t\t<\/div>\n\t\t<div class=\"elementor-element elementor-element-6aab118 e-flex e-con-boxed e-con e-parent\" data-id=\"6aab118\" data-element_type=\"container\">\n\t\t\t\t\t<div class=\"e-con-inner\">\n\t\t<div class=\"elementor-element elementor-element-73c7a30 e-con-full e-flex e-con e-child\" data-id=\"73c7a30\" data-element_type=\"container\">\n\t\t\t\t<div class=\"elementor-element elementor-element-034fd03 elementor-widget elementor-widget-heading\" data-id=\"034fd03\" data-element_type=\"widget\" data-widget_type=\"heading.default\">\n\t\t\t\t\t<h2 class=\"elementor-heading-title elementor-size-default\">Typology<\/h2>\t\t\t\t<\/div>\n\t\t\t\t<\/div>\n\t\t<div class=\"elementor-element elementor-element-53c7e64 e-con-full e-flex e-con e-child\" data-id=\"53c7e64\" data-element_type=\"container\">\n\t\t\t\t<div class=\"elementor-element elementor-element-f50c694 elementor-widget elementor-widget-heading\" data-id=\"f50c694\" data-element_type=\"widget\" data-widget_type=\"heading.default\">\n\t\t\t\t\t<h2 class=\"elementor-heading-title elementor-size-default\">Housing Development<\/h2>\t\t\t\t<\/div>\n\t\t\t\t<\/div>\n\t\t\t\t\t<\/div>\n\t\t\t\t<\/div>\n\t\t<div class=\"elementor-element elementor-element-93915e6 e-flex e-con-boxed e-con e-parent\" data-id=\"93915e6\" data-element_type=\"container\">\n\t\t\t\t\t<div class=\"e-con-inner\">\n\t\t<div class=\"elementor-element elementor-element-75f8882 e-con-full e-flex e-con e-child\" data-id=\"75f8882\" data-element_type=\"container\">\n\t\t\t\t<div class=\"elementor-element elementor-element-45f2634 elementor-widget elementor-widget-heading\" data-id=\"45f2634\" data-element_type=\"widget\" data-widget_type=\"heading.default\">\n\t\t\t\t\t<h2 class=\"elementor-heading-title elementor-size-default\">Project by<\/h2>\t\t\t\t<\/div>\n\t\t\t\t<\/div>\n\t\t<div class=\"elementor-element elementor-element-41b7cc2 e-con-full e-flex e-con e-child\" data-id=\"41b7cc2\" data-element_type=\"container\">\n\t\t\t\t<div class=\"elementor-element elementor-element-7fcfee2 elementor-widget elementor-widget-heading\" data-id=\"7fcfee2\" data-element_type=\"widget\" data-widget_type=\"heading.default\">\n\t\t\t\t\t<h2 class=\"elementor-heading-title elementor-size-default\">BulAu<\/h2>\t\t\t\t<\/div>\n\t\t\t\t<\/div>\n\t\t\t\t\t<\/div>\n\t\t\t\t<\/div>\n\t\t<div class=\"elementor-element elementor-element-3053cc1 e-flex e-con-boxed e-con e-parent\" data-id=\"3053cc1\" data-element_type=\"container\">\n\t\t\t\t\t<div class=\"e-con-inner\">\n\t\t<div class=\"elementor-element elementor-element-310f54f e-con-full e-flex e-con e-child\" data-id=\"310f54f\" data-element_type=\"container\">\n\t\t\t\t<div class=\"elementor-element elementor-element-195c023 elementor-widget elementor-widget-heading\" data-id=\"195c023\" data-element_type=\"widget\" data-widget_type=\"heading.default\">\n\t\t\t\t\t<h2 class=\"elementor-heading-title elementor-size-default\">Constructed Area<\/h2>\t\t\t\t<\/div>\n\t\t\t\t<\/div>\n\t\t<div class=\"elementor-element elementor-element-9d08316 e-con-full e-flex e-con e-child\" data-id=\"9d08316\" data-element_type=\"container\">\n\t\t\t\t<div class=\"elementor-element elementor-element-3d3b4b7 elementor-widget elementor-widget-heading\" data-id=\"3d3b4b7\" data-element_type=\"widget\" data-widget_type=\"heading.default\">\n\t\t\t\t\t<h2 class=\"elementor-heading-title elementor-size-default\">4,600m2<\/h2>\t\t\t\t<\/div>\n\t\t\t\t<\/div>\n\t\t\t\t\t<\/div>\n\t\t\t\t<\/div>\n\t\t<div class=\"elementor-element elementor-element-1095896 e-flex e-con-boxed e-con e-parent\" data-id=\"1095896\" data-element_type=\"container\">\n\t\t\t\t\t<div class=\"e-con-inner\">\n\t\t<div class=\"elementor-element elementor-element-65248c9 e-con-full e-flex e-con e-child\" data-id=\"65248c9\" data-element_type=\"container\">\n\t\t\t\t<div class=\"elementor-element elementor-element-8a9519f elementor-widget elementor-widget-text-editor\" data-id=\"8a9519f\" data-element_type=\"widget\" data-widget_type=\"text-editor.default\">\n\t\t\t\t\t\t\t\t\t<p><strong>Design Brief<\/strong><\/p>\t\t\t\t\t\t\t\t<\/div>\n\t\t\t\t<div class=\"elementor-element elementor-element-d4c8da7 elementor-widget elementor-widget-text-editor\" data-id=\"d4c8da7\" data-element_type=\"widget\" data-widget_type=\"text-editor.default\">\n\t\t\t\t\t\t\t\t\t<p>This project presents a proposal for 16 Modern Residential Units within the Historic Context of San Miguel Chapultepec, an Exclusive and Culturally Revitalized Neighborhood<br \/><br \/>It introduces 16 contemporary residences designed within the historic fabric of San Miguel Chapultepec, a quiet, exclusive neighborhood undergoing a cultural and artistic renaissance.\n\nA key aspect of the design is the preservation of all existing trees on site, which are integrated into the project through interior courtyards that provide natural light and visual connection to greenery throughout the residences. Each unit features a unique layout, with some designed as two-level apartments, enriching the architectural diversity and offering a broad range of living options.<br \/><br \/>The proposal aims to achieve contextual integration with its surroundings, including the preservation of an existing historic fa\u00e7ade as a respectful homage to the neighborhood\u2019s architectural heritage.<\/p>\t\t\t\t\t\t\t\t<\/div>\n\t\t\t\t<\/div>\n\t\t\t\t\t<\/div>\n\t\t\t\t<\/div>\n\t\t\t\t<div class=\"elementor-element elementor-element-c95b4d2 elementor-widget elementor-widget-spacer\" data-id=\"c95b4d2\" data-element_type=\"widget\" data-widget_type=\"spacer.default\">\n\t\t\t\t\t\t\t<div class=\"elementor-spacer\">\n\t\t\t<div class=\"elementor-spacer-inner\"><\/div>\n\t\t<\/div>\n\t\t\t\t\t\t<\/div>\n\t\t<div class=\"elementor-element elementor-element-dd23018 e-flex e-con-boxed e-con e-parent\" data-id=\"dd23018\" data-element_type=\"container\">\n\t\t\t\t\t<div class=\"e-con-inner\">\n\t\t<div class=\"elementor-element elementor-element-112a360 e-con-full e-flex e-con e-child\" data-id=\"112a360\" data-element_type=\"container\">\n\t\t\t\t<div class=\"elementor-element elementor-element-4b905d0 elementor-widget elementor-widget-heading\" data-id=\"4b905d0\" data-element_type=\"widget\" data-widget_type=\"heading.default\">\n\t\t\t\t\t<h2 class=\"elementor-heading-title elementor-size-default\">Client<\/h2>\t\t\t\t<\/div>\n\t\t\t\t<\/div>\n\t\t<div class=\"elementor-element elementor-element-f003a35 e-con-full e-flex e-con e-child\" data-id=\"f003a35\" data-element_type=\"container\">\n\t\t\t\t<div class=\"elementor-element elementor-element-668a95b elementor-widget elementor-widget-heading\" data-id=\"668a95b\" data-element_type=\"widget\" data-widget_type=\"heading.default\">\n\t\t\t\t\t<h2 class=\"elementor-heading-title elementor-size-default\">Private<\/h2>\t\t\t\t<\/div>\n\t\t\t\t<\/div>\n\t\t\t\t\t<\/div>\n\t\t\t\t<\/div>\n\t\t<div class=\"elementor-element elementor-element-daff909 e-flex e-con-boxed e-con e-parent\" data-id=\"daff909\" data-element_type=\"container\">\n\t\t\t\t\t<div class=\"e-con-inner\">\n\t\t<div class=\"elementor-element elementor-element-64acb9b e-con-full e-flex e-con e-child\" data-id=\"64acb9b\" data-element_type=\"container\">\n\t\t\t\t<div class=\"elementor-element elementor-element-ca8fe8e elementor-widget elementor-widget-heading\" data-id=\"ca8fe8e\" data-element_type=\"widget\" data-widget_type=\"heading.default\">\n\t\t\t\t\t<h2 class=\"elementor-heading-title elementor-size-default\">Renders<\/h2>\t\t\t\t<\/div>\n\t\t\t\t<\/div>\n\t\t<div class=\"elementor-element elementor-element-4feed9c e-con-full e-flex e-con e-child\" data-id=\"4feed9c\" data-element_type=\"container\">\n\t\t\t\t<div class=\"elementor-element elementor-element-5595cba elementor-widget elementor-widget-heading\" data-id=\"5595cba\" data-element_type=\"widget\" data-widget_type=\"heading.default\">\n\t\t\t\t\t<h2 class=\"elementor-heading-title elementor-size-default\">BulAu<\/h2>\t\t\t\t<\/div>\n\t\t\t\t<\/div>\n\t\t\t\t\t<\/div>\n\t\t\t\t<\/div>\n\t\t<div class=\"elementor-element elementor-element-9e36930 e-flex e-con-boxed e-con e-parent\" data-id=\"9e36930\" data-element_type=\"container\">\n\t\t\t\t\t<div class=\"e-con-inner\">\n\t\t<div class=\"elementor-element elementor-element-8df30c8 e-con-full e-flex e-con e-child\" data-id=\"8df30c8\" data-element_type=\"container\">\n\t\t\t\t<div class=\"elementor-element elementor-element-80bb9b2 elementor-widget elementor-widget-heading\" data-id=\"80bb9b2\" data-element_type=\"widget\" data-widget_type=\"heading.default\">\n\t\t\t\t\t<h2 class=\"elementor-heading-title elementor-size-default\">Credits<\/h2>\t\t\t\t<\/div>\n\t\t\t\t<\/div>\n\t\t<div class=\"elementor-element elementor-element-b723957 e-con-full e-flex e-con e-child\" data-id=\"b723957\" data-element_type=\"container\">\n\t\t\t\t<div class=\"elementor-element elementor-element-58eac2d elementor-widget elementor-widget-heading\" data-id=\"58eac2d\" data-element_type=\"widget\" data-widget_type=\"heading.default\">\n\t\t\t\t\t<h2 class=\"elementor-heading-title elementor-size-default\">H\u00e9ctor de la Pe\u00f1a<\/h2>\t\t\t\t<\/div>\n\t\t\t\t<\/div>\n\t\t\t\t\t<\/div>\n\t\t\t\t<\/div>\n\t\t\t\t\t<\/div>\n\t\t<\/div>\n\t\t\t\t<div class=\"elementor-column elementor-col-33 elementor-top-column elementor-element elementor-element-66bc7d1\" data-id=\"66bc7d1\" data-element_type=\"column\">\n\t\t\t<div class=\"elementor-widget-wrap\">\n\t\t\t\t\t\t\t<\/div>\n\t\t<\/div>\n\t\t\t\t<div class=\"elementor-column elementor-col-33 elementor-top-column elementor-element elementor-element-5db19ac\" data-id=\"5db19ac\" data-element_type=\"column\">\n\t\t\t<div class=\"elementor-widget-wrap elementor-element-populated\">\n\t\t\t\t\t\t<div class=\"elementor-element elementor-element-f40e729 elementor-widget elementor-widget-image\" data-id=\"f40e729\" data-element_type=\"widget\" data-widget_type=\"image.default\">\n\t\t\t\t\t\t\t\t\t\t\t\t\t\t\t<img fetchpriority=\"high\" decoding=\"async\" width=\"2560\" height=\"1280\" src=\"https:\/\/tahr.mx\/wp-content\/uploads\/2023\/12\/00-ICONO-Camara_01_FINAL-scaled.jpg\" class=\"attachment-full size-full wp-image-3193\" alt=\"TAHR_Housing_Development_Project_SM42_08\" srcset=\"https:\/\/tahr.mx\/wp-content\/uploads\/2023\/12\/00-ICONO-Camara_01_FINAL-scaled.jpg 2560w, https:\/\/tahr.mx\/wp-content\/uploads\/2023\/12\/00-ICONO-Camara_01_FINAL-300x150.jpg 300w, https:\/\/tahr.mx\/wp-content\/uploads\/2023\/12\/00-ICONO-Camara_01_FINAL-1024x512.jpg 1024w, https:\/\/tahr.mx\/wp-content\/uploads\/2023\/12\/00-ICONO-Camara_01_FINAL-768x384.jpg 768w, https:\/\/tahr.mx\/wp-content\/uploads\/2023\/12\/00-ICONO-Camara_01_FINAL-1536x768.jpg 1536w, https:\/\/tahr.mx\/wp-content\/uploads\/2023\/12\/00-ICONO-Camara_01_FINAL-2048x1024.jpg 2048w\" sizes=\"(max-width: 2560px) 100vw, 2560px\" \/>\t\t\t\t\t\t\t\t\t\t\t\t\t\t\t<\/div>\n\t\t\t\t\t<\/div>\n\t\t<\/div>\n\t\t\t\t\t<\/div>\n\t\t<\/section>\n\t\t\t\t<section class=\"elementor-section elementor-top-section elementor-element elementor-element-30681bd elementor-section-boxed elementor-section-height-default elementor-section-height-default\" data-id=\"30681bd\" data-element_type=\"section\">\n\t\t\t\t\t\t<div class=\"elementor-container elementor-column-gap-default\">\n\t\t\t\t\t<div class=\"elementor-column elementor-col-100 elementor-top-column elementor-element elementor-element-238f736\" data-id=\"238f736\" data-element_type=\"column\">\n\t\t\t<div class=\"elementor-widget-wrap elementor-element-populated\">\n\t\t\t\t\t\t<div class=\"elementor-element elementor-element-7f97122 elementor-widget elementor-widget-spacer\" data-id=\"7f97122\" data-element_type=\"widget\" data-widget_type=\"spacer.default\">\n\t\t\t\t\t\t\t<div class=\"elementor-spacer\">\n\t\t\t<div class=\"elementor-spacer-inner\"><\/div>\n\t\t<\/div>\n\t\t\t\t\t\t<\/div>\n\t\t\t\t\t<\/div>\n\t\t<\/div>\n\t\t\t\t\t<\/div>\n\t\t<\/section>\n\t\t\t\t<section class=\"elementor-section elementor-top-section elementor-element elementor-element-4f7978e elementor-section-boxed elementor-section-height-default elementor-section-height-default\" data-id=\"4f7978e\" data-element_type=\"section\">\n\t\t\t\t\t\t<div class=\"elementor-container elementor-column-gap-default\">\n\t\t\t\t\t<div class=\"elementor-column elementor-col-100 elementor-top-column elementor-element elementor-element-a1b1c7c\" data-id=\"a1b1c7c\" data-element_type=\"column\">\n\t\t\t<div class=\"elementor-widget-wrap elementor-element-populated\">\n\t\t\t\t\t\t<div class=\"elementor-element elementor-element-288c7c1 elementor-arrows-position-outside elementor--h-position-center elementor--v-position-middle elementor-widget elementor-widget-slides\" data-id=\"288c7c1\" data-element_type=\"widget\" data-settings=\"{&quot;navigation&quot;:&quot;arrows&quot;,&quot;infinite&quot;:&quot;yes&quot;,&quot;transition&quot;:&quot;slide&quot;,&quot;transition_speed&quot;:500}\" data-widget_type=\"slides.default\">\n\t\t\t\t\t\t\t\t\t\t<div class=\"elementor-slides-wrapper elementor-main-swiper swiper\" role=\"region\" aria-roledescription=\"carousel\" aria-label=\"Slides\" dir=\"ltr\" data-animation=\"\">\n\t\t\t\t<div class=\"swiper-wrapper elementor-slides\">\n\t\t\t\t\t\t\t\t\t\t<div class=\"elementor-repeater-item-5931541 swiper-slide\" role=\"group\" aria-roledescription=\"slide\"><div class=\"swiper-slide-bg\" role=\"img\"><\/div><div class=\"swiper-slide-inner\" ><div class=\"swiper-slide-contents\"><\/div><\/div><\/div><div class=\"elementor-repeater-item-b4e269e swiper-slide\" role=\"group\" aria-roledescription=\"slide\"><div class=\"swiper-slide-bg\" role=\"img\"><\/div><div class=\"swiper-slide-inner\" ><div class=\"swiper-slide-contents\"><\/div><\/div><\/div><div class=\"elementor-repeater-item-e65dcf2 swiper-slide\" role=\"group\" aria-roledescription=\"slide\"><div class=\"swiper-slide-bg\" role=\"img\"><\/div><div class=\"swiper-slide-inner\" ><div class=\"swiper-slide-contents\"><\/div><\/div><\/div><div class=\"elementor-repeater-item-06a2788 swiper-slide\" role=\"group\" aria-roledescription=\"slide\"><div class=\"swiper-slide-bg\" role=\"img\"><\/div><div class=\"swiper-slide-inner\" ><div class=\"swiper-slide-contents\"><\/div><\/div><\/div><div class=\"elementor-repeater-item-6067591 swiper-slide\" role=\"group\" aria-roledescription=\"slide\"><div class=\"swiper-slide-bg\" role=\"img\"><\/div><div class=\"swiper-slide-inner\" ><div class=\"swiper-slide-contents\"><\/div><\/div><\/div><div class=\"elementor-repeater-item-2109dac swiper-slide\" role=\"group\" aria-roledescription=\"slide\"><div class=\"swiper-slide-bg\" role=\"img\"><\/div><div class=\"swiper-slide-inner\" ><div class=\"swiper-slide-contents\"><\/div><\/div><\/div><div class=\"elementor-repeater-item-8eeffe4 swiper-slide\" role=\"group\" aria-roledescription=\"slide\"><div class=\"swiper-slide-bg\" role=\"img\"><\/div><div class=\"swiper-slide-inner\" ><div class=\"swiper-slide-contents\"><\/div><\/div><\/div>\t\t\t\t<\/div>\n\t\t\t\t\t\t\t\t\t\t\t\t\t\t\t<div class=\"elementor-swiper-button elementor-swiper-button-prev\" role=\"button\" tabindex=\"0\" aria-label=\"Previous slide\">\n\t\t\t\t\t\t\t<svg aria-hidden=\"true\" class=\"e-font-icon-svg e-eicon-chevron-left\" viewbox=\"0 0 1000 1000\" xmlns=\"http:\/\/www.w3.org\/2000\/svg\"><path d=\"M646 125C629 125 613 133 604 142L308 442C296 454 292 471 292 487 292 504 296 521 308 533L604 854C617 867 629 875 646 875 663 875 679 871 692 858 704 846 713 829 713 812 713 796 708 779 692 767L438 487 692 225C700 217 708 204 708 187 708 171 704 154 692 142 675 129 663 125 646 125Z\"><\/path><\/svg>\t\t\t\t\t\t<\/div>\n\t\t\t\t\t\t<div class=\"elementor-swiper-button elementor-swiper-button-next\" role=\"button\" tabindex=\"0\" aria-label=\"Next slide\">\n\t\t\t\t\t\t\t<svg aria-hidden=\"true\" class=\"e-font-icon-svg e-eicon-chevron-right\" viewbox=\"0 0 1000 1000\" xmlns=\"http:\/\/www.w3.org\/2000\/svg\"><path d=\"M696 533C708 521 713 504 713 487 713 471 708 454 696 446L400 146C388 133 375 125 354 125 338 125 325 129 313 142 300 154 292 171 292 187 292 204 296 221 308 233L563 492 304 771C292 783 288 800 288 817 288 833 296 850 308 863 321 871 338 875 354 875 371 875 388 867 400 854L696 533Z\"><\/path><\/svg>\t\t\t\t\t\t<\/div>\n\t\t\t\t\t\t\t\t\t\t\t\t\t\t\t\t\t<\/div>\n\t\t\t\t\t\t\t\t<\/div>\n\t\t\t\t\t<\/div>\n\t\t<\/div>\n\t\t\t\t\t<\/div>\n\t\t<\/section>\n\t\t\t\t<section class=\"elementor-section elementor-top-section elementor-element elementor-element-6900812 elementor-section-boxed elementor-section-height-default elementor-section-height-default\" data-id=\"6900812\" data-element_type=\"section\">\n\t\t\t\t\t\t<div class=\"elementor-container elementor-column-gap-default\">\n\t\t\t\t\t<div class=\"elementor-column elementor-col-100 elementor-top-column elementor-element elementor-element-11e9c4f\" data-id=\"11e9c4f\" data-element_type=\"column\">\n\t\t\t<div class=\"elementor-widget-wrap elementor-element-populated\">\n\t\t\t\t\t\t<div class=\"elementor-element elementor-element-359d289 elementor-widget elementor-widget-spacer\" data-id=\"359d289\" data-element_type=\"widget\" data-widget_type=\"spacer.default\">\n\t\t\t\t\t\t\t<div class=\"elementor-spacer\">\n\t\t\t<div class=\"elementor-spacer-inner\"><\/div>\n\t\t<\/div>\n\t\t\t\t\t\t<\/div>\n\t\t\t\t<div class=\"elementor-element elementor-element-c8f013d elementor-widget-tablet__width-initial elementor-widget elementor-widget-heading\" data-id=\"c8f013d\" data-element_type=\"widget\" data-widget_type=\"heading.default\">\n\t\t\t\t\t<h2 class=\"elementor-heading-title elementor-size-default\"><a href=\"https:\/\/tahr.mx\/en\/work\/\">WORK<\/a><\/h2>\t\t\t\t<\/div>\n\t\t\t\t\t<\/div>\n\t\t<\/div>\n\t\t\t\t\t<\/div>\n\t\t<\/section>\n\t\t\t\t<\/div>","protected":false},"excerpt":{"rendered":"<p>SM 42 Nombre de Proyecto SM 42 Estatus del Proyecto Proyecto arquitect\u00f3nico A\u00f1o 2021 Ubicaci\u00f3n Ciudad de M\u00e9xico, M\u00e9xico Tipolog\u00eda Desarrollo Habitacional Proyecto por BulAu \u00c1rea Construida 4,600m2 Descripci\u00f3n Propuesta de 16 viviendas residenciales modernas en el entorno hist\u00f3rico de la colonia San Miguel Chapultepec, barrio tranquilo de gran exclusividad y con un renacimiento cultural [&hellip;]<\/p>","protected":false},"author":1,"featured_media":0,"parent":0,"menu_order":0,"comment_status":"closed","ping_status":"closed","template":"","meta":{"footnotes":""},"class_list":["post-3197","page","type-page","status-publish","hentry"],"_links":{"self":[{"href":"https:\/\/tahr.mx\/en\/wp-json\/wp\/v2\/pages\/3197","targetHints":{"allow":["GET"]}}],"collection":[{"href":"https:\/\/tahr.mx\/en\/wp-json\/wp\/v2\/pages"}],"about":[{"href":"https:\/\/tahr.mx\/en\/wp-json\/wp\/v2\/types\/page"}],"author":[{"embeddable":true,"href":"https:\/\/tahr.mx\/en\/wp-json\/wp\/v2\/users\/1"}],"replies":[{"embeddable":true,"href":"https:\/\/tahr.mx\/en\/wp-json\/wp\/v2\/comments?post=3197"}],"version-history":[{"count":47,"href":"https:\/\/tahr.mx\/en\/wp-json\/wp\/v2\/pages\/3197\/revisions"}],"predecessor-version":[{"id":9221,"href":"https:\/\/tahr.mx\/en\/wp-json\/wp\/v2\/pages\/3197\/revisions\/9221"}],"wp:attachment":[{"href":"https:\/\/tahr.mx\/en\/wp-json\/wp\/v2\/media?parent=3197"}],"curies":[{"name":"wp","href":"https:\/\/api.w.org\/{rel}","templated":true}]}}