{"id":3158,"date":"2023-12-08T01:25:01","date_gmt":"2023-12-08T07:25:01","guid":{"rendered":"https:\/\/tahr.mx\/?page_id=3158"},"modified":"2025-08-14T22:55:15","modified_gmt":"2025-08-15T04:55:15","slug":"torres-balderas","status":"publish","type":"page","link":"https:\/\/tahr.mx\/en\/torres-balderas\/","title":{"rendered":"Torres Balderas"},"content":{"rendered":"<div data-elementor-type=\"wp-page\" data-elementor-id=\"3158\" class=\"elementor elementor-3158\" data-elementor-post-type=\"page\">\n\t\t\t\t\t\t<section class=\"elementor-section elementor-top-section elementor-element elementor-element-29ec704 elementor-section-boxed elementor-section-height-default elementor-section-height-default\" data-id=\"29ec704\" data-element_type=\"section\">\n\t\t\t\t\t\t<div class=\"elementor-container elementor-column-gap-default\">\n\t\t\t\t\t<div class=\"elementor-column elementor-col-100 elementor-top-column elementor-element elementor-element-dca03b0\" data-id=\"dca03b0\" data-element_type=\"column\">\n\t\t\t<div class=\"elementor-widget-wrap elementor-element-populated\">\n\t\t\t\t\t\t<div class=\"elementor-element elementor-element-29e707d elementor-widget elementor-widget-spacer\" data-id=\"29e707d\" data-element_type=\"widget\" data-widget_type=\"spacer.default\">\n\t\t\t\t\t\t\t<div class=\"elementor-spacer\">\n\t\t\t<div class=\"elementor-spacer-inner\"><\/div>\n\t\t<\/div>\n\t\t\t\t\t\t<\/div>\n\t\t\t\t\t<\/div>\n\t\t<\/div>\n\t\t\t\t\t<\/div>\n\t\t<\/section>\n\t\t\t\t<section class=\"elementor-section elementor-top-section elementor-element elementor-element-e7d427c elementor-section-boxed elementor-section-height-default elementor-section-height-default\" data-id=\"e7d427c\" data-element_type=\"section\">\n\t\t\t\t\t\t<div class=\"elementor-container elementor-column-gap-default\">\n\t\t\t\t\t<div class=\"elementor-column elementor-col-33 elementor-top-column elementor-element elementor-element-1e021ef\" data-id=\"1e021ef\" data-element_type=\"column\">\n\t\t\t<div class=\"elementor-widget-wrap elementor-element-populated\">\n\t\t\t\t<div class=\"elementor-element elementor-element-f5ff841 e-flex e-con-boxed e-con e-parent\" data-id=\"f5ff841\" data-element_type=\"container\">\n\t\t\t\t\t<div class=\"e-con-inner\">\n\t\t<div class=\"elementor-element elementor-element-9d4cc8e e-con-full e-flex e-con e-child\" data-id=\"9d4cc8e\" data-element_type=\"container\">\n\t\t\t\t<div class=\"elementor-element elementor-element-df5de56 elementor-widget__width-initial elementor-widget-mobile__width-initial elementor-widget elementor-widget-heading\" data-id=\"df5de56\" data-element_type=\"widget\" data-widget_type=\"heading.default\">\n\t\t\t\t\t<p class=\"elementor-heading-title elementor-size-default\">Torre Balderas<\/p>\t\t\t\t<\/div>\n\t\t\t\t<\/div>\n\t\t\t\t\t<\/div>\n\t\t\t\t<\/div>\n\t\t<div class=\"elementor-element elementor-element-e40be54 e-flex e-con-boxed e-con e-parent\" data-id=\"e40be54\" data-element_type=\"container\">\n\t\t\t\t\t<div class=\"e-con-inner\">\n\t\t<div class=\"elementor-element elementor-element-8112397 e-con-full e-flex e-con e-child\" data-id=\"8112397\" data-element_type=\"container\">\n\t\t\t\t<div class=\"elementor-element elementor-element-a3c6018 elementor-widget elementor-widget-heading\" data-id=\"a3c6018\" data-element_type=\"widget\" data-widget_type=\"heading.default\">\n\t\t\t\t\t<h2 class=\"elementor-heading-title elementor-size-default\">Project Name<\/h2>\t\t\t\t<\/div>\n\t\t\t\t<\/div>\n\t\t<div class=\"elementor-element elementor-element-73d14ca e-con-full e-flex e-con e-child\" data-id=\"73d14ca\" data-element_type=\"container\">\n\t\t\t\t<div class=\"elementor-element elementor-element-9c11c89 elementor-widget elementor-widget-heading\" data-id=\"9c11c89\" data-element_type=\"widget\" data-widget_type=\"heading.default\">\n\t\t\t\t\t<h2 class=\"elementor-heading-title elementor-size-default\">Torre Balderas<\/h2>\t\t\t\t<\/div>\n\t\t\t\t<\/div>\n\t\t\t\t\t<\/div>\n\t\t\t\t<\/div>\n\t\t<div class=\"elementor-element elementor-element-6b2dfd0 e-flex e-con-boxed e-con e-parent\" data-id=\"6b2dfd0\" data-element_type=\"container\">\n\t\t\t\t\t<div class=\"e-con-inner\">\n\t\t<div class=\"elementor-element elementor-element-207517a e-con-full e-flex e-con e-child\" data-id=\"207517a\" data-element_type=\"container\">\n\t\t\t\t<div class=\"elementor-element elementor-element-71e17a7 elementor-widget elementor-widget-heading\" data-id=\"71e17a7\" data-element_type=\"widget\" data-widget_type=\"heading.default\">\n\t\t\t\t\t<h2 class=\"elementor-heading-title elementor-size-default\">Project Status<\/h2>\t\t\t\t<\/div>\n\t\t\t\t<\/div>\n\t\t<div class=\"elementor-element elementor-element-a18ac5e e-con-full e-flex e-con e-child\" data-id=\"a18ac5e\" data-element_type=\"container\">\n\t\t\t\t<div class=\"elementor-element elementor-element-9f0bd89 elementor-widget elementor-widget-heading\" data-id=\"9f0bd89\" data-element_type=\"widget\" data-widget_type=\"heading.default\">\n\t\t\t\t\t<h2 class=\"elementor-heading-title elementor-size-default\">Under construction<\/h2>\t\t\t\t<\/div>\n\t\t\t\t<\/div>\n\t\t\t\t\t<\/div>\n\t\t\t\t<\/div>\n\t\t<div class=\"elementor-element elementor-element-71ae709 e-flex e-con-boxed e-con e-parent\" data-id=\"71ae709\" data-element_type=\"container\">\n\t\t\t\t\t<div class=\"e-con-inner\">\n\t\t<div class=\"elementor-element elementor-element-4be6ff4 e-con-full e-flex e-con e-child\" data-id=\"4be6ff4\" data-element_type=\"container\">\n\t\t\t\t<div class=\"elementor-element elementor-element-b367e71 elementor-widget elementor-widget-heading\" data-id=\"b367e71\" data-element_type=\"widget\" data-widget_type=\"heading.default\">\n\t\t\t\t\t<h2 class=\"elementor-heading-title elementor-size-default\">Year<\/h2>\t\t\t\t<\/div>\n\t\t\t\t<\/div>\n\t\t<div class=\"elementor-element elementor-element-ffc1000 e-con-full e-flex e-con e-child\" data-id=\"ffc1000\" data-element_type=\"container\">\n\t\t\t\t<div class=\"elementor-element elementor-element-18b06ca elementor-widget elementor-widget-heading\" data-id=\"18b06ca\" data-element_type=\"widget\" data-widget_type=\"heading.default\">\n\t\t\t\t\t<h2 class=\"elementor-heading-title elementor-size-default\">2019<\/h2>\t\t\t\t<\/div>\n\t\t\t\t<\/div>\n\t\t\t\t\t<\/div>\n\t\t\t\t<\/div>\n\t\t<div class=\"elementor-element elementor-element-511c5d6 e-flex e-con-boxed e-con e-parent\" data-id=\"511c5d6\" data-element_type=\"container\">\n\t\t\t\t\t<div class=\"e-con-inner\">\n\t\t<div class=\"elementor-element elementor-element-1d2e70a e-con-full e-flex e-con e-child\" data-id=\"1d2e70a\" data-element_type=\"container\">\n\t\t\t\t<div class=\"elementor-element elementor-element-34d894f elementor-widget elementor-widget-heading\" data-id=\"34d894f\" data-element_type=\"widget\" data-widget_type=\"heading.default\">\n\t\t\t\t\t<h2 class=\"elementor-heading-title elementor-size-default\">Location<\/h2>\t\t\t\t<\/div>\n\t\t\t\t<\/div>\n\t\t<div class=\"elementor-element elementor-element-a0a9731 e-con-full e-flex e-con e-child\" data-id=\"a0a9731\" data-element_type=\"container\">\n\t\t\t\t<div class=\"elementor-element elementor-element-657063e elementor-widget elementor-widget-heading\" data-id=\"657063e\" data-element_type=\"widget\" data-widget_type=\"heading.default\">\n\t\t\t\t\t<h2 class=\"elementor-heading-title elementor-size-default\">Mexico City, Mexico <\/h2>\t\t\t\t<\/div>\n\t\t\t\t<\/div>\n\t\t\t\t\t<\/div>\n\t\t\t\t<\/div>\n\t\t<div class=\"elementor-element elementor-element-84bf728 e-flex e-con-boxed e-con e-parent\" data-id=\"84bf728\" data-element_type=\"container\">\n\t\t\t\t\t<div class=\"e-con-inner\">\n\t\t<div class=\"elementor-element elementor-element-9bd9e8f e-con-full e-flex e-con e-child\" data-id=\"9bd9e8f\" data-element_type=\"container\">\n\t\t\t\t<div class=\"elementor-element elementor-element-e0cd99f elementor-widget elementor-widget-heading\" data-id=\"e0cd99f\" data-element_type=\"widget\" data-widget_type=\"heading.default\">\n\t\t\t\t\t<h2 class=\"elementor-heading-title elementor-size-default\">Typology<\/h2>\t\t\t\t<\/div>\n\t\t\t\t<\/div>\n\t\t<div class=\"elementor-element elementor-element-32ab149 e-con-full e-flex e-con e-child\" data-id=\"32ab149\" data-element_type=\"container\">\n\t\t\t\t<div class=\"elementor-element elementor-element-d7ac060 elementor-widget elementor-widget-heading\" data-id=\"d7ac060\" data-element_type=\"widget\" data-widget_type=\"heading.default\">\n\t\t\t\t\t<h2 class=\"elementor-heading-title elementor-size-default\">Residential <\/h2>\t\t\t\t<\/div>\n\t\t\t\t<\/div>\n\t\t\t\t\t<\/div>\n\t\t\t\t<\/div>\n\t\t<div class=\"elementor-element elementor-element-7dd0d13 e-flex e-con-boxed e-con e-parent\" data-id=\"7dd0d13\" data-element_type=\"container\">\n\t\t\t\t\t<div class=\"e-con-inner\">\n\t\t<div class=\"elementor-element elementor-element-76af0db e-con-full e-flex e-con e-child\" data-id=\"76af0db\" data-element_type=\"container\">\n\t\t\t\t<div class=\"elementor-element elementor-element-52fc8cb elementor-widget elementor-widget-heading\" data-id=\"52fc8cb\" data-element_type=\"widget\" data-widget_type=\"heading.default\">\n\t\t\t\t\t<h2 class=\"elementor-heading-title elementor-size-default\">Project by<\/h2>\t\t\t\t<\/div>\n\t\t\t\t<\/div>\n\t\t<div class=\"elementor-element elementor-element-dd36603 e-con-full e-flex e-con e-child\" data-id=\"dd36603\" data-element_type=\"container\">\n\t\t\t\t<div class=\"elementor-element elementor-element-fb2e6f3 elementor-widget elementor-widget-heading\" data-id=\"fb2e6f3\" data-element_type=\"widget\" data-widget_type=\"heading.default\">\n\t\t\t\t\t<h2 class=\"elementor-heading-title elementor-size-default\">BulAu<\/h2>\t\t\t\t<\/div>\n\t\t\t\t<\/div>\n\t\t\t\t\t<\/div>\n\t\t\t\t<\/div>\n\t\t<div class=\"elementor-element elementor-element-9ed50f7 e-flex e-con-boxed e-con e-parent\" data-id=\"9ed50f7\" data-element_type=\"container\">\n\t\t\t\t\t<div class=\"e-con-inner\">\n\t\t<div class=\"elementor-element elementor-element-44a5464 e-con-full e-flex e-con e-child\" data-id=\"44a5464\" data-element_type=\"container\">\n\t\t\t\t<div class=\"elementor-element elementor-element-3c0e0dc elementor-widget elementor-widget-heading\" data-id=\"3c0e0dc\" data-element_type=\"widget\" data-widget_type=\"heading.default\">\n\t\t\t\t\t<h2 class=\"elementor-heading-title elementor-size-default\">Constructed Area<\/h2>\t\t\t\t<\/div>\n\t\t\t\t<\/div>\n\t\t<div class=\"elementor-element elementor-element-564f7e5 e-con-full e-flex e-con e-child\" data-id=\"564f7e5\" data-element_type=\"container\">\n\t\t\t\t<div class=\"elementor-element elementor-element-72eea03 elementor-widget elementor-widget-heading\" data-id=\"72eea03\" data-element_type=\"widget\" data-widget_type=\"heading.default\">\n\t\t\t\t\t<h2 class=\"elementor-heading-title elementor-size-default\">10,560 m2<\/h2>\t\t\t\t<\/div>\n\t\t\t\t<\/div>\n\t\t\t\t\t<\/div>\n\t\t\t\t<\/div>\n\t\t<div class=\"elementor-element elementor-element-a0a87f0 e-flex e-con-boxed e-con e-parent\" data-id=\"a0a87f0\" data-element_type=\"container\">\n\t\t\t\t\t<div class=\"e-con-inner\">\n\t\t<div class=\"elementor-element elementor-element-a2ade0e e-con-full e-flex e-con e-child\" data-id=\"a2ade0e\" data-element_type=\"container\">\n\t\t\t\t<div class=\"elementor-element elementor-element-e46b77c elementor-widget elementor-widget-text-editor\" data-id=\"e46b77c\" data-element_type=\"widget\" data-widget_type=\"text-editor.default\">\n\t\t\t\t\t\t\t\t\t<p><strong>Design Brief<\/strong><\/p>\t\t\t\t\t\t\t\t<\/div>\n\t\t\t\t<div class=\"elementor-element elementor-element-0696388 elementor-widget elementor-widget-text-editor\" data-id=\"0696388\" data-element_type=\"widget\" data-widget_type=\"text-editor.default\">\n\t\t\t\t\t\t\t\t\t<p>A residential complex of minimum surface apartments aimed at young people or small families seeking a home in the center of Mexico City. The architectural proposal considered the use of two towers connected at the ground floor with common areas. In total, 160 housing units were provided throughout the complex.\n\nAdditionally, the project integrates with its neighboring buildings, maintaining a formal composition in terms of color, proportions in facades, rhythm, harmony, and construction materials that are in accordance with the surrounding heritage context, particularly that of the Biblioteca de M\u00e9xico, located across the street from the project.<br \/>La propuesta arquitect\u00f3nica consider\u00f3 en el dise\u00f1o utilizar dos torres unidas en planta baja con las \u00e1reas en com\u00fan. En total se dio soluci\u00f3n a 160 viviendas en<br \/>todo el conjunto.<br \/>Adem\u00e1s, el proyecto se integra a sus edificios colindantes, con una composici\u00f3n formal de color, proporciones en fachadas, ritmo, armon\u00eda y materiales de construcci\u00f3n acorde al contexto patrimonial especialmente de la Biblioteca de M\u00e9xico, situada en la acera del frente al proyecto.<\/p>\t\t\t\t\t\t\t\t<\/div>\n\t\t\t\t<\/div>\n\t\t\t\t\t<\/div>\n\t\t\t\t<\/div>\n\t\t\t\t<div class=\"elementor-element elementor-element-e7d4d00 elementor-widget elementor-widget-spacer\" data-id=\"e7d4d00\" data-element_type=\"widget\" data-widget_type=\"spacer.default\">\n\t\t\t\t\t\t\t<div class=\"elementor-spacer\">\n\t\t\t<div class=\"elementor-spacer-inner\"><\/div>\n\t\t<\/div>\n\t\t\t\t\t\t<\/div>\n\t\t<div class=\"elementor-element elementor-element-894bf06 e-flex e-con-boxed e-con e-parent\" data-id=\"894bf06\" data-element_type=\"container\">\n\t\t\t\t\t<div class=\"e-con-inner\">\n\t\t<div class=\"elementor-element elementor-element-5301ab5 e-con-full e-flex e-con e-child\" data-id=\"5301ab5\" data-element_type=\"container\">\n\t\t\t\t<div class=\"elementor-element elementor-element-18c9198 elementor-widget elementor-widget-heading\" data-id=\"18c9198\" data-element_type=\"widget\" data-widget_type=\"heading.default\">\n\t\t\t\t\t<h2 class=\"elementor-heading-title elementor-size-default\">Renders<\/h2>\t\t\t\t<\/div>\n\t\t\t\t<\/div>\n\t\t<div class=\"elementor-element elementor-element-e29cfd5 e-con-full e-flex e-con e-child\" data-id=\"e29cfd5\" data-element_type=\"container\">\n\t\t\t\t<div class=\"elementor-element elementor-element-866672f elementor-widget elementor-widget-heading\" data-id=\"866672f\" data-element_type=\"widget\" data-widget_type=\"heading.default\">\n\t\t\t\t\t<h2 class=\"elementor-heading-title elementor-size-default\">BulAu<\/h2>\t\t\t\t<\/div>\n\t\t\t\t<\/div>\n\t\t\t\t\t<\/div>\n\t\t\t\t<\/div>\n\t\t<div class=\"elementor-element elementor-element-dd5b8f7 e-flex e-con-boxed e-con e-parent\" data-id=\"dd5b8f7\" data-element_type=\"container\">\n\t\t\t\t\t<div class=\"e-con-inner\">\n\t\t<div class=\"elementor-element elementor-element-325830d e-con-full e-flex e-con e-child\" data-id=\"325830d\" data-element_type=\"container\">\n\t\t\t\t<div class=\"elementor-element elementor-element-51a8177 elementor-widget elementor-widget-heading\" data-id=\"51a8177\" data-element_type=\"widget\" data-widget_type=\"heading.default\">\n\t\t\t\t\t<h2 class=\"elementor-heading-title elementor-size-default\">Credits<\/h2>\t\t\t\t<\/div>\n\t\t\t\t<\/div>\n\t\t<div class=\"elementor-element elementor-element-9a8efbf e-con-full e-flex e-con e-child\" data-id=\"9a8efbf\" data-element_type=\"container\">\n\t\t\t\t<div class=\"elementor-element elementor-element-d0d16a3 elementor-widget elementor-widget-heading\" data-id=\"d0d16a3\" data-element_type=\"widget\" data-widget_type=\"heading.default\">\n\t\t\t\t\t<h2 class=\"elementor-heading-title elementor-size-default\">H\u00e9ctor de la Pe\u00f1a<\/h2>\t\t\t\t<\/div>\n\t\t\t\t<\/div>\n\t\t\t\t\t<\/div>\n\t\t\t\t<\/div>\n\t\t\t\t\t<\/div>\n\t\t<\/div>\n\t\t\t\t<div class=\"elementor-column elementor-col-33 elementor-top-column elementor-element elementor-element-078b609\" data-id=\"078b609\" data-element_type=\"column\">\n\t\t\t<div class=\"elementor-widget-wrap\">\n\t\t\t\t\t\t\t<\/div>\n\t\t<\/div>\n\t\t\t\t<div class=\"elementor-column elementor-col-33 elementor-top-column elementor-element elementor-element-e857ba7\" data-id=\"e857ba7\" data-element_type=\"column\">\n\t\t\t<div class=\"elementor-widget-wrap elementor-element-populated\">\n\t\t\t\t\t\t<div class=\"elementor-element elementor-element-1a49e7d elementor-widget elementor-widget-image\" data-id=\"1a49e7d\" data-element_type=\"widget\" data-widget_type=\"image.default\">\n\t\t\t\t\t\t\t\t\t\t\t\t\t\t\t<img fetchpriority=\"high\" decoding=\"async\" width=\"1600\" height=\"800\" src=\"https:\/\/tahr.mx\/wp-content\/uploads\/2025\/06\/00-foto-principal-.jpeg\" class=\"attachment-full size-full wp-image-7063\" alt=\"TAHR_Housing_Development_Torres_Balderas_01\" srcset=\"https:\/\/tahr.mx\/wp-content\/uploads\/2025\/06\/00-foto-principal-.jpeg 1600w, https:\/\/tahr.mx\/wp-content\/uploads\/2025\/06\/00-foto-principal--300x150.jpeg 300w, https:\/\/tahr.mx\/wp-content\/uploads\/2025\/06\/00-foto-principal--1024x512.jpeg 1024w, https:\/\/tahr.mx\/wp-content\/uploads\/2025\/06\/00-foto-principal--768x384.jpeg 768w, https:\/\/tahr.mx\/wp-content\/uploads\/2025\/06\/00-foto-principal--1536x768.jpeg 1536w, https:\/\/tahr.mx\/wp-content\/uploads\/2025\/06\/00-foto-principal--18x9.jpeg 18w\" sizes=\"(max-width: 1600px) 100vw, 1600px\" \/>\t\t\t\t\t\t\t\t\t\t\t\t\t\t\t<\/div>\n\t\t\t\t\t<\/div>\n\t\t<\/div>\n\t\t\t\t\t<\/div>\n\t\t<\/section>\n\t\t\t\t<section class=\"elementor-section elementor-top-section elementor-element elementor-element-30681bd elementor-section-boxed elementor-section-height-default elementor-section-height-default\" data-id=\"30681bd\" data-element_type=\"section\">\n\t\t\t\t\t\t<div class=\"elementor-container elementor-column-gap-default\">\n\t\t\t\t\t<div class=\"elementor-column elementor-col-100 elementor-top-column elementor-element elementor-element-238f736\" data-id=\"238f736\" data-element_type=\"column\">\n\t\t\t<div class=\"elementor-widget-wrap elementor-element-populated\">\n\t\t\t\t\t\t<div class=\"elementor-element elementor-element-7f97122 elementor-widget elementor-widget-spacer\" data-id=\"7f97122\" data-element_type=\"widget\" data-widget_type=\"spacer.default\">\n\t\t\t\t\t\t\t<div class=\"elementor-spacer\">\n\t\t\t<div class=\"elementor-spacer-inner\"><\/div>\n\t\t<\/div>\n\t\t\t\t\t\t<\/div>\n\t\t\t\t\t<\/div>\n\t\t<\/div>\n\t\t\t\t\t<\/div>\n\t\t<\/section>\n\t\t\t\t<section class=\"elementor-section elementor-top-section elementor-element elementor-element-4804bf1 elementor-section-boxed elementor-section-height-default elementor-section-height-default\" data-id=\"4804bf1\" data-element_type=\"section\">\n\t\t\t\t\t\t<div class=\"elementor-container elementor-column-gap-default\">\n\t\t\t\t\t<div class=\"elementor-column elementor-col-100 elementor-top-column elementor-element elementor-element-9b36c6e\" data-id=\"9b36c6e\" data-element_type=\"column\">\n\t\t\t<div class=\"elementor-widget-wrap elementor-element-populated\">\n\t\t\t\t\t\t<div class=\"elementor-element elementor-element-11192b4 elementor-arrows-position-outside elementor--h-position-center elementor--v-position-middle elementor-widget elementor-widget-slides\" data-id=\"11192b4\" data-element_type=\"widget\" data-settings=\"{&quot;navigation&quot;:&quot;arrows&quot;,&quot;autoplay&quot;:&quot;yes&quot;,&quot;pause_on_hover&quot;:&quot;yes&quot;,&quot;pause_on_interaction&quot;:&quot;yes&quot;,&quot;autoplay_speed&quot;:5000,&quot;infinite&quot;:&quot;yes&quot;,&quot;transition&quot;:&quot;slide&quot;,&quot;transition_speed&quot;:500}\" data-widget_type=\"slides.default\">\n\t\t\t\t\t\t\t\t\t\t<div class=\"elementor-slides-wrapper elementor-main-swiper swiper\" role=\"region\" aria-roledescription=\"carousel\" aria-label=\"Slides\" dir=\"ltr\" data-animation=\"fadeInUp\">\n\t\t\t\t<div class=\"swiper-wrapper elementor-slides\">\n\t\t\t\t\t\t\t\t\t\t<div class=\"elementor-repeater-item-1001b16 swiper-slide\" role=\"group\" aria-roledescription=\"slide\"><div class=\"swiper-slide-bg\" role=\"img\"><\/div><div class=\"swiper-slide-inner\" ><div class=\"swiper-slide-contents\"><\/div><\/div><\/div><div class=\"elementor-repeater-item-7fa66a4 swiper-slide\" role=\"group\" aria-roledescription=\"slide\"><div class=\"swiper-slide-bg\" role=\"img\"><\/div><div class=\"swiper-slide-inner\" ><div class=\"swiper-slide-contents\"><\/div><\/div><\/div><div class=\"elementor-repeater-item-96099a4 swiper-slide\" role=\"group\" aria-roledescription=\"slide\"><div class=\"swiper-slide-bg\" role=\"img\"><\/div><div class=\"swiper-slide-inner\" ><div class=\"swiper-slide-contents\"><\/div><\/div><\/div><div class=\"elementor-repeater-item-e9490a4 swiper-slide\" role=\"group\" aria-roledescription=\"slide\"><div class=\"swiper-slide-bg\" role=\"img\"><\/div><div class=\"swiper-slide-inner\" ><div class=\"swiper-slide-contents\"><\/div><\/div><\/div><div class=\"elementor-repeater-item-4893ab2 swiper-slide\" role=\"group\" aria-roledescription=\"slide\"><div class=\"swiper-slide-bg\" role=\"img\"><\/div><div class=\"swiper-slide-inner\" ><div class=\"swiper-slide-contents\"><\/div><\/div><\/div><div class=\"elementor-repeater-item-a616c2c swiper-slide\" role=\"group\" aria-roledescription=\"slide\"><div class=\"swiper-slide-bg\" role=\"img\"><\/div><div class=\"swiper-slide-inner\" ><div class=\"swiper-slide-contents\"><\/div><\/div><\/div><div class=\"elementor-repeater-item-36523da swiper-slide\" role=\"group\" aria-roledescription=\"slide\"><div class=\"swiper-slide-bg\" role=\"img\"><\/div><div class=\"swiper-slide-inner\" ><div class=\"swiper-slide-contents\"><\/div><\/div><\/div><div class=\"elementor-repeater-item-78dc969 swiper-slide\" role=\"group\" aria-roledescription=\"slide\"><div class=\"swiper-slide-bg\" role=\"img\"><\/div><div class=\"swiper-slide-inner\" ><div class=\"swiper-slide-contents\"><\/div><\/div><\/div><div class=\"elementor-repeater-item-8ce5c24 swiper-slide\" role=\"group\" aria-roledescription=\"slide\"><div class=\"swiper-slide-bg\" role=\"img\"><\/div><div class=\"swiper-slide-inner\" ><div class=\"swiper-slide-contents\"><\/div><\/div><\/div>\t\t\t\t<\/div>\n\t\t\t\t\t\t\t\t\t\t\t\t\t\t\t<div class=\"elementor-swiper-button elementor-swiper-button-prev\" role=\"button\" tabindex=\"0\" aria-label=\"Previous slide\">\n\t\t\t\t\t\t\t<svg aria-hidden=\"true\" class=\"e-font-icon-svg e-eicon-chevron-left\" viewbox=\"0 0 1000 1000\" xmlns=\"http:\/\/www.w3.org\/2000\/svg\"><path d=\"M646 125C629 125 613 133 604 142L308 442C296 454 292 471 292 487 292 504 296 521 308 533L604 854C617 867 629 875 646 875 663 875 679 871 692 858 704 846 713 829 713 812 713 796 708 779 692 767L438 487 692 225C700 217 708 204 708 187 708 171 704 154 692 142 675 129 663 125 646 125Z\"><\/path><\/svg>\t\t\t\t\t\t<\/div>\n\t\t\t\t\t\t<div class=\"elementor-swiper-button elementor-swiper-button-next\" role=\"button\" tabindex=\"0\" aria-label=\"Next slide\">\n\t\t\t\t\t\t\t<svg aria-hidden=\"true\" class=\"e-font-icon-svg e-eicon-chevron-right\" viewbox=\"0 0 1000 1000\" xmlns=\"http:\/\/www.w3.org\/2000\/svg\"><path d=\"M696 533C708 521 713 504 713 487 713 471 708 454 696 446L400 146C388 133 375 125 354 125 338 125 325 129 313 142 300 154 292 171 292 187 292 204 296 221 308 233L563 492 304 771C292 783 288 800 288 817 288 833 296 850 308 863 321 871 338 875 354 875 371 875 388 867 400 854L696 533Z\"><\/path><\/svg>\t\t\t\t\t\t<\/div>\n\t\t\t\t\t\t\t\t\t\t\t\t\t\t\t\t\t<\/div>\n\t\t\t\t\t\t\t\t<\/div>\n\t\t\t\t\t<\/div>\n\t\t<\/div>\n\t\t\t\t\t<\/div>\n\t\t<\/section>\n\t\t\t\t<section class=\"elementor-section elementor-top-section elementor-element elementor-element-ae61c32 elementor-section-boxed elementor-section-height-default elementor-section-height-default\" data-id=\"ae61c32\" data-element_type=\"section\">\n\t\t\t\t\t\t<div class=\"elementor-container elementor-column-gap-default\">\n\t\t\t\t\t<div class=\"elementor-column elementor-col-100 elementor-top-column elementor-element elementor-element-23a2f34\" data-id=\"23a2f34\" data-element_type=\"column\">\n\t\t\t<div class=\"elementor-widget-wrap elementor-element-populated\">\n\t\t\t\t\t\t<div class=\"elementor-element elementor-element-f463ede elementor-widget elementor-widget-spacer\" data-id=\"f463ede\" data-element_type=\"widget\" data-widget_type=\"spacer.default\">\n\t\t\t\t\t\t\t<div class=\"elementor-spacer\">\n\t\t\t<div class=\"elementor-spacer-inner\"><\/div>\n\t\t<\/div>\n\t\t\t\t\t\t<\/div>\n\t\t\t\t<div class=\"elementor-element elementor-element-3bbd7fc elementor-widget-tablet__width-initial elementor-widget elementor-widget-heading\" data-id=\"3bbd7fc\" data-element_type=\"widget\" data-widget_type=\"heading.default\">\n\t\t\t\t\t<h2 class=\"elementor-heading-title elementor-size-default\"><a href=\"https:\/\/tahr.mx\/en\/work\/\">WORK<\/a><\/h2>\t\t\t\t<\/div>\n\t\t\t\t\t<\/div>\n\t\t<\/div>\n\t\t\t\t\t<\/div>\n\t\t<\/section>\n\t\t\t\t<\/div>","protected":false},"excerpt":{"rendered":"<p>Torre Balderas Nombre de Proyecto Torre Balderas Estatus del Proyecto Proceso en Construcci\u00f3n A\u00f1o 2019 Ubicaci\u00f3n Ciudad de M\u00e9xico, M\u00e9xico Tipolog\u00eda Residencial Proyecto por BulAu \u00c1rea Construida 10,560 m2 Descripci\u00f3n Conjunto habitacional de departamentos de superficie m\u00ednima dirigida a j\u00f3venes o familias peque\u00f1as en b\u00fasqueda de un patrimonio en el centro de la Ciudad de [&hellip;]<\/p>","protected":false},"author":1,"featured_media":0,"parent":0,"menu_order":0,"comment_status":"closed","ping_status":"closed","template":"","meta":{"footnotes":""},"class_list":["post-3158","page","type-page","status-publish","hentry"],"_links":{"self":[{"href":"https:\/\/tahr.mx\/en\/wp-json\/wp\/v2\/pages\/3158","targetHints":{"allow":["GET"]}}],"collection":[{"href":"https:\/\/tahr.mx\/en\/wp-json\/wp\/v2\/pages"}],"about":[{"href":"https:\/\/tahr.mx\/en\/wp-json\/wp\/v2\/types\/page"}],"author":[{"embeddable":true,"href":"https:\/\/tahr.mx\/en\/wp-json\/wp\/v2\/users\/1"}],"replies":[{"embeddable":true,"href":"https:\/\/tahr.mx\/en\/wp-json\/wp\/v2\/comments?post=3158"}],"version-history":[{"count":86,"href":"https:\/\/tahr.mx\/en\/wp-json\/wp\/v2\/pages\/3158\/revisions"}],"predecessor-version":[{"id":9233,"href":"https:\/\/tahr.mx\/en\/wp-json\/wp\/v2\/pages\/3158\/revisions\/9233"}],"wp:attachment":[{"href":"https:\/\/tahr.mx\/en\/wp-json\/wp\/v2\/media?parent=3158"}],"curies":[{"name":"wp","href":"https:\/\/api.w.org\/{rel}","templated":true}]}}