{"id":3031,"date":"2023-12-08T00:08:39","date_gmt":"2023-12-08T06:08:39","guid":{"rendered":"https:\/\/tahr.mx\/?page_id=3031"},"modified":"2025-08-14T22:15:19","modified_gmt":"2025-08-15T04:15:19","slug":"sinaloa-204","status":"publish","type":"page","link":"https:\/\/tahr.mx\/en\/sinaloa-204\/","title":{"rendered":"Sinaloa 204"},"content":{"rendered":"<div data-elementor-type=\"wp-page\" data-elementor-id=\"3031\" class=\"elementor elementor-3031\" data-elementor-post-type=\"page\">\n\t\t\t\t\t\t<section class=\"elementor-section elementor-top-section elementor-element elementor-element-29ec704 elementor-section-boxed elementor-section-height-default elementor-section-height-default\" data-id=\"29ec704\" data-element_type=\"section\">\n\t\t\t\t\t\t<div class=\"elementor-container elementor-column-gap-default\">\n\t\t\t\t\t<div class=\"elementor-column elementor-col-100 elementor-top-column elementor-element elementor-element-dca03b0\" data-id=\"dca03b0\" data-element_type=\"column\">\n\t\t\t<div class=\"elementor-widget-wrap elementor-element-populated\">\n\t\t\t\t\t\t<div class=\"elementor-element elementor-element-29e707d elementor-widget elementor-widget-spacer\" data-id=\"29e707d\" data-element_type=\"widget\" data-widget_type=\"spacer.default\">\n\t\t\t\t\t\t\t<div class=\"elementor-spacer\">\n\t\t\t<div class=\"elementor-spacer-inner\"><\/div>\n\t\t<\/div>\n\t\t\t\t\t\t<\/div>\n\t\t\t\t\t<\/div>\n\t\t<\/div>\n\t\t\t\t\t<\/div>\n\t\t<\/section>\n\t\t\t\t<section class=\"elementor-section elementor-top-section elementor-element elementor-element-d45b014 elementor-section-boxed elementor-section-height-default elementor-section-height-default\" data-id=\"d45b014\" data-element_type=\"section\">\n\t\t\t\t\t\t<div class=\"elementor-container elementor-column-gap-default\">\n\t\t\t\t\t<div class=\"elementor-column elementor-col-33 elementor-top-column elementor-element elementor-element-f2482f6\" data-id=\"f2482f6\" data-element_type=\"column\">\n\t\t\t<div class=\"elementor-widget-wrap elementor-element-populated\">\n\t\t\t\t<div class=\"elementor-element elementor-element-d20a999 e-flex e-con-boxed e-con e-parent\" data-id=\"d20a999\" data-element_type=\"container\">\n\t\t\t\t\t<div class=\"e-con-inner\">\n\t\t<div class=\"elementor-element elementor-element-bb3caf6 e-con-full e-flex e-con e-child\" data-id=\"bb3caf6\" data-element_type=\"container\">\n\t\t\t\t<div class=\"elementor-element elementor-element-d4e0d3f elementor-widget__width-initial elementor-widget-mobile__width-initial elementor-widget elementor-widget-heading\" data-id=\"d4e0d3f\" data-element_type=\"widget\" data-widget_type=\"heading.default\">\n\t\t\t\t\t<p class=\"elementor-heading-title elementor-size-default\">Sinaloa 204<\/p>\t\t\t\t<\/div>\n\t\t\t\t<\/div>\n\t\t\t\t\t<\/div>\n\t\t\t\t<\/div>\n\t\t<div class=\"elementor-element elementor-element-b70a73c e-flex e-con-boxed e-con e-parent\" data-id=\"b70a73c\" data-element_type=\"container\">\n\t\t\t\t\t<div class=\"e-con-inner\">\n\t\t<div class=\"elementor-element elementor-element-814ae58 e-con-full e-flex e-con e-child\" data-id=\"814ae58\" data-element_type=\"container\">\n\t\t\t\t<div class=\"elementor-element elementor-element-4368d4e elementor-widget elementor-widget-heading\" data-id=\"4368d4e\" data-element_type=\"widget\" data-widget_type=\"heading.default\">\n\t\t\t\t\t<h2 class=\"elementor-heading-title elementor-size-default\">Project Name<\/h2>\t\t\t\t<\/div>\n\t\t\t\t<\/div>\n\t\t<div class=\"elementor-element elementor-element-b748e4e e-con-full e-flex e-con e-child\" data-id=\"b748e4e\" data-element_type=\"container\">\n\t\t\t\t<div class=\"elementor-element elementor-element-9922f4d elementor-widget elementor-widget-heading\" data-id=\"9922f4d\" data-element_type=\"widget\" data-widget_type=\"heading.default\">\n\t\t\t\t\t<h2 class=\"elementor-heading-title elementor-size-default\">Sinaloa 204<\/h2>\t\t\t\t<\/div>\n\t\t\t\t<\/div>\n\t\t\t\t\t<\/div>\n\t\t\t\t<\/div>\n\t\t<div class=\"elementor-element elementor-element-6f92b95 e-flex e-con-boxed e-con e-parent\" data-id=\"6f92b95\" data-element_type=\"container\">\n\t\t\t\t\t<div class=\"e-con-inner\">\n\t\t<div class=\"elementor-element elementor-element-eff7e19 e-con-full e-flex e-con e-child\" data-id=\"eff7e19\" data-element_type=\"container\">\n\t\t\t\t<div class=\"elementor-element elementor-element-c8b67c9 elementor-widget elementor-widget-heading\" data-id=\"c8b67c9\" data-element_type=\"widget\" data-widget_type=\"heading.default\">\n\t\t\t\t\t<h2 class=\"elementor-heading-title elementor-size-default\">Project Status<\/h2>\t\t\t\t<\/div>\n\t\t\t\t<\/div>\n\t\t<div class=\"elementor-element elementor-element-d9a61df e-con-full e-flex e-con e-child\" data-id=\"d9a61df\" data-element_type=\"container\">\n\t\t\t\t<div class=\"elementor-element elementor-element-f93369d elementor-widget elementor-widget-heading\" data-id=\"f93369d\" data-element_type=\"widget\" data-widget_type=\"heading.default\">\n\t\t\t\t\t<h2 class=\"elementor-heading-title elementor-size-default\">Architectural Project <\/h2>\t\t\t\t<\/div>\n\t\t\t\t<\/div>\n\t\t\t\t\t<\/div>\n\t\t\t\t<\/div>\n\t\t<div class=\"elementor-element elementor-element-877642e e-flex e-con-boxed e-con e-parent\" data-id=\"877642e\" data-element_type=\"container\">\n\t\t\t\t\t<div class=\"e-con-inner\">\n\t\t<div class=\"elementor-element elementor-element-4e3f578 e-con-full e-flex e-con e-child\" data-id=\"4e3f578\" data-element_type=\"container\">\n\t\t\t\t<div class=\"elementor-element elementor-element-d097ec3 elementor-widget elementor-widget-heading\" data-id=\"d097ec3\" data-element_type=\"widget\" data-widget_type=\"heading.default\">\n\t\t\t\t\t<h2 class=\"elementor-heading-title elementor-size-default\">Year<\/h2>\t\t\t\t<\/div>\n\t\t\t\t<\/div>\n\t\t<div class=\"elementor-element elementor-element-bc957e4 e-con-full e-flex e-con e-child\" data-id=\"bc957e4\" data-element_type=\"container\">\n\t\t\t\t<div class=\"elementor-element elementor-element-2c3c4a8 elementor-widget elementor-widget-heading\" data-id=\"2c3c4a8\" data-element_type=\"widget\" data-widget_type=\"heading.default\">\n\t\t\t\t\t<h2 class=\"elementor-heading-title elementor-size-default\">2025<\/h2>\t\t\t\t<\/div>\n\t\t\t\t<\/div>\n\t\t\t\t\t<\/div>\n\t\t\t\t<\/div>\n\t\t<div class=\"elementor-element elementor-element-fbf0e1e e-flex e-con-boxed e-con e-parent\" data-id=\"fbf0e1e\" data-element_type=\"container\">\n\t\t\t\t\t<div class=\"e-con-inner\">\n\t\t<div class=\"elementor-element elementor-element-b56930d e-con-full e-flex e-con e-child\" data-id=\"b56930d\" data-element_type=\"container\">\n\t\t\t\t<div class=\"elementor-element elementor-element-c9ec550 elementor-widget elementor-widget-heading\" data-id=\"c9ec550\" data-element_type=\"widget\" data-widget_type=\"heading.default\">\n\t\t\t\t\t<h2 class=\"elementor-heading-title elementor-size-default\">Location<\/h2>\t\t\t\t<\/div>\n\t\t\t\t<\/div>\n\t\t<div class=\"elementor-element elementor-element-f862110 e-con-full e-flex e-con e-child\" data-id=\"f862110\" data-element_type=\"container\">\n\t\t\t\t<div class=\"elementor-element elementor-element-634c88a elementor-widget elementor-widget-heading\" data-id=\"634c88a\" data-element_type=\"widget\" data-widget_type=\"heading.default\">\n\t\t\t\t\t<h2 class=\"elementor-heading-title elementor-size-default\">Roma Norte, Mexico City<\/h2>\t\t\t\t<\/div>\n\t\t\t\t<\/div>\n\t\t\t\t\t<\/div>\n\t\t\t\t<\/div>\n\t\t<div class=\"elementor-element elementor-element-c996c45 e-flex e-con-boxed e-con e-parent\" data-id=\"c996c45\" data-element_type=\"container\">\n\t\t\t\t\t<div class=\"e-con-inner\">\n\t\t<div class=\"elementor-element elementor-element-face4ec e-con-full e-flex e-con e-child\" data-id=\"face4ec\" data-element_type=\"container\">\n\t\t\t\t<div class=\"elementor-element elementor-element-a5837f2 elementor-widget elementor-widget-heading\" data-id=\"a5837f2\" data-element_type=\"widget\" data-widget_type=\"heading.default\">\n\t\t\t\t\t<h2 class=\"elementor-heading-title elementor-size-default\">Typology<\/h2>\t\t\t\t<\/div>\n\t\t\t\t<\/div>\n\t\t<div class=\"elementor-element elementor-element-f0d40b5 e-con-full e-flex e-con e-child\" data-id=\"f0d40b5\" data-element_type=\"container\">\n\t\t\t\t<div class=\"elementor-element elementor-element-bba69fd elementor-widget elementor-widget-heading\" data-id=\"bba69fd\" data-element_type=\"widget\" data-widget_type=\"heading.default\">\n\t\t\t\t\t<h2 class=\"elementor-heading-title elementor-size-default\">Housing Development<\/h2>\t\t\t\t<\/div>\n\t\t\t\t<\/div>\n\t\t\t\t\t<\/div>\n\t\t\t\t<\/div>\n\t\t<div class=\"elementor-element elementor-element-30b9dea e-flex e-con-boxed e-con e-parent\" data-id=\"30b9dea\" data-element_type=\"container\">\n\t\t\t\t\t<div class=\"e-con-inner\">\n\t\t<div class=\"elementor-element elementor-element-aff2f53 e-con-full e-flex e-con e-child\" data-id=\"aff2f53\" data-element_type=\"container\">\n\t\t\t\t<div class=\"elementor-element elementor-element-157e6b1 elementor-widget elementor-widget-heading\" data-id=\"157e6b1\" data-element_type=\"widget\" data-widget_type=\"heading.default\">\n\t\t\t\t\t<h2 class=\"elementor-heading-title elementor-size-default\">Project by<\/h2>\t\t\t\t<\/div>\n\t\t\t\t<\/div>\n\t\t<div class=\"elementor-element elementor-element-793bfb8 e-con-full e-flex e-con e-child\" data-id=\"793bfb8\" data-element_type=\"container\">\n\t\t\t\t<div class=\"elementor-element elementor-element-84fac5d elementor-widget elementor-widget-heading\" data-id=\"84fac5d\" data-element_type=\"widget\" data-widget_type=\"heading.default\">\n\t\t\t\t\t<h2 class=\"elementor-heading-title elementor-size-default\">TAHR<\/h2>\t\t\t\t<\/div>\n\t\t\t\t<\/div>\n\t\t\t\t\t<\/div>\n\t\t\t\t<\/div>\n\t\t<div class=\"elementor-element elementor-element-db0cff1 e-flex e-con-boxed e-con e-parent\" data-id=\"db0cff1\" data-element_type=\"container\">\n\t\t\t\t\t<div class=\"e-con-inner\">\n\t\t<div class=\"elementor-element elementor-element-b0d2a97 e-con-full e-flex e-con e-child\" data-id=\"b0d2a97\" data-element_type=\"container\">\n\t\t\t\t<div class=\"elementor-element elementor-element-ec0f9f0 elementor-widget elementor-widget-heading\" data-id=\"ec0f9f0\" data-element_type=\"widget\" data-widget_type=\"heading.default\">\n\t\t\t\t\t<h2 class=\"elementor-heading-title elementor-size-default\">Constructed Area<\/h2>\t\t\t\t<\/div>\n\t\t\t\t<\/div>\n\t\t<div class=\"elementor-element elementor-element-9b37a98 e-con-full e-flex e-con e-child\" data-id=\"9b37a98\" data-element_type=\"container\">\n\t\t\t\t<div class=\"elementor-element elementor-element-a645fba elementor-widget elementor-widget-heading\" data-id=\"a645fba\" data-element_type=\"widget\" data-widget_type=\"heading.default\">\n\t\t\t\t\t<h2 class=\"elementor-heading-title elementor-size-default\">800m2<\/h2>\t\t\t\t<\/div>\n\t\t\t\t<\/div>\n\t\t\t\t\t<\/div>\n\t\t\t\t<\/div>\n\t\t<div class=\"elementor-element elementor-element-afd6951 e-flex e-con-boxed e-con e-parent\" data-id=\"afd6951\" data-element_type=\"container\">\n\t\t\t\t\t<div class=\"e-con-inner\">\n\t\t<div class=\"elementor-element elementor-element-73a97a9 e-con-full e-flex e-con e-child\" data-id=\"73a97a9\" data-element_type=\"container\">\n\t\t\t\t<div class=\"elementor-element elementor-element-f4a7985 elementor-widget elementor-widget-text-editor\" data-id=\"f4a7985\" data-element_type=\"widget\" data-widget_type=\"text-editor.default\">\n\t\t\t\t\t\t\t\t\t<p><strong>Design Brief<\/strong><\/p>\t\t\t\t\t\t\t\t<\/div>\n\t\t\t\t<div class=\"elementor-element elementor-element-f902cc2 elementor-widget-laptop__width-initial elementor-widget elementor-widget-heading\" data-id=\"f902cc2\" data-element_type=\"widget\" data-widget_type=\"heading.default\">\n\t\t\t\t\t<h2 class=\"elementor-heading-title elementor-size-default\">Sinaloa 204 is a residential project located in the neighborhood Roma Norte in Mexico City, an area renowned for its rich cultural and artistic heritage. The existing house holds patrimonial value.\n\nThe architectural design aims to develop a two-level single-family residence with a semi-basement, preserving the original fa\u00e7ade and its first structural bay.\n\nIn a subsequent phase, the project envisions the incorporation of five independent apartment units distributed over three additional levels, each with direct street access. The proposed configuration includes four units of 40 m\u00b2 and one penthouse unit of 80 m\u00b2.\n\nFrom its inception, the project was conceived to be executed in two phases. The first phase involves the construction of the single-family residence, incorporating a central courtyard intended for future vertical circulation. The second phase includes the construction of the vertical core and the addition of three residential levels. The structural design was developed from the outset to accommodate the vertical extension, supporting a total of up to five stories. <\/h2>\t\t\t\t<\/div>\n\t\t\t\t<\/div>\n\t\t\t\t\t<\/div>\n\t\t\t\t<\/div>\n\t\t\t\t<div class=\"elementor-element elementor-element-db49b5d elementor-widget elementor-widget-spacer\" data-id=\"db49b5d\" data-element_type=\"widget\" data-widget_type=\"spacer.default\">\n\t\t\t\t\t\t\t<div class=\"elementor-spacer\">\n\t\t\t<div class=\"elementor-spacer-inner\"><\/div>\n\t\t<\/div>\n\t\t\t\t\t\t<\/div>\n\t\t<div class=\"elementor-element elementor-element-5f30812 e-flex e-con-boxed e-con e-parent\" data-id=\"5f30812\" data-element_type=\"container\">\n\t\t\t\t\t<div class=\"e-con-inner\">\n\t\t<div class=\"elementor-element elementor-element-ea07a90 e-con-full e-flex e-con e-child\" data-id=\"ea07a90\" data-element_type=\"container\">\n\t\t\t\t<div class=\"elementor-element elementor-element-918f904 elementor-widget elementor-widget-heading\" data-id=\"918f904\" data-element_type=\"widget\" data-widget_type=\"heading.default\">\n\t\t\t\t\t<h2 class=\"elementor-heading-title elementor-size-default\">Client<\/h2>\t\t\t\t<\/div>\n\t\t\t\t<\/div>\n\t\t<div class=\"elementor-element elementor-element-22f6ccb e-con-full e-flex e-con e-child\" data-id=\"22f6ccb\" data-element_type=\"container\">\n\t\t\t\t<div class=\"elementor-element elementor-element-4759e5e elementor-widget elementor-widget-heading\" data-id=\"4759e5e\" data-element_type=\"widget\" data-widget_type=\"heading.default\">\n\t\t\t\t\t<h2 class=\"elementor-heading-title elementor-size-default\">Private<\/h2>\t\t\t\t<\/div>\n\t\t\t\t<\/div>\n\t\t\t\t\t<\/div>\n\t\t\t\t<\/div>\n\t\t<div class=\"elementor-element elementor-element-265a0d8 e-flex e-con-boxed e-con e-parent\" data-id=\"265a0d8\" data-element_type=\"container\">\n\t\t\t\t\t<div class=\"e-con-inner\">\n\t\t<div class=\"elementor-element elementor-element-c868261 e-con-full e-flex e-con e-child\" data-id=\"c868261\" data-element_type=\"container\">\n\t\t\t\t<div class=\"elementor-element elementor-element-c78f8e5 elementor-widget elementor-widget-heading\" data-id=\"c78f8e5\" data-element_type=\"widget\" data-widget_type=\"heading.default\">\n\t\t\t\t\t<h2 class=\"elementor-heading-title elementor-size-default\">Renders<\/h2>\t\t\t\t<\/div>\n\t\t\t\t<\/div>\n\t\t<div class=\"elementor-element elementor-element-4cd2028 e-con-full e-flex e-con e-child\" data-id=\"4cd2028\" data-element_type=\"container\">\n\t\t\t\t<div class=\"elementor-element elementor-element-fdfcace elementor-widget elementor-widget-heading\" data-id=\"fdfcace\" data-element_type=\"widget\" data-widget_type=\"heading.default\">\n\t\t\t\t\t<h2 class=\"elementor-heading-title elementor-size-default\">TAHR<\/h2>\t\t\t\t<\/div>\n\t\t\t\t<\/div>\n\t\t\t\t\t<\/div>\n\t\t\t\t<\/div>\n\t\t<div class=\"elementor-element elementor-element-4a563f1 e-flex e-con-boxed e-con e-parent\" data-id=\"4a563f1\" data-element_type=\"container\">\n\t\t\t\t\t<div class=\"e-con-inner\">\n\t\t<div class=\"elementor-element elementor-element-0f3b7af e-con-full e-flex e-con e-child\" data-id=\"0f3b7af\" data-element_type=\"container\">\n\t\t\t\t<div class=\"elementor-element elementor-element-b096d1e elementor-widget elementor-widget-heading\" data-id=\"b096d1e\" data-element_type=\"widget\" data-widget_type=\"heading.default\">\n\t\t\t\t\t<h2 class=\"elementor-heading-title elementor-size-default\">Credits<\/h2>\t\t\t\t<\/div>\n\t\t\t\t<\/div>\n\t\t<div class=\"elementor-element elementor-element-1001c55 e-con-full e-flex e-con e-child\" data-id=\"1001c55\" data-element_type=\"container\">\n\t\t\t\t<div class=\"elementor-element elementor-element-6dc5c59 elementor-widget elementor-widget-heading\" data-id=\"6dc5c59\" data-element_type=\"widget\" data-widget_type=\"heading.default\">\n\t\t\t\t\t<h2 class=\"elementor-heading-title elementor-size-default\">Pablo Blasco, Jes\u00fas Fern\u00e1ndez, Sof\u00eda Bezaury y H\u00e9ctor de la Pe\u00f1a. <\/h2>\t\t\t\t<\/div>\n\t\t\t\t<\/div>\n\t\t\t\t\t<\/div>\n\t\t\t\t<\/div>\n\t\t\t\t\t<\/div>\n\t\t<\/div>\n\t\t\t\t<div class=\"elementor-column elementor-col-33 elementor-top-column elementor-element elementor-element-b7b3fcc\" data-id=\"b7b3fcc\" data-element_type=\"column\">\n\t\t\t<div class=\"elementor-widget-wrap\">\n\t\t\t\t\t\t\t<\/div>\n\t\t<\/div>\n\t\t\t\t<div class=\"elementor-column elementor-col-33 elementor-top-column elementor-element elementor-element-10016fd\" data-id=\"10016fd\" data-element_type=\"column\">\n\t\t\t<div class=\"elementor-widget-wrap elementor-element-populated\">\n\t\t\t\t\t\t<div class=\"elementor-element elementor-element-2d5c955 elementor-widget elementor-widget-image\" data-id=\"2d5c955\" data-element_type=\"widget\" data-widget_type=\"image.default\">\n\t\t\t\t\t\t\t\t\t\t\t\t\t\t\t<img fetchpriority=\"high\" decoding=\"async\" width=\"1867\" height=\"2560\" src=\"https:\/\/tahr.mx\/wp-content\/uploads\/2025\/06\/Foto-Principal-scaled.jpg\" class=\"attachment-full size-full wp-image-6809\" alt=\"TAHR_Housing_Development_Sinaloa_204_02\" srcset=\"https:\/\/tahr.mx\/wp-content\/uploads\/2025\/06\/Foto-Principal-scaled.jpg 1867w, https:\/\/tahr.mx\/wp-content\/uploads\/2025\/06\/Foto-Principal-219x300.jpg 219w, https:\/\/tahr.mx\/wp-content\/uploads\/2025\/06\/Foto-Principal-747x1024.jpg 747w, https:\/\/tahr.mx\/wp-content\/uploads\/2025\/06\/Foto-Principal-768x1053.jpg 768w, https:\/\/tahr.mx\/wp-content\/uploads\/2025\/06\/Foto-Principal-1120x1536.jpg 1120w, https:\/\/tahr.mx\/wp-content\/uploads\/2025\/06\/Foto-Principal-1493x2048.jpg 1493w, https:\/\/tahr.mx\/wp-content\/uploads\/2025\/06\/Foto-Principal-9x12.jpg 9w\" sizes=\"(max-width: 1867px) 100vw, 1867px\" \/>\t\t\t\t\t\t\t\t\t\t\t\t\t\t\t<\/div>\n\t\t\t\t\t<\/div>\n\t\t<\/div>\n\t\t\t\t\t<\/div>\n\t\t<\/section>\n\t\t\t\t<section class=\"elementor-section elementor-top-section elementor-element elementor-element-30681bd elementor-section-boxed elementor-section-height-default elementor-section-height-default\" data-id=\"30681bd\" data-element_type=\"section\">\n\t\t\t\t\t\t<div class=\"elementor-container elementor-column-gap-default\">\n\t\t\t\t\t<div class=\"elementor-column elementor-col-100 elementor-top-column elementor-element elementor-element-238f736\" data-id=\"238f736\" data-element_type=\"column\">\n\t\t\t<div class=\"elementor-widget-wrap elementor-element-populated\">\n\t\t\t\t\t\t<div class=\"elementor-element elementor-element-7f97122 elementor-widget elementor-widget-spacer\" data-id=\"7f97122\" data-element_type=\"widget\" data-widget_type=\"spacer.default\">\n\t\t\t\t\t\t\t<div class=\"elementor-spacer\">\n\t\t\t<div class=\"elementor-spacer-inner\"><\/div>\n\t\t<\/div>\n\t\t\t\t\t\t<\/div>\n\t\t\t\t\t<\/div>\n\t\t<\/div>\n\t\t\t\t\t<\/div>\n\t\t<\/section>\n\t\t\t\t<section class=\"elementor-section elementor-top-section elementor-element elementor-element-4804bf1 elementor-section-boxed elementor-section-height-default elementor-section-height-default\" data-id=\"4804bf1\" data-element_type=\"section\">\n\t\t\t\t\t\t<div class=\"elementor-container elementor-column-gap-default\">\n\t\t\t\t\t<div class=\"elementor-column elementor-col-100 elementor-top-column elementor-element elementor-element-9b36c6e\" data-id=\"9b36c6e\" data-element_type=\"column\">\n\t\t\t<div class=\"elementor-widget-wrap elementor-element-populated\">\n\t\t\t\t\t\t<div class=\"elementor-element elementor-element-11192b4 elementor-arrows-position-outside elementor--h-position-center elementor--v-position-middle elementor-widget elementor-widget-slides\" data-id=\"11192b4\" data-element_type=\"widget\" data-settings=\"{&quot;navigation&quot;:&quot;arrows&quot;,&quot;autoplay&quot;:&quot;yes&quot;,&quot;pause_on_hover&quot;:&quot;yes&quot;,&quot;pause_on_interaction&quot;:&quot;yes&quot;,&quot;autoplay_speed&quot;:5000,&quot;infinite&quot;:&quot;yes&quot;,&quot;transition&quot;:&quot;slide&quot;,&quot;transition_speed&quot;:500}\" data-widget_type=\"slides.default\">\n\t\t\t\t\t\t\t\t\t\t<div class=\"elementor-slides-wrapper elementor-main-swiper swiper\" role=\"region\" aria-roledescription=\"carousel\" aria-label=\"Slides\" dir=\"ltr\" data-animation=\"fadeInUp\">\n\t\t\t\t<div class=\"swiper-wrapper elementor-slides\">\n\t\t\t\t\t\t\t\t\t\t<div class=\"elementor-repeater-item-2b61ed8 swiper-slide\" role=\"group\" aria-roledescription=\"slide\"><div class=\"swiper-slide-bg\" role=\"img\"><\/div><div class=\"swiper-slide-inner\" ><div class=\"swiper-slide-contents\"><\/div><\/div><\/div><div class=\"elementor-repeater-item-52d7a7a swiper-slide\" role=\"group\" aria-roledescription=\"slide\"><div class=\"swiper-slide-bg\" role=\"img\"><\/div><div class=\"swiper-slide-inner\" ><div class=\"swiper-slide-contents\"><\/div><\/div><\/div><div class=\"elementor-repeater-item-74ab3fd swiper-slide\" role=\"group\" aria-roledescription=\"slide\"><div class=\"swiper-slide-bg\" role=\"img\"><\/div><div class=\"swiper-slide-inner\" ><div class=\"swiper-slide-contents\"><\/div><\/div><\/div><div class=\"elementor-repeater-item-fca0c43 swiper-slide\" role=\"group\" aria-roledescription=\"slide\"><div class=\"swiper-slide-bg\" role=\"img\"><\/div><div class=\"swiper-slide-inner\" ><div class=\"swiper-slide-contents\"><\/div><\/div><\/div>\t\t\t\t<\/div>\n\t\t\t\t\t\t\t\t\t\t\t\t\t\t\t<div class=\"elementor-swiper-button elementor-swiper-button-prev\" role=\"button\" tabindex=\"0\" aria-label=\"Previous slide\">\n\t\t\t\t\t\t\t<svg aria-hidden=\"true\" class=\"e-font-icon-svg e-eicon-chevron-left\" viewbox=\"0 0 1000 1000\" xmlns=\"http:\/\/www.w3.org\/2000\/svg\"><path d=\"M646 125C629 125 613 133 604 142L308 442C296 454 292 471 292 487 292 504 296 521 308 533L604 854C617 867 629 875 646 875 663 875 679 871 692 858 704 846 713 829 713 812 713 796 708 779 692 767L438 487 692 225C700 217 708 204 708 187 708 171 704 154 692 142 675 129 663 125 646 125Z\"><\/path><\/svg>\t\t\t\t\t\t<\/div>\n\t\t\t\t\t\t<div class=\"elementor-swiper-button elementor-swiper-button-next\" role=\"button\" tabindex=\"0\" aria-label=\"Next slide\">\n\t\t\t\t\t\t\t<svg aria-hidden=\"true\" class=\"e-font-icon-svg e-eicon-chevron-right\" viewbox=\"0 0 1000 1000\" xmlns=\"http:\/\/www.w3.org\/2000\/svg\"><path d=\"M696 533C708 521 713 504 713 487 713 471 708 454 696 446L400 146C388 133 375 125 354 125 338 125 325 129 313 142 300 154 292 171 292 187 292 204 296 221 308 233L563 492 304 771C292 783 288 800 288 817 288 833 296 850 308 863 321 871 338 875 354 875 371 875 388 867 400 854L696 533Z\"><\/path><\/svg>\t\t\t\t\t\t<\/div>\n\t\t\t\t\t\t\t\t\t\t\t\t\t\t\t\t\t<\/div>\n\t\t\t\t\t\t\t\t<\/div>\n\t\t\t\t\t<\/div>\n\t\t<\/div>\n\t\t\t\t\t<\/div>\n\t\t<\/section>\n\t\t\t\t<section class=\"elementor-section elementor-top-section elementor-element elementor-element-ae61c32 elementor-section-boxed elementor-section-height-default elementor-section-height-default\" data-id=\"ae61c32\" data-element_type=\"section\">\n\t\t\t\t\t\t<div class=\"elementor-container elementor-column-gap-default\">\n\t\t\t\t\t<div class=\"elementor-column elementor-col-100 elementor-top-column elementor-element elementor-element-23a2f34\" data-id=\"23a2f34\" data-element_type=\"column\">\n\t\t\t<div class=\"elementor-widget-wrap elementor-element-populated\">\n\t\t\t\t\t\t<div class=\"elementor-element elementor-element-f463ede elementor-widget elementor-widget-spacer\" data-id=\"f463ede\" data-element_type=\"widget\" data-widget_type=\"spacer.default\">\n\t\t\t\t\t\t\t<div class=\"elementor-spacer\">\n\t\t\t<div class=\"elementor-spacer-inner\"><\/div>\n\t\t<\/div>\n\t\t\t\t\t\t<\/div>\n\t\t\t\t<div class=\"elementor-element elementor-element-3bbd7fc elementor-widget elementor-widget-heading\" data-id=\"3bbd7fc\" data-element_type=\"widget\" data-widget_type=\"heading.default\">\n\t\t\t\t\t<h2 class=\"elementor-heading-title elementor-size-default\"><a href=\"https:\/\/tahr.mx\/en\/work\/\">WORK<\/a><\/h2>\t\t\t\t<\/div>\n\t\t\t\t\t<\/div>\n\t\t<\/div>\n\t\t\t\t\t<\/div>\n\t\t<\/section>\n\t\t\t\t<\/div>","protected":false},"excerpt":{"rendered":"<p>Sinaloa 204 Nombre de Proyecto Sinaloa 204 Estatus del Proyecto Proyecto arquitect\u00f3nico A\u00f1o 2025 Ubicaci\u00f3n Roma Norte, Ciudad de M\u00e9xico Tipolog\u00eda Desarrollo Habitacional Proyecto por TAHR \u00c1rea Construida 800m2 Descripci\u00f3n Sinaloa 204 es un proyecto habitacional en la colonia Roma Norte, zona de gran riqueza cultural y art\u00edstica. La casa existente est\u00e1 catalogada y tiene [&hellip;]<\/p>","protected":false},"author":1,"featured_media":0,"parent":0,"menu_order":0,"comment_status":"closed","ping_status":"closed","template":"","meta":{"footnotes":""},"class_list":["post-3031","page","type-page","status-publish","hentry"],"_links":{"self":[{"href":"https:\/\/tahr.mx\/en\/wp-json\/wp\/v2\/pages\/3031","targetHints":{"allow":["GET"]}}],"collection":[{"href":"https:\/\/tahr.mx\/en\/wp-json\/wp\/v2\/pages"}],"about":[{"href":"https:\/\/tahr.mx\/en\/wp-json\/wp\/v2\/types\/page"}],"author":[{"embeddable":true,"href":"https:\/\/tahr.mx\/en\/wp-json\/wp\/v2\/users\/1"}],"replies":[{"embeddable":true,"href":"https:\/\/tahr.mx\/en\/wp-json\/wp\/v2\/comments?post=3031"}],"version-history":[{"count":74,"href":"https:\/\/tahr.mx\/en\/wp-json\/wp\/v2\/pages\/3031\/revisions"}],"predecessor-version":[{"id":9169,"href":"https:\/\/tahr.mx\/en\/wp-json\/wp\/v2\/pages\/3031\/revisions\/9169"}],"wp:attachment":[{"href":"https:\/\/tahr.mx\/en\/wp-json\/wp\/v2\/media?parent=3031"}],"curies":[{"name":"wp","href":"https:\/\/api.w.org\/{rel}","templated":true}]}}