{"id":2440,"date":"2023-11-17T17:23:27","date_gmt":"2023-11-17T23:23:27","guid":{"rendered":"https:\/\/tahr.mx\/?page_id=2440"},"modified":"2025-08-14T22:53:01","modified_gmt":"2025-08-15T04:53:01","slug":"herradura-1","status":"publish","type":"page","link":"https:\/\/tahr.mx\/en\/herradura-1\/","title":{"rendered":"Herradura 1"},"content":{"rendered":"<div data-elementor-type=\"wp-page\" data-elementor-id=\"2440\" class=\"elementor elementor-2440\" data-elementor-post-type=\"page\">\n\t\t\t\t\t\t<section class=\"elementor-section elementor-top-section elementor-element elementor-element-29ec704 elementor-section-boxed elementor-section-height-default elementor-section-height-default\" data-id=\"29ec704\" data-element_type=\"section\">\n\t\t\t\t\t\t<div class=\"elementor-container elementor-column-gap-default\">\n\t\t\t\t\t<div class=\"elementor-column elementor-col-100 elementor-top-column elementor-element elementor-element-dca03b0\" data-id=\"dca03b0\" data-element_type=\"column\">\n\t\t\t<div class=\"elementor-widget-wrap elementor-element-populated\">\n\t\t\t\t\t\t<div class=\"elementor-element elementor-element-29e707d elementor-widget elementor-widget-spacer\" data-id=\"29e707d\" data-element_type=\"widget\" data-widget_type=\"spacer.default\">\n\t\t\t\t\t\t\t<div class=\"elementor-spacer\">\n\t\t\t<div class=\"elementor-spacer-inner\"><\/div>\n\t\t<\/div>\n\t\t\t\t\t\t<\/div>\n\t\t\t\t\t<\/div>\n\t\t<\/div>\n\t\t\t\t\t<\/div>\n\t\t<\/section>\n\t\t\t\t<section class=\"elementor-section elementor-top-section elementor-element elementor-element-7dda51b elementor-section-boxed elementor-section-height-default elementor-section-height-default\" data-id=\"7dda51b\" data-element_type=\"section\">\n\t\t\t\t\t\t<div class=\"elementor-container elementor-column-gap-default\">\n\t\t\t\t\t<div class=\"elementor-column elementor-col-33 elementor-top-column elementor-element elementor-element-11058b1\" data-id=\"11058b1\" data-element_type=\"column\">\n\t\t\t<div class=\"elementor-widget-wrap elementor-element-populated\">\n\t\t\t\t<div class=\"elementor-element elementor-element-21c95e9 e-flex e-con-boxed e-con e-parent\" data-id=\"21c95e9\" data-element_type=\"container\">\n\t\t\t\t\t<div class=\"e-con-inner\">\n\t\t<div class=\"elementor-element elementor-element-3a91981 e-con-full e-flex e-con e-child\" data-id=\"3a91981\" data-element_type=\"container\">\n\t\t\t\t<div class=\"elementor-element elementor-element-55fe549 elementor-widget__width-initial elementor-widget-mobile__width-initial elementor-widget elementor-widget-heading\" data-id=\"55fe549\" data-element_type=\"widget\" data-widget_type=\"heading.default\">\n\t\t\t\t\t<p class=\"elementor-heading-title elementor-size-default\">Herradura 1<\/p>\t\t\t\t<\/div>\n\t\t\t\t<\/div>\n\t\t\t\t\t<\/div>\n\t\t\t\t<\/div>\n\t\t<div class=\"elementor-element elementor-element-fbb1b12 e-con-full e-flex e-con e-parent\" data-id=\"fbb1b12\" data-element_type=\"container\">\n\t\t<div class=\"elementor-element elementor-element-8b4d3a4 e-con-full e-flex e-con e-child\" data-id=\"8b4d3a4\" data-element_type=\"container\">\n\t\t\t\t<div class=\"elementor-element elementor-element-df2b995 elementor-widget elementor-widget-heading\" data-id=\"df2b995\" data-element_type=\"widget\" data-widget_type=\"heading.default\">\n\t\t\t\t\t<h2 class=\"elementor-heading-title elementor-size-default\">Project Name<\/h2>\t\t\t\t<\/div>\n\t\t\t\t<\/div>\n\t\t<div class=\"elementor-element elementor-element-2e05dcf e-con-full e-flex e-con e-child\" data-id=\"2e05dcf\" data-element_type=\"container\">\n\t\t\t\t<div class=\"elementor-element elementor-element-99c4f4d elementor-widget elementor-widget-heading\" data-id=\"99c4f4d\" data-element_type=\"widget\" data-widget_type=\"heading.default\">\n\t\t\t\t\t<h2 class=\"elementor-heading-title elementor-size-default\">Herradura 1<\/h2>\t\t\t\t<\/div>\n\t\t\t\t<\/div>\n\t\t\t\t<\/div>\n\t\t<div class=\"elementor-element elementor-element-71afc98 e-flex e-con-boxed e-con e-parent\" data-id=\"71afc98\" data-element_type=\"container\">\n\t\t\t\t\t<div class=\"e-con-inner\">\n\t\t<div class=\"elementor-element elementor-element-96a29ef e-con-full e-flex e-con e-child\" data-id=\"96a29ef\" data-element_type=\"container\">\n\t\t\t\t<div class=\"elementor-element elementor-element-dc45ee7 elementor-widget elementor-widget-heading\" data-id=\"dc45ee7\" data-element_type=\"widget\" data-widget_type=\"heading.default\">\n\t\t\t\t\t<h2 class=\"elementor-heading-title elementor-size-default\">Project Status<\/h2>\t\t\t\t<\/div>\n\t\t\t\t<\/div>\n\t\t<div class=\"elementor-element elementor-element-2bbe86c e-con-full e-flex e-con e-child\" data-id=\"2bbe86c\" data-element_type=\"container\">\n\t\t\t\t<div class=\"elementor-element elementor-element-86038ae elementor-widget elementor-widget-heading\" data-id=\"86038ae\" data-element_type=\"widget\" data-widget_type=\"heading.default\">\n\t\t\t\t\t<h2 class=\"elementor-heading-title elementor-size-default\">Built<\/h2>\t\t\t\t<\/div>\n\t\t\t\t<\/div>\n\t\t\t\t\t<\/div>\n\t\t\t\t<\/div>\n\t\t<div class=\"elementor-element elementor-element-f78956b e-flex e-con-boxed e-con e-parent\" data-id=\"f78956b\" data-element_type=\"container\">\n\t\t\t\t\t<div class=\"e-con-inner\">\n\t\t<div class=\"elementor-element elementor-element-4934f07 e-con-full e-flex e-con e-child\" data-id=\"4934f07\" data-element_type=\"container\">\n\t\t\t\t<div class=\"elementor-element elementor-element-13f8dd5 elementor-widget elementor-widget-heading\" data-id=\"13f8dd5\" data-element_type=\"widget\" data-widget_type=\"heading.default\">\n\t\t\t\t\t<h2 class=\"elementor-heading-title elementor-size-default\">Year<\/h2>\t\t\t\t<\/div>\n\t\t\t\t<\/div>\n\t\t<div class=\"elementor-element elementor-element-8c43b9a e-con-full e-flex e-con e-child\" data-id=\"8c43b9a\" data-element_type=\"container\">\n\t\t\t\t<div class=\"elementor-element elementor-element-3874834 elementor-widget elementor-widget-heading\" data-id=\"3874834\" data-element_type=\"widget\" data-widget_type=\"heading.default\">\n\t\t\t\t\t<h2 class=\"elementor-heading-title elementor-size-default\">2020<\/h2>\t\t\t\t<\/div>\n\t\t\t\t<\/div>\n\t\t\t\t\t<\/div>\n\t\t\t\t<\/div>\n\t\t<div class=\"elementor-element elementor-element-cfbb1cf e-flex e-con-boxed e-con e-parent\" data-id=\"cfbb1cf\" data-element_type=\"container\">\n\t\t\t\t\t<div class=\"e-con-inner\">\n\t\t<div class=\"elementor-element elementor-element-bec5889 e-con-full e-flex e-con e-child\" data-id=\"bec5889\" data-element_type=\"container\">\n\t\t\t\t<div class=\"elementor-element elementor-element-4090706 elementor-widget elementor-widget-heading\" data-id=\"4090706\" data-element_type=\"widget\" data-widget_type=\"heading.default\">\n\t\t\t\t\t<h2 class=\"elementor-heading-title elementor-size-default\">Location<\/h2>\t\t\t\t<\/div>\n\t\t\t\t<\/div>\n\t\t<div class=\"elementor-element elementor-element-4c708b6 e-con-full e-flex e-con e-child\" data-id=\"4c708b6\" data-element_type=\"container\">\n\t\t\t\t<div class=\"elementor-element elementor-element-8ad1e50 elementor-widget elementor-widget-heading\" data-id=\"8ad1e50\" data-element_type=\"widget\" data-widget_type=\"heading.default\">\n\t\t\t\t\t<h2 class=\"elementor-heading-title elementor-size-default\">Naucalpan, State of Mexico.<\/h2>\t\t\t\t<\/div>\n\t\t\t\t<\/div>\n\t\t\t\t\t<\/div>\n\t\t\t\t<\/div>\n\t\t<div class=\"elementor-element elementor-element-3bc823f e-flex e-con-boxed e-con e-parent\" data-id=\"3bc823f\" data-element_type=\"container\">\n\t\t\t\t\t<div class=\"e-con-inner\">\n\t\t<div class=\"elementor-element elementor-element-617631a e-con-full e-flex e-con e-child\" data-id=\"617631a\" data-element_type=\"container\">\n\t\t\t\t<div class=\"elementor-element elementor-element-fdb93f4 elementor-widget elementor-widget-heading\" data-id=\"fdb93f4\" data-element_type=\"widget\" data-widget_type=\"heading.default\">\n\t\t\t\t\t<h2 class=\"elementor-heading-title elementor-size-default\">Typology<\/h2>\t\t\t\t<\/div>\n\t\t\t\t<\/div>\n\t\t<div class=\"elementor-element elementor-element-3340e55 e-con-full e-flex e-con e-child\" data-id=\"3340e55\" data-element_type=\"container\">\n\t\t\t\t<div class=\"elementor-element elementor-element-d55f5c3 elementor-widget elementor-widget-heading\" data-id=\"d55f5c3\" data-element_type=\"widget\" data-widget_type=\"heading.default\">\n\t\t\t\t\t<h2 class=\"elementor-heading-title elementor-size-default\">Housing Development<\/h2>\t\t\t\t<\/div>\n\t\t\t\t<\/div>\n\t\t\t\t\t<\/div>\n\t\t\t\t<\/div>\n\t\t<div class=\"elementor-element elementor-element-0fbcf1d e-flex e-con-boxed e-con e-parent\" data-id=\"0fbcf1d\" data-element_type=\"container\">\n\t\t\t\t\t<div class=\"e-con-inner\">\n\t\t<div class=\"elementor-element elementor-element-27b7a1f e-con-full e-flex e-con e-child\" data-id=\"27b7a1f\" data-element_type=\"container\">\n\t\t\t\t<div class=\"elementor-element elementor-element-e7dda39 elementor-widget elementor-widget-heading\" data-id=\"e7dda39\" data-element_type=\"widget\" data-widget_type=\"heading.default\">\n\t\t\t\t\t<h2 class=\"elementor-heading-title elementor-size-default\">Project by<\/h2>\t\t\t\t<\/div>\n\t\t\t\t<\/div>\n\t\t<div class=\"elementor-element elementor-element-7a39717 e-con-full e-flex e-con e-child\" data-id=\"7a39717\" data-element_type=\"container\">\n\t\t\t\t<div class=\"elementor-element elementor-element-c4582e7 elementor-widget elementor-widget-heading\" data-id=\"c4582e7\" data-element_type=\"widget\" data-widget_type=\"heading.default\">\n\t\t\t\t\t<h2 class=\"elementor-heading-title elementor-size-default\">BulAu<\/h2>\t\t\t\t<\/div>\n\t\t\t\t<\/div>\n\t\t\t\t\t<\/div>\n\t\t\t\t<\/div>\n\t\t<div class=\"elementor-element elementor-element-2b42652 e-flex e-con-boxed e-con e-parent\" data-id=\"2b42652\" data-element_type=\"container\">\n\t\t\t\t\t<div class=\"e-con-inner\">\n\t\t<div class=\"elementor-element elementor-element-7019c13 e-con-full e-flex e-con e-child\" data-id=\"7019c13\" data-element_type=\"container\">\n\t\t\t\t<div class=\"elementor-element elementor-element-4f6c402 elementor-widget elementor-widget-heading\" data-id=\"4f6c402\" data-element_type=\"widget\" data-widget_type=\"heading.default\">\n\t\t\t\t\t<h2 class=\"elementor-heading-title elementor-size-default\">Constructed Area<\/h2>\t\t\t\t<\/div>\n\t\t\t\t<\/div>\n\t\t<div class=\"elementor-element elementor-element-be148d0 e-con-full e-flex e-con e-child\" data-id=\"be148d0\" data-element_type=\"container\">\n\t\t\t\t<div class=\"elementor-element elementor-element-cb8dd07 elementor-widget elementor-widget-heading\" data-id=\"cb8dd07\" data-element_type=\"widget\" data-widget_type=\"heading.default\">\n\t\t\t\t\t<h2 class=\"elementor-heading-title elementor-size-default\">1,800 m2<\/h2>\t\t\t\t<\/div>\n\t\t\t\t<\/div>\n\t\t\t\t\t<\/div>\n\t\t\t\t<\/div>\n\t\t<div class=\"elementor-element elementor-element-a1e309a e-flex e-con-boxed e-con e-parent\" data-id=\"a1e309a\" data-element_type=\"container\">\n\t\t\t\t\t<div class=\"e-con-inner\">\n\t\t<div class=\"elementor-element elementor-element-2575769 e-con-full e-flex e-con e-child\" data-id=\"2575769\" data-element_type=\"container\">\n\t\t\t\t<div class=\"elementor-element elementor-element-f9e13af elementor-widget elementor-widget-text-editor\" data-id=\"f9e13af\" data-element_type=\"widget\" data-widget_type=\"text-editor.default\">\n\t\t\t\t\t\t\t\t\t<p><strong>Design Brief<\/strong><\/p>\t\t\t\t\t\t\t\t<\/div>\n\t\t\t\t<div class=\"elementor-element elementor-element-84499cb elementor-widget elementor-widget-text-editor\" data-id=\"84499cb\" data-element_type=\"widget\" data-widget_type=\"text-editor.default\">\n\t\t\t\t\t\t\t\t\t<p>Four high-end residences, located on a trapezoidal-shaped plot with an area of 1100m\u00b2, situated in Naucalpan, State of Mexico. The construction consists of two buildings, each with three levels and two residences, which are distributed starting from a compositional axis (northwest-southeast),dividing the plot in two parts. On the west side, two residences are located corresponding to tower A, while on the east side, two residences correspond to tower B.<\/p><p>The primary objective was to create the largest possible permeable green space in order to minimize footprint of the residences, allowing for large natural earth gardens throughout the entire development.<\/p>\t\t\t\t\t\t\t\t<\/div>\n\t\t\t\t<\/div>\n\t\t\t\t\t<\/div>\n\t\t\t\t<\/div>\n\t\t\t\t<div class=\"elementor-element elementor-element-bf6d7d8 elementor-widget elementor-widget-spacer\" data-id=\"bf6d7d8\" data-element_type=\"widget\" data-widget_type=\"spacer.default\">\n\t\t\t\t\t\t\t<div class=\"elementor-spacer\">\n\t\t\t<div class=\"elementor-spacer-inner\"><\/div>\n\t\t<\/div>\n\t\t\t\t\t\t<\/div>\n\t\t<div class=\"elementor-element elementor-element-5846eac e-flex e-con-boxed e-con e-parent\" data-id=\"5846eac\" data-element_type=\"container\">\n\t\t\t\t\t<div class=\"e-con-inner\">\n\t\t<div class=\"elementor-element elementor-element-84febac e-con-full e-flex e-con e-child\" data-id=\"84febac\" data-element_type=\"container\">\n\t\t\t\t<div class=\"elementor-element elementor-element-e30e3e7 elementor-widget elementor-widget-heading\" data-id=\"e30e3e7\" data-element_type=\"widget\" data-widget_type=\"heading.default\">\n\t\t\t\t\t<h2 class=\"elementor-heading-title elementor-size-default\">Client<\/h2>\t\t\t\t<\/div>\n\t\t\t\t<\/div>\n\t\t<div class=\"elementor-element elementor-element-35eab0a e-con-full e-flex e-con e-child\" data-id=\"35eab0a\" data-element_type=\"container\">\n\t\t\t\t<div class=\"elementor-element elementor-element-6b25dd7 elementor-widget elementor-widget-heading\" data-id=\"6b25dd7\" data-element_type=\"widget\" data-widget_type=\"heading.default\">\n\t\t\t\t\t<h2 class=\"elementor-heading-title elementor-size-default\">HBG<\/h2>\t\t\t\t<\/div>\n\t\t\t\t<\/div>\n\t\t\t\t\t<\/div>\n\t\t\t\t<\/div>\n\t\t<div class=\"elementor-element elementor-element-020f2eb e-flex e-con-boxed e-con e-parent\" data-id=\"020f2eb\" data-element_type=\"container\">\n\t\t\t\t\t<div class=\"e-con-inner\">\n\t\t<div class=\"elementor-element elementor-element-b75ce3b e-con-full e-flex e-con e-child\" data-id=\"b75ce3b\" data-element_type=\"container\">\n\t\t\t\t<div class=\"elementor-element elementor-element-1800635 elementor-widget elementor-widget-heading\" data-id=\"1800635\" data-element_type=\"widget\" data-widget_type=\"heading.default\">\n\t\t\t\t\t<h2 class=\"elementor-heading-title elementor-size-default\">Photographer<\/h2>\t\t\t\t<\/div>\n\t\t\t\t<\/div>\n\t\t<div class=\"elementor-element elementor-element-e189d89 e-con-full e-flex e-con e-child\" data-id=\"e189d89\" data-element_type=\"container\">\n\t\t\t\t<div class=\"elementor-element elementor-element-183809c elementor-widget elementor-widget-heading\" data-id=\"183809c\" data-element_type=\"widget\" data-widget_type=\"heading.default\">\n\t\t\t\t\t<h2 class=\"elementor-heading-title elementor-size-default\">Marcos Betanzos, H\u00e9ctor de la Pe\u00f1a <\/h2>\t\t\t\t<\/div>\n\t\t\t\t<\/div>\n\t\t\t\t\t<\/div>\n\t\t\t\t<\/div>\n\t\t<div class=\"elementor-element elementor-element-3215cd9 e-flex e-con-boxed e-con e-parent\" data-id=\"3215cd9\" data-element_type=\"container\">\n\t\t\t\t\t<div class=\"e-con-inner\">\n\t\t<div class=\"elementor-element elementor-element-eb70158 e-con-full e-flex e-con e-child\" data-id=\"eb70158\" data-element_type=\"container\">\n\t\t\t\t<div class=\"elementor-element elementor-element-1cc6b58 elementor-widget elementor-widget-heading\" data-id=\"1cc6b58\" data-element_type=\"widget\" data-widget_type=\"heading.default\">\n\t\t\t\t\t<h2 class=\"elementor-heading-title elementor-size-default\">Credits<\/h2>\t\t\t\t<\/div>\n\t\t\t\t<\/div>\n\t\t<div class=\"elementor-element elementor-element-1cccfdd e-con-full e-flex e-con e-child\" data-id=\"1cccfdd\" data-element_type=\"container\">\n\t\t\t\t<div class=\"elementor-element elementor-element-8cef271 elementor-widget elementor-widget-heading\" data-id=\"8cef271\" data-element_type=\"widget\" data-widget_type=\"heading.default\">\n\t\t\t\t\t<h2 class=\"elementor-heading-title elementor-size-default\">H\u00e9ctor de la Pe\u00f1a<\/h2>\t\t\t\t<\/div>\n\t\t\t\t<\/div>\n\t\t\t\t\t<\/div>\n\t\t\t\t<\/div>\n\t\t\t\t\t<\/div>\n\t\t<\/div>\n\t\t\t\t<div class=\"elementor-column elementor-col-33 elementor-top-column elementor-element elementor-element-8440802\" data-id=\"8440802\" data-element_type=\"column\">\n\t\t\t<div class=\"elementor-widget-wrap\">\n\t\t\t\t\t\t\t<\/div>\n\t\t<\/div>\n\t\t\t\t<div class=\"elementor-column elementor-col-33 elementor-top-column elementor-element elementor-element-99d89f2\" data-id=\"99d89f2\" data-element_type=\"column\">\n\t\t\t<div class=\"elementor-widget-wrap elementor-element-populated\">\n\t\t\t\t\t\t<div class=\"elementor-element elementor-element-308d772 elementor-widget elementor-widget-image\" data-id=\"308d772\" data-element_type=\"widget\" data-widget_type=\"image.default\">\n\t\t\t\t\t\t\t\t\t\t\t\t\t\t\t<img fetchpriority=\"high\" decoding=\"async\" width=\"2560\" height=\"1707\" src=\"https:\/\/tahr.mx\/wp-content\/uploads\/2023\/12\/00-ICONO-HERRADURA-UNO-BulAu-11-scaled.jpg\" class=\"attachment-full size-full wp-image-3082\" alt=\"TAHR_Housing_Development_Herradura_1_01\" srcset=\"https:\/\/tahr.mx\/wp-content\/uploads\/2023\/12\/00-ICONO-HERRADURA-UNO-BulAu-11-scaled.jpg 2560w, https:\/\/tahr.mx\/wp-content\/uploads\/2023\/12\/00-ICONO-HERRADURA-UNO-BulAu-11-300x200.jpg 300w, https:\/\/tahr.mx\/wp-content\/uploads\/2023\/12\/00-ICONO-HERRADURA-UNO-BulAu-11-1024x683.jpg 1024w, https:\/\/tahr.mx\/wp-content\/uploads\/2023\/12\/00-ICONO-HERRADURA-UNO-BulAu-11-768x512.jpg 768w, https:\/\/tahr.mx\/wp-content\/uploads\/2023\/12\/00-ICONO-HERRADURA-UNO-BulAu-11-1536x1024.jpg 1536w, https:\/\/tahr.mx\/wp-content\/uploads\/2023\/12\/00-ICONO-HERRADURA-UNO-BulAu-11-2048x1365.jpg 2048w\" sizes=\"(max-width: 2560px) 100vw, 2560px\" \/>\t\t\t\t\t\t\t\t\t\t\t\t\t\t\t<\/div>\n\t\t\t\t\t<\/div>\n\t\t<\/div>\n\t\t\t\t\t<\/div>\n\t\t<\/section>\n\t\t\t\t<section class=\"elementor-section elementor-top-section elementor-element elementor-element-30681bd elementor-section-boxed elementor-section-height-default elementor-section-height-default\" data-id=\"30681bd\" data-element_type=\"section\">\n\t\t\t\t\t\t<div class=\"elementor-container elementor-column-gap-default\">\n\t\t\t\t\t<div class=\"elementor-column elementor-col-100 elementor-top-column elementor-element elementor-element-238f736\" data-id=\"238f736\" data-element_type=\"column\">\n\t\t\t<div class=\"elementor-widget-wrap elementor-element-populated\">\n\t\t\t\t\t\t<div class=\"elementor-element elementor-element-7f97122 elementor-widget elementor-widget-spacer\" data-id=\"7f97122\" data-element_type=\"widget\" data-widget_type=\"spacer.default\">\n\t\t\t\t\t\t\t<div class=\"elementor-spacer\">\n\t\t\t<div class=\"elementor-spacer-inner\"><\/div>\n\t\t<\/div>\n\t\t\t\t\t\t<\/div>\n\t\t\t\t\t<\/div>\n\t\t<\/div>\n\t\t\t\t\t<\/div>\n\t\t<\/section>\n\t\t\t\t<section class=\"elementor-section elementor-top-section elementor-element elementor-element-4804bf1 elementor-section-boxed elementor-section-height-default elementor-section-height-default\" data-id=\"4804bf1\" data-element_type=\"section\">\n\t\t\t\t\t\t<div class=\"elementor-container elementor-column-gap-default\">\n\t\t\t\t\t<div class=\"elementor-column elementor-col-100 elementor-top-column elementor-element elementor-element-9b36c6e\" data-id=\"9b36c6e\" data-element_type=\"column\">\n\t\t\t<div class=\"elementor-widget-wrap elementor-element-populated\">\n\t\t\t\t\t\t<div class=\"elementor-element elementor-element-11192b4 elementor-arrows-position-outside elementor--h-position-center elementor--v-position-middle elementor-widget elementor-widget-slides\" data-id=\"11192b4\" data-element_type=\"widget\" data-settings=\"{&quot;navigation&quot;:&quot;arrows&quot;,&quot;autoplay&quot;:&quot;yes&quot;,&quot;pause_on_hover&quot;:&quot;yes&quot;,&quot;pause_on_interaction&quot;:&quot;yes&quot;,&quot;autoplay_speed&quot;:5000,&quot;infinite&quot;:&quot;yes&quot;,&quot;transition&quot;:&quot;slide&quot;,&quot;transition_speed&quot;:500}\" data-widget_type=\"slides.default\">\n\t\t\t\t\t\t\t\t\t\t<div class=\"elementor-slides-wrapper elementor-main-swiper swiper\" role=\"region\" aria-roledescription=\"carousel\" aria-label=\"Slides\" dir=\"ltr\" data-animation=\"fadeInUp\">\n\t\t\t\t<div class=\"swiper-wrapper elementor-slides\">\n\t\t\t\t\t\t\t\t\t\t<div class=\"elementor-repeater-item-2236dda swiper-slide\" role=\"group\" aria-roledescription=\"slide\"><div class=\"swiper-slide-bg\" role=\"img\"><\/div><div class=\"swiper-slide-inner\" ><div class=\"swiper-slide-contents\"><\/div><\/div><\/div><div class=\"elementor-repeater-item-5eb7941 swiper-slide\" role=\"group\" aria-roledescription=\"slide\"><div class=\"swiper-slide-bg\" role=\"img\"><\/div><div class=\"swiper-slide-inner\" ><div class=\"swiper-slide-contents\"><\/div><\/div><\/div><div class=\"elementor-repeater-item-3d22c4b swiper-slide\" role=\"group\" aria-roledescription=\"slide\"><div class=\"swiper-slide-bg\" role=\"img\"><\/div><div class=\"swiper-slide-inner\" ><div class=\"swiper-slide-contents\"><\/div><\/div><\/div><div class=\"elementor-repeater-item-777a1ea swiper-slide\" role=\"group\" aria-roledescription=\"slide\"><div class=\"swiper-slide-bg\" role=\"img\"><\/div><div class=\"swiper-slide-inner\" ><div class=\"swiper-slide-contents\"><\/div><\/div><\/div><div class=\"elementor-repeater-item-31dae5d swiper-slide\" role=\"group\" aria-roledescription=\"slide\"><div class=\"swiper-slide-bg\" role=\"img\"><\/div><div class=\"swiper-slide-inner\" ><div class=\"swiper-slide-contents\"><\/div><\/div><\/div><div class=\"elementor-repeater-item-20321db swiper-slide\" role=\"group\" aria-roledescription=\"slide\"><div class=\"swiper-slide-bg\" role=\"img\"><\/div><div class=\"swiper-slide-inner\" ><div class=\"swiper-slide-contents\"><\/div><\/div><\/div><div class=\"elementor-repeater-item-ea4ca9b swiper-slide\" role=\"group\" aria-roledescription=\"slide\"><div class=\"swiper-slide-bg\" role=\"img\"><\/div><div class=\"swiper-slide-inner\" ><div class=\"swiper-slide-contents\"><\/div><\/div><\/div><div class=\"elementor-repeater-item-e1f243c swiper-slide\" role=\"group\" aria-roledescription=\"slide\"><div class=\"swiper-slide-bg\" role=\"img\"><\/div><div class=\"swiper-slide-inner\" ><div class=\"swiper-slide-contents\"><\/div><\/div><\/div><div class=\"elementor-repeater-item-2b61ed8 swiper-slide\" role=\"group\" aria-roledescription=\"slide\"><div class=\"swiper-slide-bg\" role=\"img\"><\/div><div class=\"swiper-slide-inner\" ><div class=\"swiper-slide-contents\"><\/div><\/div><\/div>\t\t\t\t<\/div>\n\t\t\t\t\t\t\t\t\t\t\t\t\t\t\t<div class=\"elementor-swiper-button elementor-swiper-button-prev\" role=\"button\" tabindex=\"0\" aria-label=\"Previous slide\">\n\t\t\t\t\t\t\t<svg aria-hidden=\"true\" class=\"e-font-icon-svg e-eicon-chevron-left\" viewbox=\"0 0 1000 1000\" xmlns=\"http:\/\/www.w3.org\/2000\/svg\"><path d=\"M646 125C629 125 613 133 604 142L308 442C296 454 292 471 292 487 292 504 296 521 308 533L604 854C617 867 629 875 646 875 663 875 679 871 692 858 704 846 713 829 713 812 713 796 708 779 692 767L438 487 692 225C700 217 708 204 708 187 708 171 704 154 692 142 675 129 663 125 646 125Z\"><\/path><\/svg>\t\t\t\t\t\t<\/div>\n\t\t\t\t\t\t<div class=\"elementor-swiper-button elementor-swiper-button-next\" role=\"button\" tabindex=\"0\" aria-label=\"Next slide\">\n\t\t\t\t\t\t\t<svg aria-hidden=\"true\" class=\"e-font-icon-svg e-eicon-chevron-right\" viewbox=\"0 0 1000 1000\" xmlns=\"http:\/\/www.w3.org\/2000\/svg\"><path d=\"M696 533C708 521 713 504 713 487 713 471 708 454 696 446L400 146C388 133 375 125 354 125 338 125 325 129 313 142 300 154 292 171 292 187 292 204 296 221 308 233L563 492 304 771C292 783 288 800 288 817 288 833 296 850 308 863 321 871 338 875 354 875 371 875 388 867 400 854L696 533Z\"><\/path><\/svg>\t\t\t\t\t\t<\/div>\n\t\t\t\t\t\t\t\t\t\t\t\t\t\t\t\t\t<\/div>\n\t\t\t\t\t\t\t\t<\/div>\n\t\t\t\t\t<\/div>\n\t\t<\/div>\n\t\t\t\t\t<\/div>\n\t\t<\/section>\n\t\t\t\t<section class=\"elementor-section elementor-top-section elementor-element elementor-element-ae61c32 elementor-section-boxed elementor-section-height-default elementor-section-height-default\" data-id=\"ae61c32\" data-element_type=\"section\">\n\t\t\t\t\t\t<div class=\"elementor-container elementor-column-gap-default\">\n\t\t\t\t\t<div class=\"elementor-column elementor-col-100 elementor-top-column elementor-element elementor-element-23a2f34\" data-id=\"23a2f34\" data-element_type=\"column\">\n\t\t\t<div class=\"elementor-widget-wrap elementor-element-populated\">\n\t\t\t\t\t\t<div class=\"elementor-element elementor-element-f463ede elementor-widget elementor-widget-spacer\" data-id=\"f463ede\" data-element_type=\"widget\" data-widget_type=\"spacer.default\">\n\t\t\t\t\t\t\t<div class=\"elementor-spacer\">\n\t\t\t<div class=\"elementor-spacer-inner\"><\/div>\n\t\t<\/div>\n\t\t\t\t\t\t<\/div>\n\t\t\t\t<div class=\"elementor-element elementor-element-3bbd7fc elementor-widget-tablet__width-initial elementor-widget elementor-widget-heading\" data-id=\"3bbd7fc\" data-element_type=\"widget\" data-widget_type=\"heading.default\">\n\t\t\t\t\t<h2 class=\"elementor-heading-title elementor-size-default\"><a href=\"https:\/\/tahr.mx\/en\/work\/\">WORK<\/a><\/h2>\t\t\t\t<\/div>\n\t\t\t\t\t<\/div>\n\t\t<\/div>\n\t\t\t\t\t<\/div>\n\t\t<\/section>\n\t\t\t\t<\/div>","protected":false},"excerpt":{"rendered":"<p>Herradura 1 Nombre de Proyecto Herradura 1 Estatus del Proyecto Construido A\u00f1o 2020 Ubicaci\u00f3n Naucalpan, Estado de M\u00e9xico Tipolog\u00eda Desarrollo Habitacional Proyecto por BulAu \u00c1rea Construida 1,800 m2 Descripci\u00f3n Cuatro residencias de alto nivel, dentro de un predio de geometr\u00eda trapezoidal, con una superficie de 1100m\u00b2, ubicadas en Naucalpan, Estado de M\u00e9xico. La construcci\u00f3n consta [&hellip;]<\/p>","protected":false},"author":1,"featured_media":0,"parent":0,"menu_order":0,"comment_status":"closed","ping_status":"closed","template":"","meta":{"footnotes":""},"class_list":["post-2440","page","type-page","status-publish","hentry"],"_links":{"self":[{"href":"https:\/\/tahr.mx\/en\/wp-json\/wp\/v2\/pages\/2440","targetHints":{"allow":["GET"]}}],"collection":[{"href":"https:\/\/tahr.mx\/en\/wp-json\/wp\/v2\/pages"}],"about":[{"href":"https:\/\/tahr.mx\/en\/wp-json\/wp\/v2\/types\/page"}],"author":[{"embeddable":true,"href":"https:\/\/tahr.mx\/en\/wp-json\/wp\/v2\/users\/1"}],"replies":[{"embeddable":true,"href":"https:\/\/tahr.mx\/en\/wp-json\/wp\/v2\/comments?post=2440"}],"version-history":[{"count":79,"href":"https:\/\/tahr.mx\/en\/wp-json\/wp\/v2\/pages\/2440\/revisions"}],"predecessor-version":[{"id":9227,"href":"https:\/\/tahr.mx\/en\/wp-json\/wp\/v2\/pages\/2440\/revisions\/9227"}],"wp:attachment":[{"href":"https:\/\/tahr.mx\/en\/wp-json\/wp\/v2\/media?parent=2440"}],"curies":[{"name":"wp","href":"https:\/\/api.w.org\/{rel}","templated":true}]}}