{"id":1853,"date":"2023-11-16T12:03:37","date_gmt":"2023-11-16T18:03:37","guid":{"rendered":"https:\/\/tahr.mx\/?page_id=1853"},"modified":"2025-08-14T22:18:30","modified_gmt":"2025-08-15T04:18:30","slug":"huerta-pena-blanca","status":"publish","type":"page","link":"https:\/\/tahr.mx\/en\/huerta-pena-blanca\/","title":{"rendered":"Huerta Pe\u00f1a Blanca"},"content":{"rendered":"<div data-elementor-type=\"wp-page\" data-elementor-id=\"1853\" class=\"elementor elementor-1853\" data-elementor-post-type=\"page\">\n\t\t\t\t\t\t<section class=\"elementor-section elementor-top-section elementor-element elementor-element-29ec704 elementor-section-boxed elementor-section-height-default elementor-section-height-default\" data-id=\"29ec704\" data-element_type=\"section\">\n\t\t\t\t\t\t<div class=\"elementor-container elementor-column-gap-default\">\n\t\t\t\t\t<div class=\"elementor-column elementor-col-100 elementor-top-column elementor-element elementor-element-dca03b0\" data-id=\"dca03b0\" data-element_type=\"column\">\n\t\t\t<div class=\"elementor-widget-wrap elementor-element-populated\">\n\t\t\t\t\t\t<div class=\"elementor-element elementor-element-29e707d elementor-widget elementor-widget-spacer\" data-id=\"29e707d\" data-element_type=\"widget\" data-widget_type=\"spacer.default\">\n\t\t\t\t\t\t\t<div class=\"elementor-spacer\">\n\t\t\t<div class=\"elementor-spacer-inner\"><\/div>\n\t\t<\/div>\n\t\t\t\t\t\t<\/div>\n\t\t\t\t\t<\/div>\n\t\t<\/div>\n\t\t\t\t\t<\/div>\n\t\t<\/section>\n\t\t\t\t<section class=\"elementor-section elementor-top-section elementor-element elementor-element-c150574 elementor-section-boxed elementor-section-height-default elementor-section-height-default\" data-id=\"c150574\" data-element_type=\"section\">\n\t\t\t\t\t\t<div class=\"elementor-container elementor-column-gap-default\">\n\t\t\t\t\t<div class=\"elementor-column elementor-col-33 elementor-top-column elementor-element elementor-element-9a2019f\" data-id=\"9a2019f\" data-element_type=\"column\">\n\t\t\t<div class=\"elementor-widget-wrap elementor-element-populated\">\n\t\t\t\t<div class=\"elementor-element elementor-element-813ecbb e-flex e-con-boxed e-con e-parent\" data-id=\"813ecbb\" data-element_type=\"container\">\n\t\t\t\t\t<div class=\"e-con-inner\">\n\t\t<div class=\"elementor-element elementor-element-87ba913 e-con-full e-flex e-con e-child\" data-id=\"87ba913\" data-element_type=\"container\">\n\t\t\t\t<div class=\"elementor-element elementor-element-00a1560 elementor-widget__width-initial elementor-widget-mobile__width-initial elementor-widget elementor-widget-heading\" data-id=\"00a1560\" data-element_type=\"widget\" data-widget_type=\"heading.default\">\n\t\t\t\t\t<p class=\"elementor-heading-title elementor-size-default\">Huertas Pe\u00f1aBlanca<\/p>\t\t\t\t<\/div>\n\t\t\t\t<\/div>\n\t\t\t\t\t<\/div>\n\t\t\t\t<\/div>\n\t\t<div class=\"elementor-element elementor-element-3e88417 e-flex e-con-boxed e-con e-parent\" data-id=\"3e88417\" data-element_type=\"container\">\n\t\t\t\t\t<div class=\"e-con-inner\">\n\t\t<div class=\"elementor-element elementor-element-8681137 e-con-full e-flex e-con e-child\" data-id=\"8681137\" data-element_type=\"container\">\n\t\t\t\t<div class=\"elementor-element elementor-element-19c37b4 elementor-widget elementor-widget-heading\" data-id=\"19c37b4\" data-element_type=\"widget\" data-widget_type=\"heading.default\">\n\t\t\t\t\t<h2 class=\"elementor-heading-title elementor-size-default\">Project Name<\/h2>\t\t\t\t<\/div>\n\t\t\t\t<\/div>\n\t\t<div class=\"elementor-element elementor-element-6dbe43e e-con-full e-flex e-con e-child\" data-id=\"6dbe43e\" data-element_type=\"container\">\n\t\t\t\t<div class=\"elementor-element elementor-element-f1f03b0 elementor-widget elementor-widget-heading\" data-id=\"f1f03b0\" data-element_type=\"widget\" data-widget_type=\"heading.default\">\n\t\t\t\t\t<h2 class=\"elementor-heading-title elementor-size-default\">Huertas Pe\u00f1aBlanca<\/h2>\t\t\t\t<\/div>\n\t\t\t\t<\/div>\n\t\t\t\t\t<\/div>\n\t\t\t\t<\/div>\n\t\t<div class=\"elementor-element elementor-element-1ae7510 e-flex e-con-boxed e-con e-parent\" data-id=\"1ae7510\" data-element_type=\"container\">\n\t\t\t\t\t<div class=\"e-con-inner\">\n\t\t<div class=\"elementor-element elementor-element-698f090 e-con-full e-flex e-con e-child\" data-id=\"698f090\" data-element_type=\"container\">\n\t\t\t\t<div class=\"elementor-element elementor-element-4d51187 elementor-widget elementor-widget-heading\" data-id=\"4d51187\" data-element_type=\"widget\" data-widget_type=\"heading.default\">\n\t\t\t\t\t<h2 class=\"elementor-heading-title elementor-size-default\">Project Status<\/h2>\t\t\t\t<\/div>\n\t\t\t\t<\/div>\n\t\t<div class=\"elementor-element elementor-element-29770e1 e-con-full e-flex e-con e-child\" data-id=\"29770e1\" data-element_type=\"container\">\n\t\t\t\t<div class=\"elementor-element elementor-element-15452ee elementor-widget elementor-widget-heading\" data-id=\"15452ee\" data-element_type=\"widget\" data-widget_type=\"heading.default\">\n\t\t\t\t\t<h2 class=\"elementor-heading-title elementor-size-default\">Built<\/h2>\t\t\t\t<\/div>\n\t\t\t\t<\/div>\n\t\t\t\t\t<\/div>\n\t\t\t\t<\/div>\n\t\t<div class=\"elementor-element elementor-element-dac3a5c e-flex e-con-boxed e-con e-parent\" data-id=\"dac3a5c\" data-element_type=\"container\">\n\t\t\t\t\t<div class=\"e-con-inner\">\n\t\t<div class=\"elementor-element elementor-element-7815ff6 e-con-full e-flex e-con e-child\" data-id=\"7815ff6\" data-element_type=\"container\">\n\t\t\t\t<div class=\"elementor-element elementor-element-0988495 elementor-widget elementor-widget-heading\" data-id=\"0988495\" data-element_type=\"widget\" data-widget_type=\"heading.default\">\n\t\t\t\t\t<h2 class=\"elementor-heading-title elementor-size-default\">Year<\/h2>\t\t\t\t<\/div>\n\t\t\t\t<\/div>\n\t\t<div class=\"elementor-element elementor-element-a3ceaba e-con-full e-flex e-con e-child\" data-id=\"a3ceaba\" data-element_type=\"container\">\n\t\t\t\t<div class=\"elementor-element elementor-element-32f6fb3 elementor-widget elementor-widget-heading\" data-id=\"32f6fb3\" data-element_type=\"widget\" data-widget_type=\"heading.default\">\n\t\t\t\t\t<h2 class=\"elementor-heading-title elementor-size-default\">2025<\/h2>\t\t\t\t<\/div>\n\t\t\t\t<\/div>\n\t\t\t\t\t<\/div>\n\t\t\t\t<\/div>\n\t\t<div class=\"elementor-element elementor-element-42ddafa e-flex e-con-boxed e-con e-parent\" data-id=\"42ddafa\" data-element_type=\"container\">\n\t\t\t\t\t<div class=\"e-con-inner\">\n\t\t<div class=\"elementor-element elementor-element-03ef06e e-con-full e-flex e-con e-child\" data-id=\"03ef06e\" data-element_type=\"container\">\n\t\t\t\t<div class=\"elementor-element elementor-element-176982a elementor-widget elementor-widget-heading\" data-id=\"176982a\" data-element_type=\"widget\" data-widget_type=\"heading.default\">\n\t\t\t\t\t<h2 class=\"elementor-heading-title elementor-size-default\">Location<\/h2>\t\t\t\t<\/div>\n\t\t\t\t<\/div>\n\t\t<div class=\"elementor-element elementor-element-0c5cdc3 e-con-full e-flex e-con e-child\" data-id=\"0c5cdc3\" data-element_type=\"container\">\n\t\t\t\t<div class=\"elementor-element elementor-element-695e10e elementor-widget elementor-widget-heading\" data-id=\"695e10e\" data-element_type=\"widget\" data-widget_type=\"heading.default\">\n\t\t\t\t\t<h2 class=\"elementor-heading-title elementor-size-default\">Valle de Bravo<\/h2>\t\t\t\t<\/div>\n\t\t\t\t<\/div>\n\t\t\t\t\t<\/div>\n\t\t\t\t<\/div>\n\t\t<div class=\"elementor-element elementor-element-edbc2bc e-flex e-con-boxed e-con e-parent\" data-id=\"edbc2bc\" data-element_type=\"container\">\n\t\t\t\t\t<div class=\"e-con-inner\">\n\t\t<div class=\"elementor-element elementor-element-765334c e-con-full e-flex e-con e-child\" data-id=\"765334c\" data-element_type=\"container\">\n\t\t\t\t<div class=\"elementor-element elementor-element-5805718 elementor-widget elementor-widget-heading\" data-id=\"5805718\" data-element_type=\"widget\" data-widget_type=\"heading.default\">\n\t\t\t\t\t<h2 class=\"elementor-heading-title elementor-size-default\">Typology<\/h2>\t\t\t\t<\/div>\n\t\t\t\t<\/div>\n\t\t<div class=\"elementor-element elementor-element-7e7634a e-con-full e-flex e-con e-child\" data-id=\"7e7634a\" data-element_type=\"container\">\n\t\t\t\t<div class=\"elementor-element elementor-element-8614154 elementor-widget elementor-widget-heading\" data-id=\"8614154\" data-element_type=\"widget\" data-widget_type=\"heading.default\">\n\t\t\t\t\t<h2 class=\"elementor-heading-title elementor-size-default\">Residential Condominium<\/h2>\t\t\t\t<\/div>\n\t\t\t\t<\/div>\n\t\t\t\t\t<\/div>\n\t\t\t\t<\/div>\n\t\t<div class=\"elementor-element elementor-element-6b043e1 e-flex e-con-boxed e-con e-parent\" data-id=\"6b043e1\" data-element_type=\"container\">\n\t\t\t\t\t<div class=\"e-con-inner\">\n\t\t<div class=\"elementor-element elementor-element-3cb7187 e-con-full e-flex e-con e-child\" data-id=\"3cb7187\" data-element_type=\"container\">\n\t\t\t\t<div class=\"elementor-element elementor-element-1406f48 elementor-widget elementor-widget-heading\" data-id=\"1406f48\" data-element_type=\"widget\" data-widget_type=\"heading.default\">\n\t\t\t\t\t<h2 class=\"elementor-heading-title elementor-size-default\">Project by<\/h2>\t\t\t\t<\/div>\n\t\t\t\t<\/div>\n\t\t<div class=\"elementor-element elementor-element-9b8f416 e-con-full e-flex e-con e-child\" data-id=\"9b8f416\" data-element_type=\"container\">\n\t\t\t\t<div class=\"elementor-element elementor-element-81711a1 elementor-widget elementor-widget-heading\" data-id=\"81711a1\" data-element_type=\"widget\" data-widget_type=\"heading.default\">\n\t\t\t\t\t<h2 class=\"elementor-heading-title elementor-size-default\">Master plan and executive project: ABAX\n<br>\nHouse 3 executive project: TAHR<\/h2>\t\t\t\t<\/div>\n\t\t\t\t<\/div>\n\t\t\t\t\t<\/div>\n\t\t\t\t<\/div>\n\t\t<div class=\"elementor-element elementor-element-d9c42d8 e-flex e-con-boxed e-con e-parent\" data-id=\"d9c42d8\" data-element_type=\"container\">\n\t\t\t\t\t<div class=\"e-con-inner\">\n\t\t<div class=\"elementor-element elementor-element-4a6d302 e-con-full e-flex e-con e-child\" data-id=\"4a6d302\" data-element_type=\"container\">\n\t\t\t\t<div class=\"elementor-element elementor-element-25903b6 elementor-widget elementor-widget-heading\" data-id=\"25903b6\" data-element_type=\"widget\" data-widget_type=\"heading.default\">\n\t\t\t\t\t<h2 class=\"elementor-heading-title elementor-size-default\">Constructed Area<\/h2>\t\t\t\t<\/div>\n\t\t\t\t<\/div>\n\t\t<div class=\"elementor-element elementor-element-2c9a108 e-con-full e-flex e-con e-child\" data-id=\"2c9a108\" data-element_type=\"container\">\n\t\t\t\t<div class=\"elementor-element elementor-element-ba2ef76 elementor-widget elementor-widget-heading\" data-id=\"ba2ef76\" data-element_type=\"widget\" data-widget_type=\"heading.default\">\n\t\t\t\t\t<h2 class=\"elementor-heading-title elementor-size-default\">1.6 hectare residential condominium with a 600m\u00b2 residence<\/h2>\t\t\t\t<\/div>\n\t\t\t\t<\/div>\n\t\t\t\t\t<\/div>\n\t\t\t\t<\/div>\n\t\t<div class=\"elementor-element elementor-element-3ca7a35 e-flex e-con-boxed e-con e-parent\" data-id=\"3ca7a35\" data-element_type=\"container\">\n\t\t\t\t\t<div class=\"e-con-inner\">\n\t\t<div class=\"elementor-element elementor-element-d7ceeaa e-con-full e-flex e-con e-child\" data-id=\"d7ceeaa\" data-element_type=\"container\">\n\t\t\t\t<div class=\"elementor-element elementor-element-8fb04ec elementor-widget elementor-widget-text-editor\" data-id=\"8fb04ec\" data-element_type=\"widget\" data-widget_type=\"text-editor.default\">\n\t\t\t\t\t\t\t\t\t<p><strong>Design Brief<\/strong><\/p>\t\t\t\t\t\t\t\t<\/div>\n\t\t\t\t<div class=\"elementor-element elementor-element-74602c6 elementor-widget-laptop__width-initial elementor-widget elementor-widget-heading\" data-id=\"74602c6\" data-element_type=\"widget\" data-widget_type=\"heading.default\">\n\t\t\t\t\t<h2 class=\"elementor-heading-title elementor-size-default\"> \n \t\nLocated within the Huertas Pe\u00f1aBlanca development, this residence is part of an ensemble of seven homes set within a 16,000 m\u00b2 site surrounded by forest, natural springs, and organic orchards. The project embraces the natural environment to promote a lifestyle in harmony with nature. The house, built on a 1,100 m\u00b2 lot with 600 m\u00b2 of habitable space, reflects a contemporary interpretation of the regional \u201cvallesana\u201d architecture\u2014warm, modern, and inviting, with generous, light-filled interiors that foster a strong connection between indoors and outdoors.\n\nThe social area\u2014featuring a double-height living and dining space\u2014opens onto a terrace with a pool and garden through large sliding glass doors. The kitchen is integrated into the common areas, while the service quarters remain separate. Four bedrooms and a family room provide forest views and privacy. Natural light is maximized through expansive windows and strategically placed skylights. Local materials such as wood, stone, brick, and travertine marble were used, along with pitched roofs that reinforce the architectural identity of the region and respond appropriately to the local climate.<\/h2>\t\t\t\t<\/div>\n\t\t\t\t<\/div>\n\t\t\t\t\t<\/div>\n\t\t\t\t<\/div>\n\t\t\t\t<div class=\"elementor-element elementor-element-953c885 elementor-widget elementor-widget-spacer\" data-id=\"953c885\" data-element_type=\"widget\" data-widget_type=\"spacer.default\">\n\t\t\t\t\t\t\t<div class=\"elementor-spacer\">\n\t\t\t<div class=\"elementor-spacer-inner\"><\/div>\n\t\t<\/div>\n\t\t\t\t\t\t<\/div>\n\t\t<div class=\"elementor-element elementor-element-f493ba2 e-flex e-con-boxed e-con e-parent\" data-id=\"f493ba2\" data-element_type=\"container\">\n\t\t\t\t\t<div class=\"e-con-inner\">\n\t\t<div class=\"elementor-element elementor-element-9fe71bf e-con-full e-flex e-con e-child\" data-id=\"9fe71bf\" data-element_type=\"container\">\n\t\t\t\t<div class=\"elementor-element elementor-element-5a66926 elementor-widget elementor-widget-heading\" data-id=\"5a66926\" data-element_type=\"widget\" data-widget_type=\"heading.default\">\n\t\t\t\t\t<h2 class=\"elementor-heading-title elementor-size-default\">Photographer<\/h2>\t\t\t\t<\/div>\n\t\t\t\t<\/div>\n\t\t<div class=\"elementor-element elementor-element-ff38347 e-con-full e-flex e-con e-child\" data-id=\"ff38347\" data-element_type=\"container\">\n\t\t\t\t<div class=\"elementor-element elementor-element-d71ecae elementor-widget elementor-widget-heading\" data-id=\"d71ecae\" data-element_type=\"widget\" data-widget_type=\"heading.default\">\n\t\t\t\t\t<h2 class=\"elementor-heading-title elementor-size-default\">Mariola Soberon <\/h2>\t\t\t\t<\/div>\n\t\t\t\t<\/div>\n\t\t\t\t\t<\/div>\n\t\t\t\t<\/div>\n\t\t<div class=\"elementor-element elementor-element-9a8f3f6 e-flex e-con-boxed e-con e-parent\" data-id=\"9a8f3f6\" data-element_type=\"container\">\n\t\t\t\t\t<div class=\"e-con-inner\">\n\t\t<div class=\"elementor-element elementor-element-278544d e-con-full e-flex e-con e-child\" data-id=\"278544d\" data-element_type=\"container\">\n\t\t\t\t<div class=\"elementor-element elementor-element-eb7440a elementor-widget elementor-widget-heading\" data-id=\"eb7440a\" data-element_type=\"widget\" data-widget_type=\"heading.default\">\n\t\t\t\t\t<h2 class=\"elementor-heading-title elementor-size-default\">Credits<\/h2>\t\t\t\t<\/div>\n\t\t\t\t<\/div>\n\t\t<div class=\"elementor-element elementor-element-993dd6a e-con-full e-flex e-con e-child\" data-id=\"993dd6a\" data-element_type=\"container\">\n\t\t\t\t<div class=\"elementor-element elementor-element-a58e85a elementor-widget elementor-widget-heading\" data-id=\"a58e85a\" data-element_type=\"widget\" data-widget_type=\"heading.default\">\n\t\t\t\t\t<h2 class=\"elementor-heading-title elementor-size-default\">Fernando de Haro, Jes\u00fas Fern\u00e1ndez, Pablo Blasco y Sofia Bezaury<\/h2>\t\t\t\t<\/div>\n\t\t\t\t<\/div>\n\t\t\t\t\t<\/div>\n\t\t\t\t<\/div>\n\t\t\t\t\t<\/div>\n\t\t<\/div>\n\t\t\t\t<div class=\"elementor-column elementor-col-33 elementor-top-column elementor-element elementor-element-490aa0a\" data-id=\"490aa0a\" data-element_type=\"column\">\n\t\t\t<div class=\"elementor-widget-wrap\">\n\t\t\t\t\t\t\t<\/div>\n\t\t<\/div>\n\t\t\t\t<div class=\"elementor-column elementor-col-33 elementor-top-column elementor-element elementor-element-6804350\" data-id=\"6804350\" data-element_type=\"column\">\n\t\t\t<div class=\"elementor-widget-wrap elementor-element-populated\">\n\t\t\t\t\t\t<div class=\"elementor-element elementor-element-f5f0464 elementor-widget elementor-widget-image\" data-id=\"f5f0464\" data-element_type=\"widget\" data-widget_type=\"image.default\">\n\t\t\t\t\t\t\t\t\t\t\t\t\t\t\t<img fetchpriority=\"high\" decoding=\"async\" width=\"2560\" height=\"1709\" src=\"https:\/\/tahr.mx\/wp-content\/uploads\/2023\/12\/00-ICONO-DSC_4976E-scaled.jpg\" class=\"attachment-full size-full wp-image-2810\" alt=\"TAHR_Residential_Huertas_Pe\u00f1a_Blanca_Valle_de_Bravo_05\" srcset=\"https:\/\/tahr.mx\/wp-content\/uploads\/2023\/12\/00-ICONO-DSC_4976E-scaled.jpg 2560w, https:\/\/tahr.mx\/wp-content\/uploads\/2023\/12\/00-ICONO-DSC_4976E-300x200.jpg 300w, https:\/\/tahr.mx\/wp-content\/uploads\/2023\/12\/00-ICONO-DSC_4976E-1024x683.jpg 1024w, https:\/\/tahr.mx\/wp-content\/uploads\/2023\/12\/00-ICONO-DSC_4976E-768x513.jpg 768w, https:\/\/tahr.mx\/wp-content\/uploads\/2023\/12\/00-ICONO-DSC_4976E-1536x1025.jpg 1536w, https:\/\/tahr.mx\/wp-content\/uploads\/2023\/12\/00-ICONO-DSC_4976E-2048x1367.jpg 2048w\" sizes=\"(max-width: 2560px) 100vw, 2560px\" \/>\t\t\t\t\t\t\t\t\t\t\t\t\t\t\t<\/div>\n\t\t\t\t\t<\/div>\n\t\t<\/div>\n\t\t\t\t\t<\/div>\n\t\t<\/section>\n\t\t\t\t<section class=\"elementor-section elementor-top-section elementor-element elementor-element-30681bd elementor-section-boxed elementor-section-height-default elementor-section-height-default\" data-id=\"30681bd\" data-element_type=\"section\">\n\t\t\t\t\t\t<div class=\"elementor-container elementor-column-gap-default\">\n\t\t\t\t\t<div class=\"elementor-column elementor-col-100 elementor-top-column elementor-element elementor-element-238f736\" data-id=\"238f736\" data-element_type=\"column\">\n\t\t\t<div class=\"elementor-widget-wrap elementor-element-populated\">\n\t\t\t\t\t\t<div class=\"elementor-element elementor-element-7f97122 elementor-widget elementor-widget-spacer\" data-id=\"7f97122\" data-element_type=\"widget\" data-widget_type=\"spacer.default\">\n\t\t\t\t\t\t\t<div class=\"elementor-spacer\">\n\t\t\t<div class=\"elementor-spacer-inner\"><\/div>\n\t\t<\/div>\n\t\t\t\t\t\t<\/div>\n\t\t\t\t\t<\/div>\n\t\t<\/div>\n\t\t\t\t\t<\/div>\n\t\t<\/section>\n\t\t\t\t<section class=\"elementor-section elementor-top-section elementor-element elementor-element-4804bf1 elementor-section-boxed elementor-section-height-default elementor-section-height-default\" data-id=\"4804bf1\" data-element_type=\"section\">\n\t\t\t\t\t\t<div class=\"elementor-container elementor-column-gap-default\">\n\t\t\t\t\t<div class=\"elementor-column elementor-col-100 elementor-top-column elementor-element elementor-element-9b36c6e\" data-id=\"9b36c6e\" data-element_type=\"column\">\n\t\t\t<div class=\"elementor-widget-wrap elementor-element-populated\">\n\t\t\t\t\t\t<div class=\"elementor-element elementor-element-11192b4 elementor-arrows-position-outside elementor--h-position-center elementor--v-position-middle elementor-widget elementor-widget-slides\" data-id=\"11192b4\" data-element_type=\"widget\" data-settings=\"{&quot;navigation&quot;:&quot;arrows&quot;,&quot;infinite&quot;:&quot;yes&quot;,&quot;transition&quot;:&quot;slide&quot;,&quot;transition_speed&quot;:500}\" data-widget_type=\"slides.default\">\n\t\t\t\t\t\t\t\t\t\t<div class=\"elementor-slides-wrapper elementor-main-swiper swiper\" role=\"region\" aria-roledescription=\"carousel\" aria-label=\"Slides\" dir=\"ltr\" data-animation=\"\">\n\t\t\t\t<div class=\"swiper-wrapper elementor-slides\">\n\t\t\t\t\t\t\t\t\t\t<div class=\"elementor-repeater-item-2b61ed8 swiper-slide\" role=\"group\" aria-roledescription=\"slide\"><div class=\"swiper-slide-bg\" role=\"img\"><\/div><div class=\"swiper-slide-inner\" ><div class=\"swiper-slide-contents\"><\/div><\/div><\/div><div class=\"elementor-repeater-item-334575c swiper-slide\" role=\"group\" aria-roledescription=\"slide\"><div class=\"swiper-slide-bg\" role=\"img\"><\/div><div class=\"swiper-slide-inner\" ><div class=\"swiper-slide-contents\"><\/div><\/div><\/div><div class=\"elementor-repeater-item-ebc37c6 swiper-slide\" role=\"group\" aria-roledescription=\"slide\"><div class=\"swiper-slide-bg\" role=\"img\"><\/div><div class=\"swiper-slide-inner\" ><div class=\"swiper-slide-contents\"><\/div><\/div><\/div><div class=\"elementor-repeater-item-03e8b2d swiper-slide\" role=\"group\" aria-roledescription=\"slide\"><div class=\"swiper-slide-bg\" role=\"img\"><\/div><div class=\"swiper-slide-inner\" ><div class=\"swiper-slide-contents\"><\/div><\/div><\/div><div class=\"elementor-repeater-item-d14d739 swiper-slide\" role=\"group\" aria-roledescription=\"slide\"><div class=\"swiper-slide-bg\" role=\"img\"><\/div><div class=\"swiper-slide-inner\" ><div class=\"swiper-slide-contents\"><\/div><\/div><\/div>\t\t\t\t<\/div>\n\t\t\t\t\t\t\t\t\t\t\t\t\t\t\t<div class=\"elementor-swiper-button elementor-swiper-button-prev\" role=\"button\" tabindex=\"0\" aria-label=\"Previous slide\">\n\t\t\t\t\t\t\t<svg aria-hidden=\"true\" class=\"e-font-icon-svg e-eicon-chevron-left\" viewbox=\"0 0 1000 1000\" xmlns=\"http:\/\/www.w3.org\/2000\/svg\"><path d=\"M646 125C629 125 613 133 604 142L308 442C296 454 292 471 292 487 292 504 296 521 308 533L604 854C617 867 629 875 646 875 663 875 679 871 692 858 704 846 713 829 713 812 713 796 708 779 692 767L438 487 692 225C700 217 708 204 708 187 708 171 704 154 692 142 675 129 663 125 646 125Z\"><\/path><\/svg>\t\t\t\t\t\t<\/div>\n\t\t\t\t\t\t<div class=\"elementor-swiper-button elementor-swiper-button-next\" role=\"button\" tabindex=\"0\" aria-label=\"Next slide\">\n\t\t\t\t\t\t\t<svg aria-hidden=\"true\" class=\"e-font-icon-svg e-eicon-chevron-right\" viewbox=\"0 0 1000 1000\" xmlns=\"http:\/\/www.w3.org\/2000\/svg\"><path d=\"M696 533C708 521 713 504 713 487 713 471 708 454 696 446L400 146C388 133 375 125 354 125 338 125 325 129 313 142 300 154 292 171 292 187 292 204 296 221 308 233L563 492 304 771C292 783 288 800 288 817 288 833 296 850 308 863 321 871 338 875 354 875 371 875 388 867 400 854L696 533Z\"><\/path><\/svg>\t\t\t\t\t\t<\/div>\n\t\t\t\t\t\t\t\t\t\t\t\t\t\t\t\t\t<\/div>\n\t\t\t\t\t\t\t\t<\/div>\n\t\t\t\t\t<\/div>\n\t\t<\/div>\n\t\t\t\t\t<\/div>\n\t\t<\/section>\n\t\t\t\t<section class=\"elementor-section elementor-top-section elementor-element elementor-element-ae61c32 elementor-section-content-middle elementor-section-boxed elementor-section-height-default elementor-section-height-default\" data-id=\"ae61c32\" data-element_type=\"section\">\n\t\t\t\t\t\t<div class=\"elementor-container elementor-column-gap-no\">\n\t\t\t\t\t<div class=\"elementor-column elementor-col-100 elementor-top-column elementor-element elementor-element-23a2f34\" data-id=\"23a2f34\" data-element_type=\"column\">\n\t\t\t<div class=\"elementor-widget-wrap elementor-element-populated\">\n\t\t\t\t\t\t<div class=\"elementor-element elementor-element-f463ede elementor-widget-tablet__width-initial elementor-widget elementor-widget-spacer\" data-id=\"f463ede\" data-element_type=\"widget\" data-widget_type=\"spacer.default\">\n\t\t\t\t\t\t\t<div class=\"elementor-spacer\">\n\t\t\t<div class=\"elementor-spacer-inner\"><\/div>\n\t\t<\/div>\n\t\t\t\t\t\t<\/div>\n\t\t\t\t<div class=\"elementor-element elementor-element-3c191b6 elementor-widget elementor-widget-heading\" data-id=\"3c191b6\" data-element_type=\"widget\" data-widget_type=\"heading.default\">\n\t\t\t\t\t<h2 class=\"elementor-heading-title elementor-size-default\"><a href=\"https:\/\/tahr.mx\/en\/work\/\">WORK<\/a><\/h2>\t\t\t\t<\/div>\n\t\t\t\t\t<\/div>\n\t\t<\/div>\n\t\t\t\t\t<\/div>\n\t\t<\/section>\n\t\t\t\t<\/div>","protected":false},"excerpt":{"rendered":"<p>Huertas Pe\u00f1aBlanca Nombre de Proyecto Huertas Pe\u00f1aBlanca Estatus del Proyecto Construido A\u00f1o 2025 Ubicaci\u00f3n Valle de Bravo Tipolog\u00eda Condominio Residencial Proyecto por Plan Maestro y Proyecto Ejecutivo: ABAX Proyecto Ejecutivo Casa 3: TAHR \u00c1rea Construida Condominio de 1.6 ha y Residencia de 600m2 Descripci\u00f3n Ubicada en el desarrollo Huertas Pe\u00f1aBlanca, esta residencia forma parte de [&hellip;]<\/p>","protected":false},"author":1,"featured_media":0,"parent":0,"menu_order":0,"comment_status":"closed","ping_status":"closed","template":"","meta":{"footnotes":""},"class_list":["post-1853","page","type-page","status-publish","hentry"],"_links":{"self":[{"href":"https:\/\/tahr.mx\/en\/wp-json\/wp\/v2\/pages\/1853","targetHints":{"allow":["GET"]}}],"collection":[{"href":"https:\/\/tahr.mx\/en\/wp-json\/wp\/v2\/pages"}],"about":[{"href":"https:\/\/tahr.mx\/en\/wp-json\/wp\/v2\/types\/page"}],"author":[{"embeddable":true,"href":"https:\/\/tahr.mx\/en\/wp-json\/wp\/v2\/users\/1"}],"replies":[{"embeddable":true,"href":"https:\/\/tahr.mx\/en\/wp-json\/wp\/v2\/comments?post=1853"}],"version-history":[{"count":71,"href":"https:\/\/tahr.mx\/en\/wp-json\/wp\/v2\/pages\/1853\/revisions"}],"predecessor-version":[{"id":9175,"href":"https:\/\/tahr.mx\/en\/wp-json\/wp\/v2\/pages\/1853\/revisions\/9175"}],"wp:attachment":[{"href":"https:\/\/tahr.mx\/en\/wp-json\/wp\/v2\/media?parent=1853"}],"curies":[{"name":"wp","href":"https:\/\/api.w.org\/{rel}","templated":true}]}}