{"id":1087,"date":"2023-11-13T16:52:48","date_gmt":"2023-11-13T22:52:48","guid":{"rendered":"https:\/\/tahr.mx\/?page_id=1087"},"modified":"2025-08-14T22:57:16","modified_gmt":"2025-08-15T04:57:16","slug":"zadun-ritz-carlton-reserve","status":"publish","type":"page","link":"https:\/\/tahr.mx\/en\/legacy\/zadun-ritz-carlton-reserve\/","title":{"rendered":"Zad\u00fan Ritz Carlton Reserve"},"content":{"rendered":"<div data-elementor-type=\"wp-page\" data-elementor-id=\"1087\" class=\"elementor elementor-1087\" data-elementor-post-type=\"page\">\n\t\t\t\t\t\t<section class=\"elementor-section elementor-top-section elementor-element elementor-element-29ec704 elementor-section-boxed elementor-section-height-default elementor-section-height-default\" data-id=\"29ec704\" data-element_type=\"section\">\n\t\t\t\t\t\t<div class=\"elementor-container elementor-column-gap-default\">\n\t\t\t\t\t<div class=\"elementor-column elementor-col-100 elementor-top-column elementor-element elementor-element-dca03b0\" data-id=\"dca03b0\" data-element_type=\"column\">\n\t\t\t<div class=\"elementor-widget-wrap elementor-element-populated\">\n\t\t\t\t\t\t<div class=\"elementor-element elementor-element-29e707d elementor-widget elementor-widget-spacer\" data-id=\"29e707d\" data-element_type=\"widget\" data-widget_type=\"spacer.default\">\n\t\t\t\t\t\t\t<div class=\"elementor-spacer\">\n\t\t\t<div class=\"elementor-spacer-inner\"><\/div>\n\t\t<\/div>\n\t\t\t\t\t\t<\/div>\n\t\t\t\t\t<\/div>\n\t\t<\/div>\n\t\t\t\t\t<\/div>\n\t\t<\/section>\n\t\t\t\t<section class=\"elementor-section elementor-top-section elementor-element elementor-element-39ae31f elementor-section-boxed elementor-section-height-default elementor-section-height-default\" data-id=\"39ae31f\" data-element_type=\"section\">\n\t\t\t\t\t\t<div class=\"elementor-container elementor-column-gap-default\">\n\t\t\t\t\t<div class=\"elementor-column elementor-col-33 elementor-top-column elementor-element elementor-element-1b097e6\" data-id=\"1b097e6\" data-element_type=\"column\">\n\t\t\t<div class=\"elementor-widget-wrap elementor-element-populated\">\n\t\t\t\t<div class=\"elementor-element elementor-element-6ec21c9 e-flex e-con-boxed e-con e-parent\" data-id=\"6ec21c9\" data-element_type=\"container\">\n\t\t\t\t\t<div class=\"e-con-inner\">\n\t\t<div class=\"elementor-element elementor-element-e0110b2 e-con-full e-flex e-con e-child\" data-id=\"e0110b2\" data-element_type=\"container\">\n\t\t\t\t<div class=\"elementor-element elementor-element-adfa184 elementor-widget__width-initial elementor-widget-mobile__width-initial elementor-widget elementor-widget-heading\" data-id=\"adfa184\" data-element_type=\"widget\" data-widget_type=\"heading.default\">\n\t\t\t\t\t<p class=\"elementor-heading-title elementor-size-default\">Zad\u00fan, a Ritz Carlton Reserve<\/p>\t\t\t\t<\/div>\n\t\t\t\t<\/div>\n\t\t\t\t\t<\/div>\n\t\t\t\t<\/div>\n\t\t<div class=\"elementor-element elementor-element-b08d01f e-flex e-con-boxed e-con e-parent\" data-id=\"b08d01f\" data-element_type=\"container\">\n\t\t\t\t\t<div class=\"e-con-inner\">\n\t\t<div class=\"elementor-element elementor-element-8722013 e-con-full e-flex e-con e-child\" data-id=\"8722013\" data-element_type=\"container\">\n\t\t\t\t<div class=\"elementor-element elementor-element-97b6374 elementor-widget elementor-widget-heading\" data-id=\"97b6374\" data-element_type=\"widget\" data-widget_type=\"heading.default\">\n\t\t\t\t\t<h2 class=\"elementor-heading-title elementor-size-default\">Project Name<\/h2>\t\t\t\t<\/div>\n\t\t\t\t<\/div>\n\t\t<div class=\"elementor-element elementor-element-37ba444 e-con-full e-flex e-con e-child\" data-id=\"37ba444\" data-element_type=\"container\">\n\t\t\t\t<div class=\"elementor-element elementor-element-c2857cc elementor-widget elementor-widget-heading\" data-id=\"c2857cc\" data-element_type=\"widget\" data-widget_type=\"heading.default\">\n\t\t\t\t\t<h2 class=\"elementor-heading-title elementor-size-default\">Zad\u00fan, a Ritz Carlton Reserve<\/h2>\t\t\t\t<\/div>\n\t\t\t\t<\/div>\n\t\t\t\t\t<\/div>\n\t\t\t\t<\/div>\n\t\t<div class=\"elementor-element elementor-element-6853013 e-flex e-con-boxed e-con e-parent\" data-id=\"6853013\" data-element_type=\"container\">\n\t\t\t\t\t<div class=\"e-con-inner\">\n\t\t<div class=\"elementor-element elementor-element-4843f7c e-con-full e-flex e-con e-child\" data-id=\"4843f7c\" data-element_type=\"container\">\n\t\t\t\t<div class=\"elementor-element elementor-element-b6273d2 elementor-widget elementor-widget-heading\" data-id=\"b6273d2\" data-element_type=\"widget\" data-widget_type=\"heading.default\">\n\t\t\t\t\t<h2 class=\"elementor-heading-title elementor-size-default\">Project Status<\/h2>\t\t\t\t<\/div>\n\t\t\t\t<\/div>\n\t\t<div class=\"elementor-element elementor-element-44016b7 e-con-full e-flex e-con e-child\" data-id=\"44016b7\" data-element_type=\"container\">\n\t\t\t\t<div class=\"elementor-element elementor-element-1b9d11d elementor-widget elementor-widget-heading\" data-id=\"1b9d11d\" data-element_type=\"widget\" data-widget_type=\"heading.default\">\n\t\t\t\t\t<h2 class=\"elementor-heading-title elementor-size-default\">Built<\/h2>\t\t\t\t<\/div>\n\t\t\t\t<\/div>\n\t\t\t\t\t<\/div>\n\t\t\t\t<\/div>\n\t\t<div class=\"elementor-element elementor-element-1ed9cc8 e-flex e-con-boxed e-con e-parent\" data-id=\"1ed9cc8\" data-element_type=\"container\">\n\t\t\t\t\t<div class=\"e-con-inner\">\n\t\t<div class=\"elementor-element elementor-element-01f9bc0 e-con-full e-flex e-con e-child\" data-id=\"01f9bc0\" data-element_type=\"container\">\n\t\t\t\t<div class=\"elementor-element elementor-element-2c3fb46 elementor-widget elementor-widget-heading\" data-id=\"2c3fb46\" data-element_type=\"widget\" data-widget_type=\"heading.default\">\n\t\t\t\t\t<h2 class=\"elementor-heading-title elementor-size-default\">Year<\/h2>\t\t\t\t<\/div>\n\t\t\t\t<\/div>\n\t\t<div class=\"elementor-element elementor-element-80d0215 e-con-full e-flex e-con e-child\" data-id=\"80d0215\" data-element_type=\"container\">\n\t\t\t\t<div class=\"elementor-element elementor-element-2417a91 elementor-widget elementor-widget-heading\" data-id=\"2417a91\" data-element_type=\"widget\" data-widget_type=\"heading.default\">\n\t\t\t\t\t<h2 class=\"elementor-heading-title elementor-size-default\">2017<\/h2>\t\t\t\t<\/div>\n\t\t\t\t<\/div>\n\t\t\t\t\t<\/div>\n\t\t\t\t<\/div>\n\t\t<div class=\"elementor-element elementor-element-d06772e e-flex e-con-boxed e-con e-parent\" data-id=\"d06772e\" data-element_type=\"container\">\n\t\t\t\t\t<div class=\"e-con-inner\">\n\t\t<div class=\"elementor-element elementor-element-e6ad702 e-con-full e-flex e-con e-child\" data-id=\"e6ad702\" data-element_type=\"container\">\n\t\t\t\t<div class=\"elementor-element elementor-element-7b88ea9 elementor-widget elementor-widget-heading\" data-id=\"7b88ea9\" data-element_type=\"widget\" data-widget_type=\"heading.default\">\n\t\t\t\t\t<h2 class=\"elementor-heading-title elementor-size-default\">Location<\/h2>\t\t\t\t<\/div>\n\t\t\t\t<\/div>\n\t\t<div class=\"elementor-element elementor-element-2617a77 e-con-full e-flex e-con e-child\" data-id=\"2617a77\" data-element_type=\"container\">\n\t\t\t\t<div class=\"elementor-element elementor-element-c2f91d3 elementor-widget elementor-widget-heading\" data-id=\"c2f91d3\" data-element_type=\"widget\" data-widget_type=\"heading.default\">\n\t\t\t\t\t<h2 class=\"elementor-heading-title elementor-size-default\">Los Cabos, Baja California Sur<\/h2>\t\t\t\t<\/div>\n\t\t\t\t<\/div>\n\t\t\t\t\t<\/div>\n\t\t\t\t<\/div>\n\t\t<div class=\"elementor-element elementor-element-7655e52 e-flex e-con-boxed e-con e-parent\" data-id=\"7655e52\" data-element_type=\"container\">\n\t\t\t\t\t<div class=\"e-con-inner\">\n\t\t<div class=\"elementor-element elementor-element-5e1499d e-con-full e-flex e-con e-child\" data-id=\"5e1499d\" data-element_type=\"container\">\n\t\t\t\t<div class=\"elementor-element elementor-element-67e59c9 elementor-widget elementor-widget-heading\" data-id=\"67e59c9\" data-element_type=\"widget\" data-widget_type=\"heading.default\">\n\t\t\t\t\t<h2 class=\"elementor-heading-title elementor-size-default\">Typology<\/h2>\t\t\t\t<\/div>\n\t\t\t\t<\/div>\n\t\t<div class=\"elementor-element elementor-element-a29e0f3 e-con-full e-flex e-con e-child\" data-id=\"a29e0f3\" data-element_type=\"container\">\n\t\t\t\t<div class=\"elementor-element elementor-element-539f1d2 elementor-widget elementor-widget-heading\" data-id=\"539f1d2\" data-element_type=\"widget\" data-widget_type=\"heading.default\">\n\t\t\t\t\t<h2 class=\"elementor-heading-title elementor-size-default\">Hospitality<\/h2>\t\t\t\t<\/div>\n\t\t\t\t<\/div>\n\t\t\t\t\t<\/div>\n\t\t\t\t<\/div>\n\t\t<div class=\"elementor-element elementor-element-ca98507 e-flex e-con-boxed e-con e-parent\" data-id=\"ca98507\" data-element_type=\"container\">\n\t\t\t\t\t<div class=\"e-con-inner\">\n\t\t<div class=\"elementor-element elementor-element-4437450 e-con-full e-flex e-con e-child\" data-id=\"4437450\" data-element_type=\"container\">\n\t\t\t\t<div class=\"elementor-element elementor-element-5ff4128 elementor-widget elementor-widget-heading\" data-id=\"5ff4128\" data-element_type=\"widget\" data-widget_type=\"heading.default\">\n\t\t\t\t\t<h2 class=\"elementor-heading-title elementor-size-default\">Project by<\/h2>\t\t\t\t<\/div>\n\t\t\t\t<\/div>\n\t\t<div class=\"elementor-element elementor-element-154e121 e-con-full e-flex e-con e-child\" data-id=\"154e121\" data-element_type=\"container\">\n\t\t\t\t<div class=\"elementor-element elementor-element-a6a985d elementor-widget elementor-widget-heading\" data-id=\"a6a985d\" data-element_type=\"widget\" data-widget_type=\"heading.default\">\n\t\t\t\t\t<h2 class=\"elementor-heading-title elementor-size-default\">ABAX<\/h2>\t\t\t\t<\/div>\n\t\t\t\t<\/div>\n\t\t\t\t\t<\/div>\n\t\t\t\t<\/div>\n\t\t<div class=\"elementor-element elementor-element-340a910 e-flex e-con-boxed e-con e-parent\" data-id=\"340a910\" data-element_type=\"container\">\n\t\t\t\t\t<div class=\"e-con-inner\">\n\t\t<div class=\"elementor-element elementor-element-ae76927 e-con-full e-flex e-con e-child\" data-id=\"ae76927\" data-element_type=\"container\">\n\t\t\t\t<div class=\"elementor-element elementor-element-845d943 elementor-widget elementor-widget-heading\" data-id=\"845d943\" data-element_type=\"widget\" data-widget_type=\"heading.default\">\n\t\t\t\t\t<h2 class=\"elementor-heading-title elementor-size-default\">Constructed Area<\/h2>\t\t\t\t<\/div>\n\t\t\t\t<\/div>\n\t\t<div class=\"elementor-element elementor-element-2933a80 e-con-full e-flex e-con e-child\" data-id=\"2933a80\" data-element_type=\"container\">\n\t\t\t\t<div class=\"elementor-element elementor-element-1b825f6 elementor-widget elementor-widget-heading\" data-id=\"1b825f6\" data-element_type=\"widget\" data-widget_type=\"heading.default\">\n\t\t\t\t\t<h2 class=\"elementor-heading-title elementor-size-default\">29,000 m\u00b2<\/h2>\t\t\t\t<\/div>\n\t\t\t\t<\/div>\n\t\t\t\t\t<\/div>\n\t\t\t\t<\/div>\n\t\t<div class=\"elementor-element elementor-element-2f8b663 e-flex e-con-boxed e-con e-parent\" data-id=\"2f8b663\" data-element_type=\"container\">\n\t\t\t\t\t<div class=\"e-con-inner\">\n\t\t<div class=\"elementor-element elementor-element-12ace44 e-con-full e-flex e-con e-child\" data-id=\"12ace44\" data-element_type=\"container\">\n\t\t\t\t<div class=\"elementor-element elementor-element-8fab376 elementor-widget elementor-widget-text-editor\" data-id=\"8fab376\" data-element_type=\"widget\" data-widget_type=\"text-editor.default\">\n\t\t\t\t\t\t\t\t\t<p><strong>Design Brief<\/strong><\/p>\t\t\t\t\t\t\t\t<\/div>\n\t\t\t\t<div class=\"elementor-element elementor-element-69dcf5e elementor-widget elementor-widget-text-editor\" data-id=\"69dcf5e\" data-element_type=\"widget\" data-widget_type=\"text-editor.default\">\n\t\t\t\t\t\t\t\t\t<p>The hotel is located on a plot of approximately 9 hectares and features 115 keys, with the highlight being the Grand Reserve Villa, which spans over 550 m\u00b2. The architectural design aims to blend the buildings with the desert, allowing for a seamless transition between nature and interior spaces. Positioned on a hill behind two sand dunes facing the ocean, it offers spectacular views of the Sea of Cortez. The rooms are distributed across 40 two-level buildings, providing privacy and a unique atmosphere for each unit. A triple-height cube wrapped in corten steel houses the main bar, becoming the architectural icon of the complex. The main pool, alongside the casual restaurant, creates a lively atmosphere through light coverings and vibrant colors, while a second, more tranquil pool is situated among natural rocks. At the center of the plot, a natural depression was adapted to house the spa, surrounded by palm trees and abundant vegetation, offering the feeling of an oasis in the desert while ensuring guest privacy.<\/p>\t\t\t\t\t\t\t\t<\/div>\n\t\t\t\t<\/div>\n\t\t\t\t\t<\/div>\n\t\t\t\t<\/div>\n\t\t\t\t<div class=\"elementor-element elementor-element-3c2007b elementor-widget elementor-widget-spacer\" data-id=\"3c2007b\" data-element_type=\"widget\" data-widget_type=\"spacer.default\">\n\t\t\t\t\t\t\t<div class=\"elementor-spacer\">\n\t\t\t<div class=\"elementor-spacer-inner\"><\/div>\n\t\t<\/div>\n\t\t\t\t\t\t<\/div>\n\t\t<div class=\"elementor-element elementor-element-cb022d3 e-flex e-con-boxed e-con e-parent\" data-id=\"cb022d3\" data-element_type=\"container\">\n\t\t\t\t\t<div class=\"e-con-inner\">\n\t\t<div class=\"elementor-element elementor-element-22e45da e-con-full e-flex e-con e-child\" data-id=\"22e45da\" data-element_type=\"container\">\n\t\t\t\t<div class=\"elementor-element elementor-element-34baadb elementor-widget elementor-widget-heading\" data-id=\"34baadb\" data-element_type=\"widget\" data-widget_type=\"heading.default\">\n\t\t\t\t\t<h2 class=\"elementor-heading-title elementor-size-default\">Client<\/h2>\t\t\t\t<\/div>\n\t\t\t\t<\/div>\n\t\t<div class=\"elementor-element elementor-element-93abc70 e-con-full e-flex e-con e-child\" data-id=\"93abc70\" data-element_type=\"container\">\n\t\t\t\t<div class=\"elementor-element elementor-element-0a68535 elementor-widget elementor-widget-heading\" data-id=\"0a68535\" data-element_type=\"widget\" data-widget_type=\"heading.default\">\n\t\t\t\t\t<h2 class=\"elementor-heading-title elementor-size-default\">Grupo Questro<\/h2>\t\t\t\t<\/div>\n\t\t\t\t<\/div>\n\t\t\t\t\t<\/div>\n\t\t\t\t<\/div>\n\t\t<div class=\"elementor-element elementor-element-872a683 e-flex e-con-boxed e-con e-parent\" data-id=\"872a683\" data-element_type=\"container\">\n\t\t\t\t\t<div class=\"e-con-inner\">\n\t\t<div class=\"elementor-element elementor-element-63fb13d e-con-full e-flex e-con e-child\" data-id=\"63fb13d\" data-element_type=\"container\">\n\t\t\t\t<div class=\"elementor-element elementor-element-5090916 elementor-widget elementor-widget-heading\" data-id=\"5090916\" data-element_type=\"widget\" data-widget_type=\"heading.default\">\n\t\t\t\t\t<h2 class=\"elementor-heading-title elementor-size-default\">Renders<\/h2>\t\t\t\t<\/div>\n\t\t\t\t<\/div>\n\t\t<div class=\"elementor-element elementor-element-4d983af e-con-full e-flex e-con e-child\" data-id=\"4d983af\" data-element_type=\"container\">\n\t\t\t\t<div class=\"elementor-element elementor-element-f132dbd elementor-widget elementor-widget-heading\" data-id=\"f132dbd\" data-element_type=\"widget\" data-widget_type=\"heading.default\">\n\t\t\t\t\t<h2 class=\"elementor-heading-title elementor-size-default\">Marriott International, Francisco Estrada, ABAX<\/h2>\t\t\t\t<\/div>\n\t\t\t\t<\/div>\n\t\t\t\t\t<\/div>\n\t\t\t\t<\/div>\n\t\t<div class=\"elementor-element elementor-element-ae95e82 e-flex e-con-boxed e-con e-parent\" data-id=\"ae95e82\" data-element_type=\"container\">\n\t\t\t\t\t<div class=\"e-con-inner\">\n\t\t<div class=\"elementor-element elementor-element-82b809b e-con-full e-flex e-con e-child\" data-id=\"82b809b\" data-element_type=\"container\">\n\t\t\t\t<div class=\"elementor-element elementor-element-0a5e5e4 elementor-widget elementor-widget-heading\" data-id=\"0a5e5e4\" data-element_type=\"widget\" data-widget_type=\"heading.default\">\n\t\t\t\t\t<h2 class=\"elementor-heading-title elementor-size-default\">Credits<\/h2>\t\t\t\t<\/div>\n\t\t\t\t<\/div>\n\t\t<div class=\"elementor-element elementor-element-6a18c5c e-con-full e-flex e-con e-child\" data-id=\"6a18c5c\" data-element_type=\"container\">\n\t\t\t\t<div class=\"elementor-element elementor-element-2e7b609 elementor-widget elementor-widget-heading\" data-id=\"2e7b609\" data-element_type=\"widget\" data-widget_type=\"heading.default\">\n\t\t\t\t\t<h2 class=\"elementor-heading-title elementor-size-default\">Fernando de Haro, Jes\u00fas Fern\u00e1ndez, Pablo Blasco y Sof\u00eda Bezaury<\/h2>\t\t\t\t<\/div>\n\t\t\t\t<\/div>\n\t\t\t\t\t<\/div>\n\t\t\t\t<\/div>\n\t\t\t\t\t<\/div>\n\t\t<\/div>\n\t\t\t\t<div class=\"elementor-column elementor-col-33 elementor-top-column elementor-element elementor-element-3027eee\" data-id=\"3027eee\" data-element_type=\"column\">\n\t\t\t<div class=\"elementor-widget-wrap\">\n\t\t\t\t\t\t\t<\/div>\n\t\t<\/div>\n\t\t\t\t<div class=\"elementor-column elementor-col-33 elementor-top-column elementor-element elementor-element-df3b0b8\" data-id=\"df3b0b8\" data-element_type=\"column\">\n\t\t\t<div class=\"elementor-widget-wrap elementor-element-populated\">\n\t\t\t\t\t\t<div class=\"elementor-element elementor-element-7659b0e elementor-widget elementor-widget-image\" data-id=\"7659b0e\" data-element_type=\"widget\" data-widget_type=\"image.default\">\n\t\t\t\t\t\t\t\t\t\t\t\t\t\t\t<img fetchpriority=\"high\" decoding=\"async\" width=\"1864\" height=\"2560\" src=\"https:\/\/tahr.mx\/wp-content\/uploads\/2025\/06\/AX-H-01-scaled.jpg\" class=\"attachment-full size-full wp-image-6387\" alt=\"TAHR_Hospitality_Zadun_a_Ritz_Carlton_Reserve_Los_Cabos_01\" srcset=\"https:\/\/tahr.mx\/wp-content\/uploads\/2025\/06\/AX-H-01-scaled.jpg 1864w, https:\/\/tahr.mx\/wp-content\/uploads\/2025\/06\/AX-H-01-218x300.jpg 218w, https:\/\/tahr.mx\/wp-content\/uploads\/2025\/06\/AX-H-01-746x1024.jpg 746w, https:\/\/tahr.mx\/wp-content\/uploads\/2025\/06\/AX-H-01-768x1055.jpg 768w, https:\/\/tahr.mx\/wp-content\/uploads\/2025\/06\/AX-H-01-1119x1536.jpg 1119w, https:\/\/tahr.mx\/wp-content\/uploads\/2025\/06\/AX-H-01-1491x2048.jpg 1491w, https:\/\/tahr.mx\/wp-content\/uploads\/2025\/06\/AX-H-01-9x12.jpg 9w\" sizes=\"(max-width: 1864px) 100vw, 1864px\" \/>\t\t\t\t\t\t\t\t\t\t\t\t\t\t\t<\/div>\n\t\t\t\t\t<\/div>\n\t\t<\/div>\n\t\t\t\t\t<\/div>\n\t\t<\/section>\n\t\t\t\t<section class=\"elementor-section elementor-top-section elementor-element elementor-element-30681bd elementor-section-boxed elementor-section-height-default elementor-section-height-default\" data-id=\"30681bd\" data-element_type=\"section\">\n\t\t\t\t\t\t<div class=\"elementor-container elementor-column-gap-default\">\n\t\t\t\t\t<div class=\"elementor-column elementor-col-100 elementor-top-column elementor-element elementor-element-238f736\" data-id=\"238f736\" data-element_type=\"column\">\n\t\t\t<div class=\"elementor-widget-wrap elementor-element-populated\">\n\t\t\t\t\t\t<div class=\"elementor-element elementor-element-7f97122 elementor-widget elementor-widget-spacer\" data-id=\"7f97122\" data-element_type=\"widget\" data-widget_type=\"spacer.default\">\n\t\t\t\t\t\t\t<div class=\"elementor-spacer\">\n\t\t\t<div class=\"elementor-spacer-inner\"><\/div>\n\t\t<\/div>\n\t\t\t\t\t\t<\/div>\n\t\t\t\t\t<\/div>\n\t\t<\/div>\n\t\t\t\t\t<\/div>\n\t\t<\/section>\n\t\t\t\t<section class=\"elementor-section elementor-top-section elementor-element elementor-element-4804bf1 elementor-section-boxed elementor-section-height-default elementor-section-height-default\" data-id=\"4804bf1\" data-element_type=\"section\">\n\t\t\t\t\t\t<div class=\"elementor-container elementor-column-gap-default\">\n\t\t\t\t\t<div class=\"elementor-column elementor-col-100 elementor-top-column elementor-element elementor-element-9b36c6e\" data-id=\"9b36c6e\" data-element_type=\"column\">\n\t\t\t<div class=\"elementor-widget-wrap elementor-element-populated\">\n\t\t\t\t\t\t<div class=\"elementor-element elementor-element-11192b4 elementor-arrows-position-outside elementor--h-position-center elementor--v-position-middle elementor-widget elementor-widget-slides\" data-id=\"11192b4\" data-element_type=\"widget\" data-settings=\"{&quot;navigation&quot;:&quot;arrows&quot;,&quot;infinite&quot;:&quot;yes&quot;,&quot;transition&quot;:&quot;slide&quot;,&quot;transition_speed&quot;:500}\" data-widget_type=\"slides.default\">\n\t\t\t\t\t\t\t\t\t\t<div class=\"elementor-slides-wrapper elementor-main-swiper swiper\" role=\"region\" aria-roledescription=\"carousel\" aria-label=\"Slides\" dir=\"ltr\" data-animation=\"\">\n\t\t\t\t<div class=\"swiper-wrapper elementor-slides\">\n\t\t\t\t\t\t\t\t\t\t<div class=\"elementor-repeater-item-7945f2f swiper-slide\" role=\"group\" aria-roledescription=\"slide\"><div class=\"swiper-slide-bg\" role=\"img\"><\/div><div class=\"swiper-slide-inner\" ><div class=\"swiper-slide-contents\"><\/div><\/div><\/div><div class=\"elementor-repeater-item-4aae05f swiper-slide\" role=\"group\" aria-roledescription=\"slide\"><div class=\"swiper-slide-bg\" role=\"img\"><\/div><div class=\"swiper-slide-inner\" ><div class=\"swiper-slide-contents\"><\/div><\/div><\/div><div class=\"elementor-repeater-item-35b1ca6 swiper-slide\" role=\"group\" aria-roledescription=\"slide\"><div class=\"swiper-slide-bg\" role=\"img\"><\/div><div class=\"swiper-slide-inner\" ><div class=\"swiper-slide-contents\"><\/div><\/div><\/div><div class=\"elementor-repeater-item-2e4f9ea swiper-slide\" role=\"group\" aria-roledescription=\"slide\"><div class=\"swiper-slide-bg\" role=\"img\"><\/div><div class=\"swiper-slide-inner\" ><div class=\"swiper-slide-contents\"><\/div><\/div><\/div><div class=\"elementor-repeater-item-2e7a8d3 swiper-slide\" role=\"group\" aria-roledescription=\"slide\"><div class=\"swiper-slide-bg\" role=\"img\"><\/div><div class=\"swiper-slide-inner\" ><div class=\"swiper-slide-contents\"><\/div><\/div><\/div><div class=\"elementor-repeater-item-b57ad80 swiper-slide\" role=\"group\" aria-roledescription=\"slide\"><div class=\"swiper-slide-bg\" role=\"img\"><\/div><div class=\"swiper-slide-inner\" ><div class=\"swiper-slide-contents\"><\/div><\/div><\/div><div class=\"elementor-repeater-item-2b61ed8 swiper-slide\" role=\"group\" aria-roledescription=\"slide\"><div class=\"swiper-slide-bg\" role=\"img\"><\/div><div class=\"swiper-slide-inner\" ><div class=\"swiper-slide-contents\"><\/div><\/div><\/div>\t\t\t\t<\/div>\n\t\t\t\t\t\t\t\t\t\t\t\t\t\t\t<div class=\"elementor-swiper-button elementor-swiper-button-prev\" role=\"button\" tabindex=\"0\" aria-label=\"Previous slide\">\n\t\t\t\t\t\t\t<svg aria-hidden=\"true\" class=\"e-font-icon-svg e-eicon-chevron-left\" viewbox=\"0 0 1000 1000\" xmlns=\"http:\/\/www.w3.org\/2000\/svg\"><path d=\"M646 125C629 125 613 133 604 142L308 442C296 454 292 471 292 487 292 504 296 521 308 533L604 854C617 867 629 875 646 875 663 875 679 871 692 858 704 846 713 829 713 812 713 796 708 779 692 767L438 487 692 225C700 217 708 204 708 187 708 171 704 154 692 142 675 129 663 125 646 125Z\"><\/path><\/svg>\t\t\t\t\t\t<\/div>\n\t\t\t\t\t\t<div class=\"elementor-swiper-button elementor-swiper-button-next\" role=\"button\" tabindex=\"0\" aria-label=\"Next slide\">\n\t\t\t\t\t\t\t<svg aria-hidden=\"true\" class=\"e-font-icon-svg e-eicon-chevron-right\" viewbox=\"0 0 1000 1000\" xmlns=\"http:\/\/www.w3.org\/2000\/svg\"><path d=\"M696 533C708 521 713 504 713 487 713 471 708 454 696 446L400 146C388 133 375 125 354 125 338 125 325 129 313 142 300 154 292 171 292 187 292 204 296 221 308 233L563 492 304 771C292 783 288 800 288 817 288 833 296 850 308 863 321 871 338 875 354 875 371 875 388 867 400 854L696 533Z\"><\/path><\/svg>\t\t\t\t\t\t<\/div>\n\t\t\t\t\t\t\t\t\t\t\t\t\t\t\t\t\t<\/div>\n\t\t\t\t\t\t\t\t<\/div>\n\t\t\t\t\t<\/div>\n\t\t<\/div>\n\t\t\t\t\t<\/div>\n\t\t<\/section>\n\t\t\t\t<section class=\"elementor-section elementor-top-section elementor-element elementor-element-ae61c32 elementor-section-boxed elementor-section-height-default elementor-section-height-default\" data-id=\"ae61c32\" data-element_type=\"section\">\n\t\t\t\t\t\t<div class=\"elementor-container elementor-column-gap-default\">\n\t\t\t\t\t<div class=\"elementor-column elementor-col-100 elementor-top-column elementor-element elementor-element-23a2f34\" data-id=\"23a2f34\" data-element_type=\"column\">\n\t\t\t<div class=\"elementor-widget-wrap elementor-element-populated\">\n\t\t\t\t\t\t<div class=\"elementor-element elementor-element-f463ede elementor-widget elementor-widget-spacer\" data-id=\"f463ede\" data-element_type=\"widget\" data-widget_type=\"spacer.default\">\n\t\t\t\t\t\t\t<div class=\"elementor-spacer\">\n\t\t\t<div class=\"elementor-spacer-inner\"><\/div>\n\t\t<\/div>\n\t\t\t\t\t\t<\/div>\n\t\t\t\t<div class=\"elementor-element elementor-element-35aa3c2 elementor-widget-tablet__width-initial elementor-widget elementor-widget-heading\" data-id=\"35aa3c2\" data-element_type=\"widget\" data-widget_type=\"heading.default\">\n\t\t\t\t\t<h2 class=\"elementor-heading-title elementor-size-default\"><a href=\"https:\/\/tahr.mx\/en\/work\/\">WORK<\/a><\/h2>\t\t\t\t<\/div>\n\t\t\t\t\t<\/div>\n\t\t<\/div>\n\t\t\t\t\t<\/div>\n\t\t<\/section>\n\t\t\t\t<\/div>","protected":false},"excerpt":{"rendered":"<p>Zad\u00fan, a Ritz Carlton Reserve Nombre de Proyecto Zad\u00fan, a Ritz Carlton Reserve Estatus del Proyecto Construido A\u00f1o 2017 Ubicaci\u00f3n Los Cabos, Baja California Sur Tipolog\u00eda Hospitalidad Proyecto por ABAX \u00c1rea Construida 29,000 m\u00b2 Descripci\u00f3n El hotel se ubica en un predio de aproximadamente 9 hect\u00e1reas y cuenta con 115 llaves, destacando la Grand Reserve [&hellip;]<\/p>","protected":false},"author":1,"featured_media":0,"parent":5920,"menu_order":0,"comment_status":"closed","ping_status":"closed","template":"","meta":{"footnotes":""},"class_list":["post-1087","page","type-page","status-publish","hentry"],"_links":{"self":[{"href":"https:\/\/tahr.mx\/en\/wp-json\/wp\/v2\/pages\/1087","targetHints":{"allow":["GET"]}}],"collection":[{"href":"https:\/\/tahr.mx\/en\/wp-json\/wp\/v2\/pages"}],"about":[{"href":"https:\/\/tahr.mx\/en\/wp-json\/wp\/v2\/types\/page"}],"author":[{"embeddable":true,"href":"https:\/\/tahr.mx\/en\/wp-json\/wp\/v2\/users\/1"}],"replies":[{"embeddable":true,"href":"https:\/\/tahr.mx\/en\/wp-json\/wp\/v2\/comments?post=1087"}],"version-history":[{"count":80,"href":"https:\/\/tahr.mx\/en\/wp-json\/wp\/v2\/pages\/1087\/revisions"}],"predecessor-version":[{"id":9236,"href":"https:\/\/tahr.mx\/en\/wp-json\/wp\/v2\/pages\/1087\/revisions\/9236"}],"up":[{"embeddable":true,"href":"https:\/\/tahr.mx\/en\/wp-json\/wp\/v2\/pages\/5920"}],"wp:attachment":[{"href":"https:\/\/tahr.mx\/en\/wp-json\/wp\/v2\/media?parent=1087"}],"curies":[{"name":"wp","href":"https:\/\/api.w.org\/{rel}","templated":true}]}}